{"id":1497,"date":"2014-06-23T14:36:48","date_gmt":"2014-06-23T12:36:48","guid":{"rendered":"http:\/\/www.santinifuni.com\/azienda\/certificati\/"},"modified":"2018-09-05T12:41:17","modified_gmt":"2018-09-05T10:41:17","slug":"certificates","status":"publish","type":"page","link":"https:\/\/www.santinifuni.com\/en\/steel-wire-rope-suppliers\/certificates\/","title":{"rendered":"Certificates"},"content":{"rendered":"<p>[vc_row][vc_column][vc_column_text]Our wire ropes come with an \u201cEC\u201d Declaration of Conformity in compliance with the community directive on machines 2006\/42\/EC and with a 3.1 type inspection document according to UNI EN 10204:2005. We can provide the certifications by qualified authorities (RINA, Lloyd\u2019s, etc.) regarding the product specifications (chemical analysis, breaking force, etc.) on request.\u00a0SANTINI FUNI Srl est certifi\u00e9e ISO 9001 depuis le 6 d\u00e9cembre 2016, num\u00e9ro d\u2019enregistrement 66Q18096 publi\u00e9 par UKAS MANAGEMENT SYSTEMS de Londres.<\/p>\n<p>European reference standards:<\/p>\n<h2>UNI EN 12385-4:2004<\/h2>\n<p>Steel wire ropes &#8211; Safety (Part 4: 3-stranded wire ropes for general lifting purposes). This standard sets out the technical specifications for our products, such as the resistance levels, wire rope construction, lubrication, diameter tolerance, minimum breaking force and relevant calculation coefficients.<\/p>\n<br \/>\n<h2>UNI EN 10264-2:2004<\/h2>\n<p>Steel wire for wire ropes. This standard specifies the galvanisation grade for wire in steel wire ropes. Two classes are currently defined, A and B. We can conduct chemical gravimetric analyses to guarantee the class of our products (analysis method in compliance with EN 1460:1997).<\/p>\n<br \/>\n<h2>UNI EN 13411-3:2009<\/h2>\n<p>Steel wire rope terminations. This standard defines the specifications for aluminium alloy ferrules used to manufacture fixed eye bolts.<\/p>\n<br \/>\n<h2>UNI EN 10204:2005<\/h2>\n<p>Types of inspection documents. We issue a 3.1 type inspection certificate for each one of our wire ropes in compliance with this standard. The 3.1 type certificate is issued on the basis of the manufacturer\u2019s certificate and envisages the presence of a system of product traceability.<\/p>\n<h2>ISO 9001<\/h2>\n<div class=\"wpb_single_image wpb_content_element vc_align_left\">\n<figure class=\"wpb_wrapper vc_figure\">\n<div class=\"vc_single_image-wrapper vc_box_border_grey\"><img decoding=\"async\" class=\"vc_single_image-img attachment-thumbnail alignleft\" src=\"http:\/\/www.santinifuni.com\/wp-content\/uploads\/2014\/06\/ISO_9001_COLOUR_NORMAL_UKAS.png\" alt=\"\" width=\"90\" height=\"57\" \/><\/div>\n<\/figure>\n<br \/>\n<br \/>\n<p>SANTINI FUNI Srl is ISO 9001 certified since the 6th December 2016, Registration n\u00b0. 66Q18096 released by UKAS MANAGEMENT SYSTEMS of London.<\/p>\n<\/div>\n[\/vc_column_text][\/vc_column][\/vc_row][vc_row][vc_column width=&#8221;1\/2&#8243;][vc_column_text css=&#8221;.vc_custom_1429024413940{margin-bottom: 10px !important;}&#8221;]\n<h3>CONTROL CERTIFICATE\u00a03.1<\/h3>\n[\/vc_column_text][vc_single_image image=&#8221;840&#8243; img_size=&#8221;553&#215;782&#8243; alignment=&#8221;right&#8221; style=&#8221;vc_box_outline&#8221; border_color=&#8221;mulled_wine&#8221;][\/vc_column][\/vc_row]\n","protected":false},"excerpt":{"rendered":"<p>[vc_row][vc_column][vc_column_text]Our wire ropes come with an \u201cEC\u201d Declaration of Conformity in compliance with the community directive on machines 2006\/42\/EC and with a 3.1 type inspection document according to UNI EN 10204:2005. We can provide the certifications by qualified authorities (RINA, Lloyd\u2019s, etc.) regarding the product specifications (chemical analysis, breaking force, etc.) on request.\u00a0SANTINI FUNI Srl&#8230;<\/p>\n","protected":false},"author":1,"featured_media":0,"parent":1494,"menu_order":0,"comment_status":"closed","ping_status":"closed","template":"","meta":{"footnotes":""},"class_list":["post-1497","page","type-page","status-publish","hentry"],"aioseo_notices":[],"_links":{"self":[{"href":"https:\/\/www.santinifuni.com\/en\/wp-json\/wp\/v2\/pages\/1497"}],"collection":[{"href":"https:\/\/www.santinifuni.com\/en\/wp-json\/wp\/v2\/pages"}],"about":[{"href":"https:\/\/www.santinifuni.com\/en\/wp-json\/wp\/v2\/types\/page"}],"author":[{"embeddable":true,"href":"https:\/\/www.santinifuni.com\/en\/wp-json\/wp\/v2\/users\/1"}],"replies":[{"embeddable":true,"href":"https:\/\/www.santinifuni.com\/en\/wp-json\/wp\/v2\/comments?post=1497"}],"version-history":[{"count":0,"href":"https:\/\/www.santinifuni.com\/en\/wp-json\/wp\/v2\/pages\/1497\/revisions"}],"up":[{"embeddable":true,"href":"https:\/\/www.santinifuni.com\/en\/wp-json\/wp\/v2\/pages\/1494"}],"wp:attachment":[{"href":"https:\/\/www.santinifuni.com\/en\/wp-json\/wp\/v2\/media?parent=1497"}],"curies":[{"name":"wp","href":"https:\/\/api.w.org\/{rel}","templated":true}]}}