{"id":1590,"date":"2014-06-25T16:57:43","date_gmt":"2014-06-25T14:57:43","guid":{"rendered":"http:\/\/www.santinifuni.com\/prodotti\/funi-per-le-linee-vita\/"},"modified":"2015-04-23T14:26:39","modified_gmt":"2015-04-23T12:26:39","slug":"lifeline-wire-ropes","status":"publish","type":"page","link":"https:\/\/www.santinifuni.com\/en\/wire-ropes-for-sale\/lifeline-wire-ropes\/","title":{"rendered":"Lifeline wire ropes"},"content":{"rendered":"<p>[vc_row][vc_column width=&#8221;1\/1&#8243;][vc_column_text]To make lifelines usually are applied AISI-316 stainless steel wire ropes 1\u00d719, 7\u00d77 or 7\u00d719, \u00d8 8 and 10 mm.[\/vc_column_text][\/vc_column][\/vc_row][vc_row][vc_column width=&#8221;1\/4&#8243;][vc_single_image border_color=&#8221;grey&#8221; img_link_target=&#8221;_self&#8221; img_size=&#8221;150&#215;150&#8243; alignment=&#8221;right&#8221; image=&#8221;1047&#8243;][\/vc_column][vc_column width=&#8221;3\/4&#8243;][vc_custom_heading text=&#8221;1&#215;19 Stainless steel&#8221; font_container=&#8221;tag:h2|text_align:left&#8221; google_fonts=&#8221;font_family:Open%20Sans%3A300%2C300italic%2Cregular%2Citalic%2C600%2C600italic%2C700%2C700italic%2C800%2C800italic|font_style:400%20regular%3A400%3Anormal&#8221;][vc_column_text]AISI-316 stainless steel wire rope, consisting of a single 19 wires strand. A rather rigid rope, with high breaking force, suitable for the construction of linear stretches. Resistance class 1570 N\/mm2[\/vc_column_text][vc_row_inner css=&#8221;.vc_custom_1416321041070{margin-top: -50px !important;}&#8221;][vc_column_inner width=&#8221;2\/3&#8243;][\/vc_column_inner][vc_column_inner width=&#8221;1\/3&#8243;][vc_button2 title=&#8221;Technical datas&#8221; style=&#8221;rounded&#8221; color=&#8221;green&#8221; size=&#8221;sm&#8221; link=&#8221;url:%2Fen%2Fproducts%2Fstainless-steel-wire-rope-aisi-316-1&#215;19%2F|title:Stainless%20steel%20wire%20rope%20AISI-316%2C%201%C3%9719|&#8221; align=&#8221;inline&#8221;][\/vc_column_inner][\/vc_row_inner][\/vc_column][\/vc_row][vc_row][vc_column width=&#8221;1\/1&#8243;][vc_separator color=&#8221;green&#8221;][\/vc_column][\/vc_row][vc_row][vc_column width=&#8221;1\/4&#8243;][vc_single_image border_color=&#8221;grey&#8221; img_link_target=&#8221;_self&#8221; img_size=&#8221;150&#215;150&#8243; alignment=&#8221;center&#8221; image=&#8221;1048&#8243;][\/vc_column][vc_column width=&#8221;3\/4&#8243;][vc_custom_heading text=&#8221;7&#215;7 Stainless steel&#8221; font_container=&#8221;tag:h2|text_align:left&#8221; google_fonts=&#8221;font_family:Open%20Sans%3A300%2C300italic%2Cregular%2Citalic%2C600%2C600italic%2C700%2C700italic%2C800%2C800italic|font_style:400%20regular%3A400%3Anormal&#8221;][vc_column_text]AISI-316 stainless steel rope, consisting of 7 strands each with 7 wires. Rope with average flexibility and load capacity. Resistance class 1570 N\/mm2[\/vc_column_text][vc_row_inner css=&#8221;.vc_custom_1416321041070{margin-top: -50px !important;}&#8221;][vc_column_inner width=&#8221;2\/3&#8243;][\/vc_column_inner][vc_column_inner width=&#8221;1\/3&#8243;][vc_button2 title=&#8221;Technical datas&#8221; style=&#8221;rounded&#8221; color=&#8221;green&#8221; size=&#8221;sm&#8221; link=&#8221;url:%2Fen%2Fproducts%2Fstainless-steel-wire-rope-aisi-316-7&#215;7%2F|title:Stainless%20steel%20wire%20rope%20AISI-316%2C%207%C3%977|&#8221; align=&#8221;inline&#8221;][\/vc_column_inner][\/vc_row_inner][\/vc_column][\/vc_row][vc_row][vc_column width=&#8221;1\/1&#8243;][vc_separator color=&#8221;green&#8221;][\/vc_column][\/vc_row][vc_row][vc_column width=&#8221;1\/4&#8243;][vc_single_image border_color=&#8221;grey&#8221; img_link_target=&#8221;_self&#8221; img_size=&#8221;150&#215;150&#8243; alignment=&#8221;center&#8221; image=&#8221;1049&#8243;][\/vc_column][vc_column width=&#8221;3\/4&#8243;][vc_custom_heading text=&#8221;7&#215;19 Stainless steel&#8221; font_container=&#8221;tag:h2|text_align:left&#8221; google_fonts=&#8221;font_family:Open%20Sans%3A300%2C300italic%2Cregular%2Citalic%2C600%2C600italic%2C700%2C700italic%2C800%2C800italic|font_style:400%20regular%3A400%3Anormal&#8221;][vc_column_text]AISI-316 stainless steel rope, consisting of 7 strands each with 19 wires. A very flexible rope suitable for use on pulleys, and easy to bend to make eyes. Resistance class 1570 N\/mm2[\/vc_column_text][vc_row_inner css=&#8221;.vc_custom_1416321041070{margin-top: -50px !important;}&#8221;][vc_column_inner width=&#8221;2\/3&#8243;][\/vc_column_inner][vc_column_inner width=&#8221;1\/3&#8243;][vc_button2 title=&#8221;Technical datas&#8221; style=&#8221;rounded&#8221; color=&#8221;green&#8221; size=&#8221;sm&#8221; link=&#8221;url:%2Fen%2Fproducts%2Fstainless-steel-wire-rope-aisi-316-7&#215;19%2F|title:Stainless%20steel%20wire%20rope%20AISI-316%2C%207%C3%9719|&#8221; align=&#8221;inline&#8221;][\/vc_column_inner][\/vc_row_inner][\/vc_column][\/vc_row]\n","protected":false},"excerpt":{"rendered":"<p>[vc_row][vc_column width=&#8221;1\/1&#8243;][vc_column_text]To make lifelines usually are applied AISI-316 stainless steel wire ropes 1\u00d719, 7\u00d77 or 7\u00d719, \u00d8 8 and 10 mm.[\/vc_column_text][\/vc_column][\/vc_row][vc_row][vc_column width=&#8221;1\/4&#8243;][vc_single_image border_color=&#8221;grey&#8221; img_link_target=&#8221;_self&#8221; img_size=&#8221;150&#215;150&#8243; alignment=&#8221;right&#8221; image=&#8221;1047&#8243;][\/vc_column][vc_column width=&#8221;3\/4&#8243;][vc_custom_heading text=&#8221;1&#215;19 Stainless steel&#8221; font_container=&#8221;tag:h2|text_align:left&#8221; google_fonts=&#8221;font_family:Open%20Sans%3A300%2C300italic%2Cregular%2Citalic%2C600%2C600italic%2C700%2C700italic%2C800%2C800italic|font_style:400%20regular%3A400%3Anormal&#8221;][vc_column_text]AISI-316 stainless steel wire rope, consisting of a single 19 wires strand. A rather rigid rope, with high breaking force, suitable for the&#8230;<\/p>\n","protected":false},"author":1,"featured_media":0,"parent":1512,"menu_order":0,"comment_status":"closed","ping_status":"closed","template":"","meta":{"footnotes":""},"class_list":["post-1590","page","type-page","status-publish","hentry"],"aioseo_notices":[],"_links":{"self":[{"href":"https:\/\/www.santinifuni.com\/en\/wp-json\/wp\/v2\/pages\/1590"}],"collection":[{"href":"https:\/\/www.santinifuni.com\/en\/wp-json\/wp\/v2\/pages"}],"about":[{"href":"https:\/\/www.santinifuni.com\/en\/wp-json\/wp\/v2\/types\/page"}],"author":[{"embeddable":true,"href":"https:\/\/www.santinifuni.com\/en\/wp-json\/wp\/v2\/users\/1"}],"replies":[{"embeddable":true,"href":"https:\/\/www.santinifuni.com\/en\/wp-json\/wp\/v2\/comments?post=1590"}],"version-history":[{"count":0,"href":"https:\/\/www.santinifuni.com\/en\/wp-json\/wp\/v2\/pages\/1590\/revisions"}],"up":[{"embeddable":true,"href":"https:\/\/www.santinifuni.com\/en\/wp-json\/wp\/v2\/pages\/1512"}],"wp:attachment":[{"href":"https:\/\/www.santinifuni.com\/en\/wp-json\/wp\/v2\/media?parent=1590"}],"curies":[{"name":"wp","href":"https:\/\/api.w.org\/{rel}","templated":true}]}}