{"id":1484,"date":"2014-06-23T14:49:33","date_gmt":"2014-06-23T12:49:33","guid":{"rendered":"http:\/\/www.santinifuni.com\/home-2\/"},"modified":"2018-09-05T13:04:17","modified_gmt":"2018-09-05T11:04:17","slug":"home","status":"publish","type":"page","link":"https:\/\/www.santinifuni.com\/es\/","title":{"rendered":"HOME"},"content":{"rendered":"<p>[vc_row][vc_column][vc_column_text css=&#8221;.vc_custom_1419932544054{margin-bottom: -3px !important;}&#8221;]\n<h1 style=\"text-align: center;\">Santini Funi Srl<\/h1>\n[\/vc_column_text][vc_separator color=&#8221;mulled_wine&#8221; el_width=&#8221;50&#8243;][vc_column_text css=&#8221;.vc_custom_1429628666574{margin-top: -30px !important;margin-bottom: 20px !important;}&#8221;]\n<h5 style=\"text-align: center;\">Desde 1990 vendemos cables de acero<\/h5>\n<br \/>\n<p style=\"text-align: justify;\">Santini Funi Srl comercializa cables de acero desde 1990. En este per\u00edodo hemos adquirido las habilidades necesarias para satisfacer todas las necesidades de nuestros clientes y recomendar los mejores productos y soluciones para todas las necesidades en lo que respecta a la elevaci\u00f3n y a los trabajos con cables de acero. Estamos ubicados en la provincia de B\u00e9rgamo, a pocos minutos de la salida Dalmine (A4), cerca de las principales v\u00edas de Lombard\u00eda.<\/p>\n[\/vc_column_text][vc_single_image image=&#8221;2620&#8243;][vc_column_text css=&#8221;.vc_custom_1491819880595{margin-top: -30px !important;margin-bottom: 20px !important;}&#8221;]\n<p style=\"text-align: left;\">SANTINI FUNI Srl est\u00e1 certificada ISO 9001 desde el 6 diciembre 2016, n\u00famero de registro 66Q18096 emitido por UKAS MANAGEMENT SYSTEMS de Londres.<\/p>\n[\/vc_column_text][\/vc_column][\/vc_row][vc_row bg_type=&#8221;bg_color&#8221; bg_override=&#8221;full&#8221; css=&#8221;.vc_custom_1424341247640{padding-top: 50px !important;padding-bottom: 50px !important;}&#8221; bg_color_value=&#8221;#f7f7f7&#8243;][vc_column width=&#8221;1\/3&#8243;][vc_custom_heading text=&#8221;Flexibilidad&#8221; font_container=&#8221;tag:h4|text_align:center|color:%23ffffff|line_height:2&#8243; google_fonts=&#8221;font_family:Open%20Sans%3A300%2C300italic%2Cregular%2Citalic%2C600%2C600italic%2C700%2C700italic%2C800%2C800italic|font_style:400%20regular%3A400%3Anormal&#8221; css=&#8221;.vc_custom_1429628689181{padding-top: 3px !important;background-color: #243647 !important;}&#8221;][vc_column_text css=&#8221;.vc_custom_1429628736363{padding-right: 15px !important;padding-left: 10px !important;}&#8221;]\n<p style=\"text-align: justify;\">Estamos en condiciones de ofrecer un servicio r\u00e1pido y eficiente, gracias a una estructura flexible que permite satisfacer las necesidades de todos nuestros clientes en un tiempo muy corto. Puede contactar con nosotros por tel\u00e9fono para obtener un presupuesto o enviar un correo electr\u00f3nico, al cual responderemos en cuesti\u00f3n de minutos.<\/p>\n[\/vc_column_text][\/vc_column][vc_column width=&#8221;1\/3&#8243;][vc_custom_heading text=&#8221;Entrega r\u00e1pida&#8221; font_container=&#8221;tag:h4|text_align:center|color:%23ffffff|line_height:2&#8243; google_fonts=&#8221;font_family:Open%20Sans%3A300%2C300italic%2Cregular%2Citalic%2C600%2C600italic%2C700%2C700italic%2C800%2C800italic|font_style:400%20regular%3A400%3Anormal&#8221; css=&#8221;.vc_custom_1496929577839{padding-top: 3px !important;background-color: #243647 !important;}&#8221;][vc_column_text css=&#8221;.vc_custom_1429628756964{padding-right: 12px !important;padding-left: 12px !important;}&#8221;]\n<p style=\"text-align: justify;\">Tenemos un almac\u00e9n repleto de una amplia gama de productos en stock, podemos cumplir con todos los pedidos r\u00e1pidamente. Adem\u00e1s, en el caso de que no tengamos los productos necesarios en nuestra oficina, podemos obtenerlos del amplio stock de nuestro socio alem\u00e1n, a los pocos d\u00edas.<\/p>\n[\/vc_column_text][\/vc_column][vc_column width=&#8221;1\/3&#8243;][vc_custom_heading text=&#8221;Calidad&#8221; font_container=&#8221;tag:h4|text_align:center|color:%23ffffff|line_height:2&#8243; google_fonts=&#8221;font_family:Open%20Sans%3A300%2C300italic%2Cregular%2Citalic%2C600%2C600italic%2C700%2C700italic%2C800%2C800italic|font_style:400%20regular%3A400%3Anormal&#8221; css=&#8221;.vc_custom_1496929591810{padding-top: 3px !important;background-color: #243647 !important;}&#8221;][vc_column_text css=&#8221;.vc_custom_1429628778811{padding-right: 10px !important;padding-left: 15px !important;}&#8221;]\n<p style=\"text-align: justify;\">Nuestros cables est\u00e1n acompa\u00f1ados por la declaraci\u00f3n de conformidad &#8220;CE&#8221; de acuerdo con la Directiva Comunitaria 2006\/42\/CE, a petici\u00f3n podemos producir certificaciones de entidades habilitadas (RINA, Lloyd\u2019s, etc&#8230;) sobre las caracter\u00edsticas del producto (an\u00e1lisis qu\u00edmico, carga de rotura, etc\u2026).<\/p>\n[\/vc_column_text][\/vc_column][\/vc_row][vc_row css=&#8221;.vc_custom_1424790820168{margin-top: 30px !important;}&#8221;][vc_column width=&#8221;1\/3&#8243; css=&#8221;.vc_custom_1424341748374{margin-top: 20px !important;}&#8221;][vc_separator color=&#8221;mulled_wine&#8221;][\/vc_column][vc_column width=&#8221;1\/3&#8243;][vc_custom_heading text=&#8221;Los cables de acero m\u00e1s demandados:&#8221; font_container=&#8221;tag:h3|font_size:25|text_align:center|color:%23000000&#8243; google_fonts=&#8221;font_family:Open%20Sans%3A300%2C300italic%2Cregular%2Citalic%2C600%2C600italic%2C700%2C700italic%2C800%2C800italic|font_style:300%20light%20regular%3A300%3Anormal&#8221;][\/vc_column][vc_column width=&#8221;1\/3&#8243; css=&#8221;.vc_custom_1424341764964{margin-top: 20px !important;}&#8221;][vc_separator color=&#8221;mulled_wine&#8221;][\/vc_column][\/vc_row][vc_row][vc_column width=&#8221;1\/6&#8243;]\n<div id=\"interactive-banner-1-wrap-1220\" class=\"ult-banner-block ult-adjust-bottom-margin ult-bb-box  banner-style01 \"   style=\"\">\n\t<img decoding=\"async\" src=\"https:\/\/www.santinifuni.com\/wp-content\/uploads\/2015\/01\/miniatura-6x7-AM.png\" alt=\"miniatura-6x7-AM\">\n\t<h3  data-ultimate-target='#interactive-banner-1-wrap-1220 .bb-top-title '  data-responsive-json-new='{\"font-size\":\"\",\"line-height\":\"\"}'  class=\"title-center bb-top-title ult-responsive\" style=\"font-family:&#039;Open Sans&#039;;font-weight:700;background:#263849;color:#ffffff;\">6x7<\/h3>\n\t<div class=\"mask opaque-background\" style=\"background:rgba(36,36,36,0.01);\">\n\t\t<div  data-ultimate-target='#interactive-banner-1-wrap-1220 .bb-description'  data-responsive-json-new='{\"font-size\":\"\",\"line-height\":\"\"}'  class=\"bb-description ult-responsive\" style=\"font-weight:normal;color:#ffffff;\"><\/div>\n\t<\/div><a class=\"bb-link\" href=\"\/es\/productos\/fune-acciaio-zincato-6x7\/\" title=\"Cable de acero galvanizado, 6\u00d77+FC\/SC\" ><\/a>\n<\/div>[\/vc_column][vc_column width=&#8221;1\/6&#8243;]\n<div id=\"interactive-banner-1-wrap-5887\" class=\"ult-banner-block ult-adjust-bottom-margin ult-bb-box  banner-style01 \"   style=\"\">\n\t<img decoding=\"async\" src=\"https:\/\/www.santinifuni.com\/wp-content\/uploads\/2015\/01\/miniatura-6x19-AT.png\" alt=\"miniatura-6x19-AT\">\n\t<h3  data-ultimate-target='#interactive-banner-1-wrap-5887 .bb-top-title '  data-responsive-json-new='{\"font-size\":\"\",\"line-height\":\"\"}'  class=\"title-center bb-top-title ult-responsive\" style=\"font-family:&#039;Open Sans&#039;;font-weight:700;background:#263849;color:#ffffff;\">6x19<\/h3>\n\t<div class=\"mask opaque-background\" style=\"background:rgba(36,36,36,0.01);\">\n\t\t<div  data-ultimate-target='#interactive-banner-1-wrap-5887 .bb-description'  data-responsive-json-new='{\"font-size\":\"\",\"line-height\":\"\"}'  class=\"bb-description ult-responsive\" style=\"font-weight:normal;color:#ffffff;\"><\/div>\n\t<\/div><a class=\"bb-link\" href=\"\/es\/productos\/cable-de-acero-galvanizado-6x19fcsc\/\" title=\"Cable de acero galvanizado, 6\u00d719+FC\/SC\" ><\/a>\n<\/div>[\/vc_column][vc_column width=&#8221;1\/6&#8243;]\n<div id=\"interactive-banner-1-wrap-8787\" class=\"ult-banner-block ult-adjust-bottom-margin ult-bb-box  banner-style01 \"   style=\"\">\n\t<img decoding=\"async\" src=\"https:\/\/www.santinifuni.com\/wp-content\/uploads\/2014\/11\/miniatura-6x36-AT.png\" alt=\"miniatura-6x36+AT\">\n\t<h3  data-ultimate-target='#interactive-banner-1-wrap-8787 .bb-top-title '  data-responsive-json-new='{\"font-size\":\"\",\"line-height\":\"\"}'  class=\"title-center bb-top-title ult-responsive\" style=\"font-family:&#039;Open Sans&#039;;font-weight:700;background:#263849;color:#ffffff;\">6x36 WS<\/h3>\n\t<div class=\"mask opaque-background\" style=\"background:rgba(36,36,36,0.01);\">\n\t\t<div  data-ultimate-target='#interactive-banner-1-wrap-8787 .bb-description'  data-responsive-json-new='{\"font-size\":\"\",\"line-height\":\"\"}'  class=\"bb-description ult-responsive\" style=\"font-weight:normal;color:#ffffff;\"><\/div>\n\t<\/div><a class=\"bb-link\" href=\"\/es\/productos\/cable-en-acero-galvanizado-6x36ws-fciwrc\/\" title=\"Cable de acero galvanizado  6x36WS + FC\/IWRC.\" ><\/a>\n<\/div>[\/vc_column][vc_column width=&#8221;1\/6&#8243;]\n<div id=\"interactive-banner-1-wrap-6641\" class=\"ult-banner-block ult-adjust-bottom-margin ult-bb-box  banner-style01 \"   style=\"\">\n\t<img decoding=\"async\" src=\"https:\/\/www.santinifuni.com\/wp-content\/uploads\/2014\/06\/miniatura-1x19-inox.png\" alt=\"miniatura-1x19-inox\">\n\t<h3  data-ultimate-target='#interactive-banner-1-wrap-6641 .bb-top-title '  data-responsive-json-new='{\"font-size\":\"\",\"line-height\":\"\"}'  class=\"title-center bb-top-title ult-responsive\" style=\"font-family:&#039;Open Sans&#039;;font-weight:700;background:#263849;color:#ffffff;\">1x19 INOX<\/h3>\n\t<div class=\"mask opaque-background\" style=\"background:rgba(36,36,36,0.01);\">\n\t\t<div  data-ultimate-target='#interactive-banner-1-wrap-6641 .bb-description'  data-responsive-json-new='{\"font-size\":\"\",\"line-height\":\"\"}'  class=\"bb-description ult-responsive\" style=\"font-weight:normal;color:#ffffff;\"><\/div>\n\t<\/div><a class=\"bb-link\" href=\"\/es\/productos\/cable-de-acero-inoxidable-aisi-316-1x19\/\" title=\"Cable de acero inoxidable AISI-316, 1\u00d719\" ><\/a>\n<\/div>[\/vc_column][vc_column width=&#8221;1\/6&#8243;]\n<div id=\"interactive-banner-1-wrap-6193\" class=\"ult-banner-block ult-adjust-bottom-margin ult-bb-box  banner-style01 \"   style=\"\">\n\t<img decoding=\"async\" src=\"https:\/\/www.santinifuni.com\/wp-content\/uploads\/2014\/06\/miniatura-7x7-inox.png\" alt=\"miniatura-7x7-inox\">\n\t<h3  data-ultimate-target='#interactive-banner-1-wrap-6193 .bb-top-title '  data-responsive-json-new='{\"font-size\":\"\",\"line-height\":\"\"}'  class=\"title-center bb-top-title ult-responsive\" style=\"font-family:&#039;Open Sans&#039;;font-weight:700;background:#263849;color:#ffffff;\">7x7 INOX<\/h3>\n\t<div class=\"mask opaque-background\" style=\"background:rgba(36,36,36,0.01);\">\n\t\t<div  data-ultimate-target='#interactive-banner-1-wrap-6193 .bb-description'  data-responsive-json-new='{\"font-size\":\"\",\"line-height\":\"\"}'  class=\"bb-description ult-responsive\" style=\"font-weight:normal;color:#ffffff;\"><\/div>\n\t<\/div><a class=\"bb-link\" href=\"\/es\/productos\/cable-de-acero-inoxidable-aisi-316-7x7\/\" title=\"Cable de acero inoxidable AISI-316, 7\u00d77\" ><\/a>\n<\/div>[\/vc_column][vc_column width=&#8221;1\/6&#8243;]\n<div id=\"interactive-banner-1-wrap-2321\" class=\"ult-banner-block ult-adjust-bottom-margin ult-bb-box  banner-style01 \"   style=\"\">\n\t<img decoding=\"async\" src=\"https:\/\/www.santinifuni.com\/wp-content\/uploads\/2014\/06\/miniatura-7x19-inox.png\" alt=\"miniatura-7x19-inox\">\n\t<h3  data-ultimate-target='#interactive-banner-1-wrap-2321 .bb-top-title '  data-responsive-json-new='{\"font-size\":\"\",\"line-height\":\"\"}'  class=\"title-center bb-top-title ult-responsive\" style=\"font-family:&#039;Open Sans&#039;;font-weight:700;background:#263849;color:#ffffff;\">7x19 INOX<\/h3>\n\t<div class=\"mask opaque-background\" style=\"background:rgba(36,36,36,0.01);\">\n\t\t<div  data-ultimate-target='#interactive-banner-1-wrap-2321 .bb-description'  data-responsive-json-new='{\"font-size\":\"\",\"line-height\":\"\"}'  class=\"bb-description ult-responsive\" style=\"font-weight:normal;color:#ffffff;\"><\/div>\n\t<\/div><a class=\"bb-link\" href=\"\/es\/productos\/cable-de-acero-inoxidable-aisi-316-7x19\/\" title=\"Cable de acero inoxidable AISI-316, 7\u00d719\" ><\/a>\n<\/div>[\/vc_column][\/vc_row]\n","protected":false},"excerpt":{"rendered":"<p>[vc_row][vc_column][vc_column_text css=&#8221;.vc_custom_1419932544054{margin-bottom: -3px !important;}&#8221;] Santini Funi Srl [\/vc_column_text][vc_separator color=&#8221;mulled_wine&#8221; el_width=&#8221;50&#8243;][vc_column_text css=&#8221;.vc_custom_1429628666574{margin-top: -30px !important;margin-bottom: 20px !important;}&#8221;] Desde 1990 vendemos cables de acero Santini Funi Srl comercializa cables de acero desde 1990. En este per\u00edodo hemos adquirido las habilidades necesarias para satisfacer todas las necesidades de nuestros clientes y recomendar los mejores productos y soluciones para todas&#8230;<\/p>\n","protected":false},"author":1,"featured_media":0,"parent":0,"menu_order":0,"comment_status":"closed","ping_status":"closed","template":"","meta":{"footnotes":""},"class_list":["post-1484","page","type-page","status-publish","hentry"],"aioseo_notices":[],"_links":{"self":[{"href":"https:\/\/www.santinifuni.com\/es\/wp-json\/wp\/v2\/pages\/1484"}],"collection":[{"href":"https:\/\/www.santinifuni.com\/es\/wp-json\/wp\/v2\/pages"}],"about":[{"href":"https:\/\/www.santinifuni.com\/es\/wp-json\/wp\/v2\/types\/page"}],"author":[{"embeddable":true,"href":"https:\/\/www.santinifuni.com\/es\/wp-json\/wp\/v2\/users\/1"}],"replies":[{"embeddable":true,"href":"https:\/\/www.santinifuni.com\/es\/wp-json\/wp\/v2\/comments?post=1484"}],"version-history":[{"count":0,"href":"https:\/\/www.santinifuni.com\/es\/wp-json\/wp\/v2\/pages\/1484\/revisions"}],"wp:attachment":[{"href":"https:\/\/www.santinifuni.com\/es\/wp-json\/wp\/v2\/media?parent=1484"}],"curies":[{"name":"wp","href":"https:\/\/api.w.org\/{rel}","templated":true}]}}