{"id":1567,"date":"2014-06-25T11:47:42","date_gmt":"2014-06-25T09:47:42","guid":{"rendered":"http:\/\/www.santinifuni.com\/prodotti\/funi-per-il-sollevamento\/"},"modified":"2015-04-27T10:14:00","modified_gmt":"2015-04-27T08:14:00","slug":"cables-para-la-elevacion","status":"publish","type":"page","link":"https:\/\/www.santinifuni.com\/es\/cables-para-la-elevacion\/","title":{"rendered":"Cables para la elevaci\u00f3n"},"content":{"rendered":"<p>[vc_row][vc_column width=&#8221;1\/1&#8243;][vc_column_text]Cables trenzados con alta flexibilidad. Buena resistencia a la abrasi\u00f3n. El alma de metal se compone de un tipo independiente de cable 6\u00d77+AM (IWRC: independent wire rope core). [\/vc_column_text][\/vc_column][\/vc_row][vc_row][vc_column width=&#8221;1\/4&#8243;][vc_single_image border_color=&#8221;grey&#8221; img_link_target=&#8221;_self&#8221; img_size=&#8221;150&#215;150&#8243; alignment=&#8221;right&#8221; image=&#8221;358&#8243;][\/vc_column][vc_column width=&#8221;3\/4&#8243;][vc_custom_heading text=&#8221;6&#215;36 Warrington Seale + FC\/IWRC&#8221; font_container=&#8221;tag:h2|text_align:left&#8221; google_fonts=&#8221;font_family:Open%20Sans%3A300%2C300italic%2Cregular%2Citalic%2C600%2C600italic%2C700%2C700italic%2C800%2C800italic|font_style:400%20regular%3A400%3Anormal&#8221;][vc_column_text]Cable de 6 hebras de 36 hilos cada una, con alma textil o de 49 hilos (IWRC 7\u00d77), por lo general con la clase de resistencia 1770 N\/mm2 o 1960 N\/mm2. Tipo de construcci\u00f3n Warrington-Seale. Disponible tanto en no galvanizado (generalmente m\u00e1s grueso) o galvanizado (fino).[\/vc_column_text][vc_row_inner css=&#8221;.vc_custom_1416321041070{margin-top: -50px !important;}&#8221;][vc_column_inner width=&#8221;2\/3&#8243;][\/vc_column_inner][vc_column_inner width=&#8221;1\/3&#8243;][vc_button2 title=&#8221;Ir a la ficha t\u00e9cnica&#8221; style=&#8221;rounded&#8221; color=&#8221;green&#8221; size=&#8221;sm&#8221; link=&#8221;url:%2Fes%2Fproductos%2Fcable-en-acero-galvanizado-6x36ws-fciwrc%2F|title:Cable%20de%20acero%20galvanizado%20%206x36WS%20%2B%20FC%2FIWRC.|&#8221; align=&#8221;inline&#8221;][\/vc_column_inner][\/vc_row_inner][\/vc_column][\/vc_row][vc_row][vc_column width=&#8221;1\/1&#8243;][vc_separator color=&#8221;green&#8221;][\/vc_column][\/vc_row][vc_row][vc_column width=&#8221;1\/4&#8243;][vc_single_image border_color=&#8221;grey&#8221; img_link_target=&#8221;_self&#8221; img_size=&#8221;150&#215;150&#8243; alignment=&#8221;center&#8221; image=&#8221;991&#8243;][\/vc_column][vc_column width=&#8221;3\/4&#8243;][vc_custom_heading text=&#8221;6&#215;37 + FC&#8221; font_container=&#8221;tag:h2|text_align:left&#8221; google_fonts=&#8221;font_family:Open%20Sans%3A300%2C300italic%2Cregular%2Citalic%2C600%2C600italic%2C700%2C700italic%2C800%2C800italic|font_style:400%20regular%3A400%3Anormal&#8221;][vc_column_text]Cable de 6 hebras de 37 hilos cada una, construcci\u00f3n est\u00e1ndar, s\u00f3lo con alma textil. Disponible tanto en no galvanizado como en galvanizado, con clase de resistencia 1770 N\/mm2. Es un cable muy flexible, disponible en di\u00e1metros de 8 mm a 40 mm.[\/vc_column_text][vc_row_inner css=&#8221;.vc_custom_1416321041070{margin-top: -50px !important;}&#8221;][vc_column_inner width=&#8221;2\/3&#8243;][\/vc_column_inner][vc_column_inner width=&#8221;1\/3&#8243;][vc_button2 title=&#8221;Ir a la ficha t\u00e9cnica&#8221; style=&#8221;rounded&#8221; color=&#8221;green&#8221; size=&#8221;sm&#8221; link=&#8221;url:%2Fes%2Fproductos%2Ffune-acciaio-zincato-6&#215;37%2F|title:Cable%20de%20acero%20galvanizado%206%C3%9737|&#8221; align=&#8221;inline&#8221;][\/vc_column_inner][\/vc_row_inner][\/vc_column][\/vc_row]\n","protected":false},"excerpt":{"rendered":"<p>[vc_row][vc_column width=&#8221;1\/1&#8243;][vc_column_text]Cables trenzados con alta flexibilidad. Buena resistencia a la abrasi\u00f3n. El alma de metal se compone de un tipo independiente de cable 6\u00d77+AM (IWRC: independent wire rope core). [\/vc_column_text][\/vc_column][\/vc_row][vc_row][vc_column width=&#8221;1\/4&#8243;][vc_single_image border_color=&#8221;grey&#8221; img_link_target=&#8221;_self&#8221; img_size=&#8221;150&#215;150&#8243; alignment=&#8221;right&#8221; image=&#8221;358&#8243;][\/vc_column][vc_column width=&#8221;3\/4&#8243;][vc_custom_heading text=&#8221;6&#215;36 Warrington Seale + FC\/IWRC&#8221; font_container=&#8221;tag:h2|text_align:left&#8221; google_fonts=&#8221;font_family:Open%20Sans%3A300%2C300italic%2Cregular%2Citalic%2C600%2C600italic%2C700%2C700italic%2C800%2C800italic|font_style:400%20regular%3A400%3Anormal&#8221;][vc_column_text]Cable de 6 hebras de 36 hilos cada una, con alma textil&#8230;<\/p>\n","protected":false},"author":1,"featured_media":0,"parent":0,"menu_order":0,"comment_status":"closed","ping_status":"closed","template":"","meta":{"footnotes":""},"class_list":["post-1567","page","type-page","status-publish","hentry"],"aioseo_notices":[],"_links":{"self":[{"href":"https:\/\/www.santinifuni.com\/es\/wp-json\/wp\/v2\/pages\/1567"}],"collection":[{"href":"https:\/\/www.santinifuni.com\/es\/wp-json\/wp\/v2\/pages"}],"about":[{"href":"https:\/\/www.santinifuni.com\/es\/wp-json\/wp\/v2\/types\/page"}],"author":[{"embeddable":true,"href":"https:\/\/www.santinifuni.com\/es\/wp-json\/wp\/v2\/users\/1"}],"replies":[{"embeddable":true,"href":"https:\/\/www.santinifuni.com\/es\/wp-json\/wp\/v2\/comments?post=1567"}],"version-history":[{"count":0,"href":"https:\/\/www.santinifuni.com\/es\/wp-json\/wp\/v2\/pages\/1567\/revisions"}],"wp:attachment":[{"href":"https:\/\/www.santinifuni.com\/es\/wp-json\/wp\/v2\/media?parent=1567"}],"curies":[{"name":"wp","href":"https:\/\/api.w.org\/{rel}","templated":true}]}}