{"id":1574,"date":"2014-06-25T16:53:13","date_gmt":"2014-06-25T14:53:13","guid":{"rendered":"http:\/\/www.santinifuni.com\/prodotti\/funi-per-ascensori\/"},"modified":"2015-04-27T10:14:58","modified_gmt":"2015-04-27T08:14:58","slug":"cables-para-ascensores","status":"publish","type":"page","link":"https:\/\/www.santinifuni.com\/es\/productos\/cables-para-ascensores\/","title":{"rendered":"Cables para ascensores"},"content":{"rendered":"<p>[vc_row][vc_column width=&#8221;1\/1&#8243;][vc_column_text]Cable adecuado para la construcci\u00f3n de equipos de elevaci\u00f3n y ascensores. Normalmente se suministran en pares, con bobinado de direcci\u00f3n opuesta. Cable con clase de resistencia 1.570 N\/mm2.[\/vc_column_text][\/vc_column][\/vc_row][vc_row][vc_column width=&#8221;1\/4&#8243;][vc_single_image border_color=&#8221;grey&#8221; img_link_target=&#8221;_self&#8221; img_size=&#8221;150&#215;150&#8243; alignment=&#8221;right&#8221; image=&#8221;869&#8243;][\/vc_column][vc_column width=&#8221;3\/4&#8243;][vc_custom_heading text=&#8221;6&#215;19 Seale + FC&#8221; font_container=&#8221;tag:h2|text_align:left&#8221; google_fonts=&#8221;font_family:Open%20Sans%3A300%2C300italic%2Cregular%2Citalic%2C600%2C600italic%2C700%2C700italic%2C800%2C800italic|font_style:400%20regular%3A400%3Anormal&#8221;][vc_column_text]Este cable est\u00e1 formado por 6 hebras exteriores de 19 hilos cada una, con un alma de fibra textil. Bobinado a la derecha o a la izquierda. Disponemos de cables de acero no galvanizado R.1570 N\/mm2.<br \/>\nLa mayor\u00eda de los di\u00e1metros comunes de 6 mm a 12 mm.<br \/>\n[\/vc_column_text][vc_row_inner css=&#8221;.vc_custom_1416321041070{margin-top: -50px !important;}&#8221;][vc_column_inner width=&#8221;2\/3&#8243;][\/vc_column_inner][vc_column_inner width=&#8221;1\/3&#8243;][vc_button2 title=&#8221;Ir a la ficha t\u00e9cnica&#8221; style=&#8221;rounded&#8221; color=&#8221;green&#8221; size=&#8221;sm&#8221; link=&#8221;url:%2Fes%2Fproductos%2Fcable-de-acero-no-galvanizado-6&#215;19-seale%2F|title:Cable%20de%20acero%20no%20galvanizado%206%C3%9719%20Seale|&#8221; align=&#8221;inline&#8221;][\/vc_column_inner][\/vc_row_inner][\/vc_column][\/vc_row][vc_row][vc_column width=&#8221;1\/1&#8243;][vc_separator color=&#8221;green&#8221;][\/vc_column][\/vc_row][vc_row][vc_column width=&#8221;1\/4&#8243;][vc_single_image border_color=&#8221;grey&#8221; img_link_target=&#8221;_self&#8221; img_size=&#8221;150&#215;150&#8243; alignment=&#8221;center&#8221; image=&#8221;1050&#8243;][\/vc_column][vc_column width=&#8221;3\/4&#8243;][vc_custom_heading text=&#8221;8&#215;19 Seale + FC&#8221; font_container=&#8221;tag:h2|text_align:left&#8221; google_fonts=&#8221;font_family:Open%20Sans%3A300%2C300italic%2Cregular%2Citalic%2C600%2C600italic%2C700%2C700italic%2C800%2C800italic|font_style:400%20regular%3A400%3Anormal&#8221;][vc_column_text]Este cable est\u00e1 formado por 8 hebras exteriores de 19 hilos cada una, con un n\u00facleo de fibra textil. Bobinado a la derecha o a la izquierda. Disponemos de cables de acero no galvanizado R.1570 N\/mm2.<br \/>\nLa mayor\u00eda de los di\u00e1metros comunes de 6 mm a 12 mm.<br \/>\n[\/vc_column_text][vc_row_inner css=&#8221;.vc_custom_1416321041070{margin-top: -50px !important;}&#8221;][vc_column_inner width=&#8221;2\/3&#8243;][\/vc_column_inner][vc_column_inner width=&#8221;1\/3&#8243;][vc_button2 title=&#8221;Ir a la ficha t\u00e9cnica&#8221; style=&#8221;rounded&#8221; color=&#8221;green&#8221; size=&#8221;sm&#8221; link=&#8221;url:%2Fes%2Fproductos%2Fcable-de-acero-no-galvanizado-8&#215;19-seale%2F|title:Cable%20de%20acero%20no%20galvanizado%208%C3%9719%20Seale|&#8221; align=&#8221;inline&#8221;][\/vc_column_inner][\/vc_row_inner][\/vc_column][\/vc_row]\n","protected":false},"excerpt":{"rendered":"<p>[vc_row][vc_column width=&#8221;1\/1&#8243;][vc_column_text]Cable adecuado para la construcci\u00f3n de equipos de elevaci\u00f3n y ascensores. Normalmente se suministran en pares, con bobinado de direcci\u00f3n opuesta. Cable con clase de resistencia 1.570 N\/mm2.[\/vc_column_text][\/vc_column][\/vc_row][vc_row][vc_column width=&#8221;1\/4&#8243;][vc_single_image border_color=&#8221;grey&#8221; img_link_target=&#8221;_self&#8221; img_size=&#8221;150&#215;150&#8243; alignment=&#8221;right&#8221; image=&#8221;869&#8243;][\/vc_column][vc_column width=&#8221;3\/4&#8243;][vc_custom_heading text=&#8221;6&#215;19 Seale + FC&#8221; font_container=&#8221;tag:h2|text_align:left&#8221; google_fonts=&#8221;font_family:Open%20Sans%3A300%2C300italic%2Cregular%2Citalic%2C600%2C600italic%2C700%2C700italic%2C800%2C800italic|font_style:400%20regular%3A400%3Anormal&#8221;][vc_column_text]Este cable est\u00e1 formado por 6 hebras exteriores de 19 hilos cada una, con&#8230;<\/p>\n","protected":false},"author":1,"featured_media":0,"parent":1540,"menu_order":0,"comment_status":"closed","ping_status":"closed","template":"","meta":{"footnotes":""},"class_list":["post-1574","page","type-page","status-publish","hentry"],"aioseo_notices":[],"_links":{"self":[{"href":"https:\/\/www.santinifuni.com\/es\/wp-json\/wp\/v2\/pages\/1574"}],"collection":[{"href":"https:\/\/www.santinifuni.com\/es\/wp-json\/wp\/v2\/pages"}],"about":[{"href":"https:\/\/www.santinifuni.com\/es\/wp-json\/wp\/v2\/types\/page"}],"author":[{"embeddable":true,"href":"https:\/\/www.santinifuni.com\/es\/wp-json\/wp\/v2\/users\/1"}],"replies":[{"embeddable":true,"href":"https:\/\/www.santinifuni.com\/es\/wp-json\/wp\/v2\/comments?post=1574"}],"version-history":[{"count":0,"href":"https:\/\/www.santinifuni.com\/es\/wp-json\/wp\/v2\/pages\/1574\/revisions"}],"up":[{"embeddable":true,"href":"https:\/\/www.santinifuni.com\/es\/wp-json\/wp\/v2\/pages\/1540"}],"wp:attachment":[{"href":"https:\/\/www.santinifuni.com\/es\/wp-json\/wp\/v2\/media?parent=1574"}],"curies":[{"name":"wp","href":"https:\/\/api.w.org\/{rel}","templated":true}]}}