{"id":1598,"date":"2014-06-26T11:36:44","date_gmt":"2014-06-26T09:36:44","guid":{"rendered":"http:\/\/www.santinifuni.com\/prodotti\/funi-per-trasmissioni-flessibili\/"},"modified":"2015-04-27T10:31:13","modified_gmt":"2015-04-27T08:31:13","slug":"cables-para-transmisiones-flexibles","status":"publish","type":"page","link":"https:\/\/www.santinifuni.com\/es\/productos\/cables-para-transmisiones-flexibles\/","title":{"rendered":"Cables para transmisiones flexibles"},"content":{"rendered":"<p>[vc_row][vc_column width=&#8221;1\/1&#8243;][vc_column_text]Cables para transmisiones flexibles: son robustos y duraderos, se utilizan, gracias a su flexibilidad especial, para la transmisi\u00f3n de movimientos rotativos y\/o de traslaci\u00f3n.[\/vc_column_text][\/vc_column][\/vc_row][vc_row][vc_column width=&#8221;1\/4&#8243;][vc_single_image border_color=&#8221;grey&#8221; img_link_target=&#8221;_self&#8221; img_size=&#8221;150&#215;150&#8243; alignment=&#8221;right&#8221; image=&#8221;1047&#8243;][\/vc_column][vc_column width=&#8221;3\/4&#8243;][vc_custom_heading text=&#8221;1&#215;19 Inoxidable&#8221; font_container=&#8221;tag:h2|text_align:left&#8221; google_fonts=&#8221;font_family:Open%20Sans%3A300%2C300italic%2Cregular%2Citalic%2C600%2C600italic%2C700%2C700italic%2C800%2C800italic|font_style:400%20regular%3A400%3Anormal&#8221;][vc_column_text]Cable de acero inoxidable AISI-316, formado a partir de una sola hebra con 19 hilos. Es bastante r\u00edgido y es adecuado para la transmisi\u00f3n de los controles mec\u00e1nicos, tales como en la producci\u00f3n de frenos para bicicletas. Como est\u00e1 hecho en acero inoxidable puede ser utilizado en ambientes h\u00famedos.[\/vc_column_text][vc_row_inner css=&#8221;.vc_custom_1416321041070{margin-top: -50px !important;}&#8221;][vc_column_inner width=&#8221;2\/3&#8243;][\/vc_column_inner][vc_column_inner width=&#8221;1\/3&#8243;][vc_button2 title=&#8221;Ir a la ficha t\u00e9cnica&#8221; style=&#8221;rounded&#8221; color=&#8221;green&#8221; size=&#8221;sm&#8221; link=&#8221;url:%2Fes%2Fproductos%2Fcable-de-acero-inoxidable-aisi-316-1&#215;19%2F|title:Cable%20de%20acero%20inoxidable%20AISI-316%2C%201%C3%9719|&#8221; align=&#8221;inline&#8221;][\/vc_column_inner][\/vc_row_inner][\/vc_column][\/vc_row][vc_row][vc_column width=&#8221;1\/1&#8243;][vc_separator color=&#8221;green&#8221;][\/vc_column][\/vc_row][vc_row][vc_column width=&#8221;1\/4&#8243;][vc_single_image border_color=&#8221;grey&#8221; img_link_target=&#8221;_self&#8221; img_size=&#8221;150&#215;150&#8243; alignment=&#8221;center&#8221; image=&#8221;1048&#8243;][\/vc_column][vc_column width=&#8221;3\/4&#8243;][vc_custom_heading text=&#8221;7&#215;7 Inoxidable&#8221; font_container=&#8221;tag:h2|text_align:left&#8221; google_fonts=&#8221;font_family:Open%20Sans%3A300%2C300italic%2Cregular%2Citalic%2C600%2C600italic%2C700%2C700italic%2C800%2C800italic|font_style:400%20regular%3A400%3Anormal&#8221;][vc_column_text]Cable de acero inoxidable AISI-316, formado a partir de 7 hebras de 7 hilos de cada una. M\u00e1s flexible que los cables de 19 hilos, puede trabajar en las poleas manteniendo una alta resistencia a la tracci\u00f3n. Como est\u00e1 hecho en acero inoxidable puede ser utilizado en ambientes h\u00famedos.[\/vc_column_text][vc_row_inner css=&#8221;.vc_custom_1416321041070{margin-top: -50px !important;}&#8221;][vc_column_inner width=&#8221;2\/3&#8243;][\/vc_column_inner][vc_column_inner width=&#8221;1\/3&#8243;][vc_button2 title=&#8221;Ir a la ficha t\u00e8cnica&#8221; style=&#8221;rounded&#8221; color=&#8221;green&#8221; size=&#8221;sm&#8221; link=&#8221;url:%2Fes%2Fproductos%2Fcable-de-acero-inoxidable-aisi-316-7&#215;7%2F|title:Cable%20de%20acero%20inoxidable%20AISI-316%2C%207%C3%977|&#8221; align=&#8221;inline&#8221;][\/vc_column_inner][\/vc_row_inner][\/vc_column][\/vc_row][vc_row][vc_column width=&#8221;1\/1&#8243;][vc_separator color=&#8221;green&#8221;][\/vc_column][\/vc_row][vc_row][vc_column width=&#8221;1\/4&#8243;][vc_single_image border_color=&#8221;grey&#8221; img_link_target=&#8221;_self&#8221; img_size=&#8221;150&#215;150&#8243; alignment=&#8221;center&#8221; image=&#8221;1049&#8243;][\/vc_column][vc_column width=&#8221;3\/4&#8243;][vc_custom_heading text=&#8221;7&#215;19 Inoxidable&#8221; font_container=&#8221;tag:h2|text_align:left&#8221; google_fonts=&#8221;font_family:Open%20Sans%3A300%2C300italic%2Cregular%2Citalic%2C600%2C600italic%2C700%2C700italic%2C800%2C800italic|font_style:400%20regular%3A400%3Anormal&#8221;][vc_column_text]Cable de acero inoxidable AISI-316, formado por 7 hebras de 19 hilos cada una. Es el cable de acero inoxidable m\u00e1s flexible disponible, puede adaptarse a muy peque\u00f1as poleas sin da\u00f1arse. Como est\u00e1 hecho en acero inoxidable puede ser utilizado en ambientes h\u00famedos.[\/vc_column_text][vc_row_inner css=&#8221;.vc_custom_1416321041070{margin-top: -50px !important;}&#8221;][vc_column_inner width=&#8221;2\/3&#8243;][\/vc_column_inner][vc_column_inner width=&#8221;1\/3&#8243;][vc_button2 title=&#8221;Ir a la ficha t\u00e9cnica&#8221; style=&#8221;rounded&#8221; color=&#8221;green&#8221; size=&#8221;sm&#8221; link=&#8221;url:%2Fes%2Fproductos%2Fcable-de-acero-inoxidable-aisi-316-7&#215;19%2F|title:Cable%20de%20acero%20inoxidable%20AISI-316%2C%207%C3%9719|&#8221; align=&#8221;inline&#8221;][\/vc_column_inner][\/vc_row_inner][\/vc_column][\/vc_row][vc_row][vc_column width=&#8221;1\/1&#8243;][vc_separator color=&#8221;green&#8221;][\/vc_column][\/vc_row][vc_row][vc_column width=&#8221;1\/4&#8243;][vc_single_image border_color=&#8221;grey&#8221; img_link_target=&#8221;_self&#8221; img_size=&#8221;150&#215;150&#8243; alignment=&#8221;center&#8221; image=&#8221;864&#8243;][\/vc_column][vc_column width=&#8221;3\/4&#8243;][vc_custom_heading text=&#8221;1 x 19&#8243; font_container=&#8221;tag:h2|text_align:left&#8221; google_fonts=&#8221;font_family:Open%20Sans%3A300%2C300italic%2Cregular%2Citalic%2C600%2C600italic%2C700%2C700italic%2C800%2C800italic|font_style:400%20regular%3A400%3Anormal&#8221;][vc_column_text]Cable de acero galvanizado, formado por una hebra de 19 hilos. Es bastante r\u00edgido y adecuado para la transmisi\u00f3n de controles mec\u00e1nicos, tales como en la producci\u00f3n de frenos para bicicletas. Di\u00e1metros desde 1 mm a 6 mm.[\/vc_column_text][vc_row_inner css=&#8221;.vc_custom_1416321041070{margin-top: -50px !important;}&#8221;][vc_column_inner width=&#8221;2\/3&#8243;][\/vc_column_inner][vc_column_inner width=&#8221;1\/3&#8243;][vc_button2 title=&#8221;Ir a la ficha t\u00e9cnica&#8221; style=&#8221;rounded&#8221; color=&#8221;green&#8221; size=&#8221;sm&#8221; link=&#8221;url:%2Fes%2Fproductos%2Fcable-en-acero-galvanizado-1&#215;19%2F|title:Cable%20de%20acero%20galvanizado%201%C3%9719|&#8221; align=&#8221;inline&#8221;][\/vc_column_inner][\/vc_row_inner][\/vc_column][\/vc_row][vc_row][vc_column width=&#8221;1\/1&#8243;][vc_separator color=&#8221;green&#8221;][\/vc_column][\/vc_row][vc_row][vc_column width=&#8221;1\/4&#8243;][vc_single_image border_color=&#8221;grey&#8221; img_link_target=&#8221;_self&#8221; img_size=&#8221;150&#215;150&#8243; alignment=&#8221;center&#8221; image=&#8221;865&#8243;][\/vc_column][vc_column width=&#8221;3\/4&#8243;][vc_custom_heading text=&#8221;6&#215;7 + FC\/SC&#8221; font_container=&#8221;tag:h2|text_align:left&#8221; google_fonts=&#8221;font_family:Open%20Sans%3A300%2C300italic%2Cregular%2Citalic%2C600%2C600italic%2C700%2C700italic%2C800%2C800italic|font_style:400%20regular%3A400%3Anormal&#8221;][vc_column_text]Cable de acero galvanizado de 7 hebras de 6 hilos cada una, con alma textil o met\u00e1lica. Mantiene altas cargas de rotura durante con una buena flexibilidad.[\/vc_column_text][vc_row_inner css=&#8221;.vc_custom_1416321041070{margin-top: -50px !important;}&#8221;][vc_column_inner width=&#8221;2\/3&#8243;][\/vc_column_inner][vc_column_inner width=&#8221;1\/3&#8243;][vc_button2 title=&#8221;Ir a la ficha t\u00e9cnica&#8221; style=&#8221;rounded&#8221; color=&#8221;green&#8221; size=&#8221;sm&#8221; link=&#8221;url:%2Fes%2Fproductos%2Ffune-acciaio-zincato-6&#215;7%2F|title:Cable%20de%20acero%20galvanizado%2C%206%C3%977%2BFC%2FSC|&#8221; align=&#8221;inline&#8221;][\/vc_column_inner][\/vc_row_inner][\/vc_column][\/vc_row][vc_row][vc_column width=&#8221;1\/1&#8243;][vc_separator color=&#8221;green&#8221;][\/vc_column][\/vc_row][vc_row][vc_column width=&#8221;1\/4&#8243;][vc_single_image border_color=&#8221;grey&#8221; img_link_target=&#8221;_self&#8221; img_size=&#8221;150&#215;150&#8243; alignment=&#8221;center&#8221; image=&#8221;867&#8243;][\/vc_column][vc_column width=&#8221;3\/4&#8243;][vc_custom_heading text=&#8221;6&#215;19 + FC\/SC&#8221; font_container=&#8221;tag:h2|text_align:left&#8221; google_fonts=&#8221;font_family:Open%20Sans%3A300%2C300italic%2Cregular%2Citalic%2C600%2C600italic%2C700%2C700italic%2C800%2C800italic|font_style:400%20regular%3A400%3Anormal&#8221;][vc_column_text]Cable de acero galvanizado, 6 hebras de 19 hilos cada una, con alma textil o met\u00e1lica. Buena flexibilidad, adecuada para el uso en vainas de pl\u00e1stico.[\/vc_column_text][vc_row_inner css=&#8221;.vc_custom_1416321041070{margin-top: -50px !important;}&#8221;][vc_column_inner width=&#8221;2\/3&#8243;][\/vc_column_inner][vc_column_inner width=&#8221;1\/3&#8243;][vc_button2 title=&#8221;Ir a la ficha t\u00e9cnica&#8221; style=&#8221;rounded&#8221; color=&#8221;green&#8221; size=&#8221;sm&#8221; link=&#8221;url:%2Fes%2Fproductos%2Fcable-de-acero-galvanizado-6x19fcsc%2F|title:Cable%20de%20acero%20galvanizado%2C%206%C3%9719%2BFC%2FSC|&#8221; align=&#8221;inline&#8221;][\/vc_column_inner][\/vc_row_inner][\/vc_column][\/vc_row]\n","protected":false},"excerpt":{"rendered":"<p>[vc_row][vc_column width=&#8221;1\/1&#8243;][vc_column_text]Cables para transmisiones flexibles: son robustos y duraderos, se utilizan, gracias a su flexibilidad especial, para la transmisi\u00f3n de movimientos rotativos y\/o de traslaci\u00f3n.[\/vc_column_text][\/vc_column][\/vc_row][vc_row][vc_column width=&#8221;1\/4&#8243;][vc_single_image border_color=&#8221;grey&#8221; img_link_target=&#8221;_self&#8221; img_size=&#8221;150&#215;150&#8243; alignment=&#8221;right&#8221; image=&#8221;1047&#8243;][\/vc_column][vc_column width=&#8221;3\/4&#8243;][vc_custom_heading text=&#8221;1&#215;19 Inoxidable&#8221; font_container=&#8221;tag:h2|text_align:left&#8221; google_fonts=&#8221;font_family:Open%20Sans%3A300%2C300italic%2Cregular%2Citalic%2C600%2C600italic%2C700%2C700italic%2C800%2C800italic|font_style:400%20regular%3A400%3Anormal&#8221;][vc_column_text]Cable de acero inoxidable AISI-316, formado a partir de una sola hebra con 19 hilos. Es bastante r\u00edgido y es&#8230;<\/p>\n","protected":false},"author":1,"featured_media":0,"parent":1540,"menu_order":0,"comment_status":"closed","ping_status":"closed","template":"","meta":{"footnotes":""},"class_list":["post-1598","page","type-page","status-publish","hentry"],"aioseo_notices":[],"_links":{"self":[{"href":"https:\/\/www.santinifuni.com\/es\/wp-json\/wp\/v2\/pages\/1598"}],"collection":[{"href":"https:\/\/www.santinifuni.com\/es\/wp-json\/wp\/v2\/pages"}],"about":[{"href":"https:\/\/www.santinifuni.com\/es\/wp-json\/wp\/v2\/types\/page"}],"author":[{"embeddable":true,"href":"https:\/\/www.santinifuni.com\/es\/wp-json\/wp\/v2\/users\/1"}],"replies":[{"embeddable":true,"href":"https:\/\/www.santinifuni.com\/es\/wp-json\/wp\/v2\/comments?post=1598"}],"version-history":[{"count":0,"href":"https:\/\/www.santinifuni.com\/es\/wp-json\/wp\/v2\/pages\/1598\/revisions"}],"up":[{"embeddable":true,"href":"https:\/\/www.santinifuni.com\/es\/wp-json\/wp\/v2\/pages\/1540"}],"wp:attachment":[{"href":"https:\/\/www.santinifuni.com\/es\/wp-json\/wp\/v2\/media?parent=1598"}],"curies":[{"name":"wp","href":"https:\/\/api.w.org\/{rel}","templated":true}]}}