{"id":1607,"date":"2014-06-25T16:54:41","date_gmt":"2014-06-25T14:54:41","guid":{"rendered":"http:\/\/www.santinifuni.com\/prodotti\/funi-per-utilli-vari\/"},"modified":"2015-04-27T10:36:53","modified_gmt":"2015-04-27T08:36:53","slug":"cable-para-diversos-usos","status":"publish","type":"page","link":"https:\/\/www.santinifuni.com\/es\/productos\/cable-para-diversos-usos\/","title":{"rendered":"Cable para diversos usos"},"content":{"rendered":"<p>[vc_row][vc_column width=&#8221;1\/1&#8243;][vc_column_text]Cables adecuados para todos los fines generales. P\u00f3ngase en contacto con nosotros para obtener m\u00e1s informaci\u00f3n.[\/vc_column_text][\/vc_column][\/vc_row][vc_row][vc_column width=&#8221;1\/4&#8243;][vc_single_image border_color=&#8221;grey&#8221; img_link_target=&#8221;_self&#8221; img_size=&#8221;150&#215;150&#8243; alignment=&#8221;right&#8221; image=&#8221;864&#8243;][\/vc_column][vc_column width=&#8221;3\/4&#8243;][vc_custom_heading text=&#8221;1&#215;19&#8243; font_container=&#8221;tag:h2|text_align:left&#8221; google_fonts=&#8221;font_family:Open%20Sans%3A300%2C300italic%2Cregular%2Citalic%2C600%2C600italic%2C700%2C700italic%2C800%2C800italic|font_style:400%20regular%3A400%3Anormal&#8221;][vc_column_text]Cable de acero galvanizado, que consta de una hebra en espiral de 19 hilos. Es bastante r\u00edgido y presenta alta carga de rotura. Por lo general, disponible en resistencia 1770 N\/mm2.[\/vc_column_text][vc_row_inner css=&#8221;.vc_custom_1416321041070{margin-top: -50px !important;}&#8221;][vc_column_inner width=&#8221;2\/3&#8243;][\/vc_column_inner][vc_column_inner width=&#8221;1\/3&#8243;][vc_button2 title=&#8221;Ir a la ficha t\u00e9cnica&#8221; style=&#8221;rounded&#8221; color=&#8221;green&#8221; size=&#8221;sm&#8221; link=&#8221;url:%2Fes%2Fproductos%2Fcable-en-acero-galvanizado-1&#215;19%2F|title:Cable%20de%20acero%20galvanizado%201%C3%9719|&#8221; align=&#8221;inline&#8221;][\/vc_column_inner][\/vc_row_inner][\/vc_column][\/vc_row][vc_row][vc_column width=&#8221;1\/1&#8243;][vc_separator color=&#8221;green&#8221;][\/vc_column][\/vc_row][vc_row][vc_column width=&#8221;1\/4&#8243;][vc_single_image border_color=&#8221;grey&#8221; img_link_target=&#8221;_self&#8221; img_size=&#8221;150&#215;150&#8243; alignment=&#8221;center&#8221; image=&#8221;865&#8243;][\/vc_column][vc_column width=&#8221;3\/4&#8243;][vc_custom_heading text=&#8221;6&#215;7 + FC\/SC&#8221; font_container=&#8221;tag:h2|text_align:left&#8221; google_fonts=&#8221;font_family:Open%20Sans%3A300%2C300italic%2Cregular%2Citalic%2C600%2C600italic%2C700%2C700italic%2C800%2C800italic|font_style:400%20regular%3A400%3Anormal&#8221;][vc_column_text]Cable en acero galvanizado formado por 6 hebras de 7 hilos cada una, m\u00e1s alma de fibra o metal, tambi\u00e9n de una hebra de 7 hilos. Es m\u00e1s blando y representa un buen compromiso entre flexibilidad y resistencia. Por lo general, disponible en resistencia 1770 N\/mm2.[\/vc_column_text][vc_row_inner css=&#8221;.vc_custom_1416321041070{margin-top: -50px !important;}&#8221;][vc_column_inner width=&#8221;2\/3&#8243;][\/vc_column_inner][vc_column_inner width=&#8221;1\/3&#8243;][vc_button2 title=&#8221;Ir a la ficha t\u00e9cnica&#8221; style=&#8221;rounded&#8221; color=&#8221;green&#8221; size=&#8221;sm&#8221; link=&#8221;url:%2Fes%2Fproductos%2Ffune-acciaio-zincato-6&#215;7%2F|title:Cable%20de%20acero%20galvanizado%2C%206%C3%977%2BFC%2FSC|&#8221; align=&#8221;inline&#8221;][\/vc_column_inner][\/vc_row_inner][\/vc_column][\/vc_row][vc_row][vc_column width=&#8221;1\/1&#8243;][vc_separator color=&#8221;green&#8221;][\/vc_column][\/vc_row][vc_row][vc_column width=&#8221;1\/4&#8243;][vc_single_image border_color=&#8221;grey&#8221; img_link_target=&#8221;_self&#8221; img_size=&#8221;150&#215;150&#8243; alignment=&#8221;center&#8221; image=&#8221;867&#8243;][\/vc_column][vc_column width=&#8221;3\/4&#8243;][vc_custom_heading text=&#8221;6&#215;19 + FC\/SC&#8221; font_container=&#8221;tag:h2|text_align:left&#8221; google_fonts=&#8221;font_family:Open%20Sans%3A300%2C300italic%2Cregular%2Citalic%2C600%2C600italic%2C700%2C700italic%2C800%2C800italic|font_style:400%20regular%3A400%3Anormal&#8221;][vc_column_text]Cable en acero galvanizado formado por 6 hebras de 19 hilos cada una, m\u00e1s un alma de fibra o metal, tambi\u00e9n de una hebra de 19 hilos. Tiene una excelente flexibilidad, adecuado para el uso en las poleas. Por lo general, disponible en resistencia 1770 N\/mm2.[\/vc_column_text][vc_row_inner css=&#8221;.vc_custom_1416321041070{margin-top: -50px !important;}&#8221;][vc_column_inner width=&#8221;2\/3&#8243;][\/vc_column_inner][vc_column_inner width=&#8221;1\/3&#8243;][vc_button2 title=&#8221;Ir a la ficha t\u00e9cnica&#8221; style=&#8221;rounded&#8221; color=&#8221;green&#8221; size=&#8221;sm&#8221; link=&#8221;url:%2Fes%2Fproductos%2Fcable-de-acero-galvanizado-6x19fcsc%2F|title:Cable%20de%20acero%20galvanizado%2C%206%C3%9719%2BFC%2FSC|&#8221; align=&#8221;inline&#8221;][\/vc_column_inner][\/vc_row_inner][\/vc_column][\/vc_row][vc_row][vc_column width=&#8221;1\/1&#8243;][vc_separator color=&#8221;green&#8221;][\/vc_column][\/vc_row][vc_row][vc_column width=&#8221;1\/4&#8243;][vc_single_image border_color=&#8221;grey&#8221; img_link_target=&#8221;_self&#8221; img_size=&#8221;150&#215;150&#8243; alignment=&#8221;center&#8221; image=&#8221;358&#8243;][\/vc_column][vc_column width=&#8221;3\/4&#8243;][vc_custom_heading text=&#8221;6x36WS + FC\/IWRC&#8221; font_container=&#8221;tag:h2|text_align:left&#8221; google_fonts=&#8221;font_family:Open%20Sans%3A300%2C300italic%2Cregular%2Citalic%2C600%2C600italic%2C700%2C700italic%2C800%2C800italic|font_style:400%20regular%3A400%3Anormal&#8221;][vc_column_text]Cable en acero no galvanizado o galvanizado, compuesto de 6 hebras de 36 hilos de cada una, m\u00e1s un alma de fibra o metal IWRC de 49 hilos. Tipo de construcci\u00f3n Warrington-Seale. Por lo general, disponible en resistencia 1960 N\/mm2.[\/vc_column_text][vc_row_inner css=&#8221;.vc_custom_1416321041070{margin-top: -50px !important;}&#8221;][vc_column_inner width=&#8221;2\/3&#8243;][\/vc_column_inner][vc_column_inner width=&#8221;1\/3&#8243;][vc_button2 title=&#8221;Ir a la ficha t\u00e9cnica&#8221; style=&#8221;rounded&#8221; color=&#8221;green&#8221; size=&#8221;sm&#8221; link=&#8221;url:%2Fes%2Fproductos%2Fcable-en-acero-galvanizado-6x36ws-fciwrc%2F|title:Cable%20de%20acero%20galvanizado%20%206x36WS%20%2B%20FC%2FIWRC.|&#8221; align=&#8221;inline&#8221;][\/vc_column_inner][\/vc_row_inner][\/vc_column][\/vc_row][vc_row][vc_column width=&#8221;1\/1&#8243;][vc_separator color=&#8221;green&#8221;][\/vc_column][\/vc_row][vc_row][vc_column width=&#8221;1\/4&#8243;][vc_single_image border_color=&#8221;grey&#8221; img_link_target=&#8221;_self&#8221; img_size=&#8221;150&#215;150&#8243; alignment=&#8221;center&#8221; image=&#8221;991&#8243;][\/vc_column][vc_column width=&#8221;3\/4&#8243;][vc_custom_heading text=&#8221;6&#215;37 + FC&#8221; font_container=&#8221;tag:h2|text_align:left&#8221; google_fonts=&#8221;font_family:Open%20Sans%3A300%2C300italic%2Cregular%2Citalic%2C600%2C600italic%2C700%2C700italic%2C800%2C800italic|font_style:400%20regular%3A400%3Anormal&#8221;][vc_column_text]Cable de acero no galvanizado o galvanizado, compuesto de 6 hebras de 37 hilos cada una, m\u00e1s un alma de fibra, construcci\u00f3n est\u00e1ndar. Por lo general disponible en resistencia 1770 N\/mm2.[\/vc_column_text][vc_row_inner css=&#8221;.vc_custom_1416321041070{margin-top: -50px !important;}&#8221;][vc_column_inner width=&#8221;2\/3&#8243;][\/vc_column_inner][vc_column_inner width=&#8221;1\/3&#8243;][vc_button2 title=&#8221;Ir a la ficha t\u00e9cnica&#8221; style=&#8221;rounded&#8221; color=&#8221;green&#8221; size=&#8221;sm&#8221; link=&#8221;url:%2Fes%2Fproductos%2Ffune-acciaio-zincato-6&#215;37%2F|title:Cable%20de%20acero%20galvanizado%206%C3%9737|&#8221; align=&#8221;inline&#8221;][\/vc_column_inner][\/vc_row_inner][\/vc_column][\/vc_row][vc_row][vc_column width=&#8221;1\/1&#8243;][vc_separator color=&#8221;green&#8221;][\/vc_column][\/vc_row][vc_row][vc_column width=&#8221;1\/4&#8243;][vc_single_image border_color=&#8221;grey&#8221; img_link_target=&#8221;_self&#8221; img_size=&#8221;150&#215;150&#8243; alignment=&#8221;center&#8221; image=&#8221;1047&#8243;][\/vc_column][vc_column width=&#8221;3\/4&#8243;][vc_custom_heading text=&#8221;1&#215;19 Inoxidable&#8221; font_container=&#8221;tag:h2|text_align:left&#8221; google_fonts=&#8221;font_family:Open%20Sans%3A300%2C300italic%2Cregular%2Citalic%2C600%2C600italic%2C700%2C700italic%2C800%2C800italic|font_style:400%20regular%3A400%3Anormal&#8221;][vc_column_text]Cable de acero inoxidable AISI-316, que consta de una hebra en espiral de 19 hilos. Bastante r\u00edgido y resistente. Todos los cables de acero inoxidable est\u00e1n en la resistencia 1570 N\/mm2.[\/vc_column_text][vc_row_inner css=&#8221;.vc_custom_1416321041070{margin-top: -50px !important;}&#8221;][vc_column_inner width=&#8221;2\/3&#8243;][\/vc_column_inner][vc_column_inner width=&#8221;1\/3&#8243;][vc_button2 title=&#8221;Ir a la ficha t\u00e9cnica&#8221; style=&#8221;rounded&#8221; color=&#8221;green&#8221; size=&#8221;sm&#8221; link=&#8221;url:%2Fes%2Fproductos%2Fcable-de-acero-inoxidable-aisi-316-1&#215;19%2F|title:Cable%20de%20acero%20inoxidable%20AISI-316%2C%201%C3%9719|&#8221; align=&#8221;inline&#8221;][\/vc_column_inner][\/vc_row_inner][\/vc_column][\/vc_row][vc_row][vc_column width=&#8221;1\/1&#8243;][vc_separator color=&#8221;green&#8221;][\/vc_column][\/vc_row][vc_row][vc_column width=&#8221;1\/4&#8243;][vc_single_image border_color=&#8221;grey&#8221; img_link_target=&#8221;_self&#8221; img_size=&#8221;150&#215;150&#8243; alignment=&#8221;center&#8221; image=&#8221;1048&#8243;][\/vc_column][vc_column width=&#8221;3\/4&#8243;][vc_custom_heading text=&#8221;7&#215;7 Inoxidable&#8221; font_container=&#8221;tag:h2|text_align:left&#8221; google_fonts=&#8221;font_family:Open%20Sans%3A300%2C300italic%2Cregular%2Citalic%2C600%2C600italic%2C700%2C700italic%2C800%2C800italic|font_style:400%20regular%3A400%3Anormal&#8221;][vc_column_text]Cable de acero inoxidable AISI-316, que consta de 7 hebras de 7 hilos cada una. Es el justo equilibrio entre la fuerza y la flexibilidad. Todos los cables de acero inoxidable est\u00e1n en la resistencia 1570 N\/mm2.[\/vc_column_text][vc_row_inner css=&#8221;.vc_custom_1416321041070{margin-top: -50px !important;}&#8221;][vc_column_inner width=&#8221;2\/3&#8243;][\/vc_column_inner][vc_column_inner width=&#8221;1\/3&#8243;][vc_button2 title=&#8221;Ir a la ficha t\u00e9cnica&#8221; style=&#8221;rounded&#8221; color=&#8221;green&#8221; size=&#8221;sm&#8221; link=&#8221;url:%2Fes%2Fproductos%2Fcable-de-acero-inoxidable-aisi-316-7&#215;7%2F|title:Cable%20de%20acero%20inoxidable%20AISI-316%2C%207%C3%977|&#8221; align=&#8221;inline&#8221;][\/vc_column_inner][\/vc_row_inner][\/vc_column][\/vc_row][vc_row][vc_column width=&#8221;1\/1&#8243;][vc_separator color=&#8221;green&#8221;][\/vc_column][\/vc_row][vc_row][vc_column width=&#8221;1\/4&#8243;][vc_single_image border_color=&#8221;grey&#8221; img_link_target=&#8221;_self&#8221; img_size=&#8221;150&#215;150&#8243; alignment=&#8221;center&#8221; image=&#8221;1049&#8243;][\/vc_column][vc_column width=&#8221;3\/4&#8243;][vc_custom_heading text=&#8221;7&#215;19 Inoxidable&#8221; font_container=&#8221;tag:h2|text_align:left&#8221; google_fonts=&#8221;font_family:Open%20Sans%3A300%2C300italic%2Cregular%2Citalic%2C600%2C600italic%2C700%2C700italic%2C800%2C800italic|font_style:400%20regular%3A400%3Anormal&#8221;][vc_column_text]Cable de acero inoxidable AISI-316, que consta de 7 hebras de 19 hilos cada una. Muy flexible, es adecuado para el uso en las poleas. Todos los cables de acero inoxidable est\u00e1n en la resistencia 1570 N\/mm2.[\/vc_column_text][vc_row_inner css=&#8221;.vc_custom_1416321041070{margin-top: -50px !important;}&#8221;][vc_column_inner width=&#8221;2\/3&#8243;][\/vc_column_inner][vc_column_inner width=&#8221;1\/3&#8243;][vc_button2 title=&#8221;Ir a la ficha t\u00e9cnica&#8221; style=&#8221;rounded&#8221; color=&#8221;green&#8221; size=&#8221;sm&#8221; link=&#8221;url:%2Fes%2Fproductos%2Fcable-de-acero-inoxidable-aisi-316-7&#215;19%2F|title:Cable%20de%20acero%20inoxidable%20AISI-316%2C%207%C3%9719|&#8221; align=&#8221;inline&#8221;][\/vc_column_inner][\/vc_row_inner][\/vc_column][\/vc_row]\n","protected":false},"excerpt":{"rendered":"<p>[vc_row][vc_column width=&#8221;1\/1&#8243;][vc_column_text]Cables adecuados para todos los fines generales. P\u00f3ngase en contacto con nosotros para obtener m\u00e1s informaci\u00f3n.[\/vc_column_text][\/vc_column][\/vc_row][vc_row][vc_column width=&#8221;1\/4&#8243;][vc_single_image border_color=&#8221;grey&#8221; img_link_target=&#8221;_self&#8221; img_size=&#8221;150&#215;150&#8243; alignment=&#8221;right&#8221; image=&#8221;864&#8243;][\/vc_column][vc_column width=&#8221;3\/4&#8243;][vc_custom_heading text=&#8221;1&#215;19&#8243; font_container=&#8221;tag:h2|text_align:left&#8221; google_fonts=&#8221;font_family:Open%20Sans%3A300%2C300italic%2Cregular%2Citalic%2C600%2C600italic%2C700%2C700italic%2C800%2C800italic|font_style:400%20regular%3A400%3Anormal&#8221;][vc_column_text]Cable de acero galvanizado, que consta de una hebra en espiral de 19 hilos. Es bastante r\u00edgido y presenta alta carga de rotura. Por lo general, disponible en resistencia&#8230;<\/p>\n","protected":false},"author":1,"featured_media":0,"parent":1540,"menu_order":0,"comment_status":"closed","ping_status":"closed","template":"","meta":{"footnotes":""},"class_list":["post-1607","page","type-page","status-publish","hentry"],"aioseo_notices":[],"_links":{"self":[{"href":"https:\/\/www.santinifuni.com\/es\/wp-json\/wp\/v2\/pages\/1607"}],"collection":[{"href":"https:\/\/www.santinifuni.com\/es\/wp-json\/wp\/v2\/pages"}],"about":[{"href":"https:\/\/www.santinifuni.com\/es\/wp-json\/wp\/v2\/types\/page"}],"author":[{"embeddable":true,"href":"https:\/\/www.santinifuni.com\/es\/wp-json\/wp\/v2\/users\/1"}],"replies":[{"embeddable":true,"href":"https:\/\/www.santinifuni.com\/es\/wp-json\/wp\/v2\/comments?post=1607"}],"version-history":[{"count":0,"href":"https:\/\/www.santinifuni.com\/es\/wp-json\/wp\/v2\/pages\/1607\/revisions"}],"up":[{"embeddable":true,"href":"https:\/\/www.santinifuni.com\/es\/wp-json\/wp\/v2\/pages\/1540"}],"wp:attachment":[{"href":"https:\/\/www.santinifuni.com\/es\/wp-json\/wp\/v2\/media?parent=1607"}],"curies":[{"name":"wp","href":"https:\/\/api.w.org\/{rel}","templated":true}]}}