{"id":1620,"date":"2014-06-25T16:58:59","date_gmt":"2014-06-25T14:58:59","guid":{"rendered":"http:\/\/www.santinifuni.com\/prodotti\/manicotti-in-alluminio\/"},"modified":"2016-12-19T22:33:44","modified_gmt":"2016-12-19T21:33:44","slug":"ferulas-de-aluminio","status":"publish","type":"page","link":"https:\/\/www.santinifuni.com\/es\/productos\/ferulas-de-aluminio\/","title":{"rendered":"F\u00e9rulas de aluminio"},"content":{"rendered":"<p>[vc_row][vc_column width=&#8221;1\/4&#8243;][vc_single_image image=&#8221;769&#8243; img_size=&#8221;full&#8221; alignment=&#8221;center&#8221;][\/vc_column][vc_column width=&#8221;3\/4&#8243;][vc_empty_space height=&#8221;50&#8243;][vc_column_text]\n<p style=\"text-align: justify;\">Son de aleaci\u00f3n de Aluminio, y se utilizan para la construcci\u00f3n de pernos fijos. El prensado de las f\u00e9rulas requiere alicates especiales o prensas con un troquel espec\u00edfico.<br \/>\nTambi\u00e9n se les llama &#8220;virolas&#8221;.<br \/>\nLa norma de referencia para este producto es EN 13411-3:2009.<\/p>\n[\/vc_column_text][\/vc_column][\/vc_row][vc_row][vc_column][vc_column_text]\n<table id=\"tablepress-20\" class=\"tablepress tablepress-id-20\">\n<thead>\n<tr class=\"row-1\">\n\t<th class=\"column-1\">\u00d8 mm<\/th><th class=\"column-2\">Sez. A mm<\/th><th class=\"column-3\">Sez. B mm<\/th><th class=\"column-4\">Lunghezza mm<\/th><th class=\"column-5\">Peso g<\/th>\n<\/tr>\n<\/thead>\n<tbody class=\"row-striping row-hover\">\n<tr class=\"row-2\">\n\t<td class=\"column-1\">1<\/td><td class=\"column-2\">2,4<\/td><td class=\"column-3\">1,2<\/td><td class=\"column-4\">5<\/td><td class=\"column-5\">0,1<\/td>\n<\/tr>\n<tr class=\"row-3\">\n\t<td class=\"column-1\">1,5<\/td><td class=\"column-2\">3,4<\/td><td class=\"column-3\">1,7<\/td><td class=\"column-4\">6<\/td><td class=\"column-5\">0,2<\/td>\n<\/tr>\n<tr class=\"row-4\">\n\t<td class=\"column-1\">2<\/td><td class=\"column-2\">4,4<\/td><td class=\"column-3\">2,2<\/td><td class=\"column-4\">7<\/td><td class=\"column-5\">0,3<\/td>\n<\/tr>\n<tr class=\"row-5\">\n\t<td class=\"column-1\">2,5<\/td><td class=\"column-2\">5,4<\/td><td class=\"column-3\">2,7<\/td><td class=\"column-4\">9<\/td><td class=\"column-5\">0,5<\/td>\n<\/tr>\n<tr class=\"row-6\">\n\t<td class=\"column-1\">3<\/td><td class=\"column-2\">6,6<\/td><td class=\"column-3\">3,3<\/td><td class=\"column-4\">11<\/td><td class=\"column-5\">0,8<\/td>\n<\/tr>\n<tr class=\"row-7\">\n\t<td class=\"column-1\">4<\/td><td class=\"column-2\">8,8<\/td><td class=\"column-3\">4,4<\/td><td class=\"column-4\">14<\/td><td class=\"column-5\">1,8<\/td>\n<\/tr>\n<tr class=\"row-8\">\n\t<td class=\"column-1\">5<\/td><td class=\"column-2\">11,0<\/td><td class=\"column-3\">5,5<\/td><td class=\"column-4\">18<\/td><td class=\"column-5\">3,6<\/td>\n<\/tr>\n<tr class=\"row-9\">\n\t<td class=\"column-1\">6<\/td><td class=\"column-2\">13,2<\/td><td class=\"column-3\">6,6<\/td><td class=\"column-4\">21<\/td><td class=\"column-5\">5,9<\/td>\n<\/tr>\n<tr class=\"row-10\">\n\t<td class=\"column-1\">7<\/td><td class=\"column-2\">15,6<\/td><td class=\"column-3\">7,8<\/td><td class=\"column-4\">25<\/td><td class=\"column-5\">9,5<\/td>\n<\/tr>\n<tr class=\"row-11\">\n\t<td class=\"column-1\">8<\/td><td class=\"column-2\">17,6<\/td><td class=\"column-3\">8,8<\/td><td class=\"column-4\">28<\/td><td class=\"column-5\">14<\/td>\n<\/tr>\n<tr class=\"row-12\">\n\t<td class=\"column-1\">9<\/td><td class=\"column-2\">19,8<\/td><td class=\"column-3\">9,9<\/td><td class=\"column-4\">32<\/td><td class=\"column-5\">19<\/td>\n<\/tr>\n<tr class=\"row-13\">\n\t<td class=\"column-1\">10<\/td><td class=\"column-2\">21,8<\/td><td class=\"column-3\">10,9<\/td><td class=\"column-4\">35<\/td><td class=\"column-5\">26<\/td>\n<\/tr>\n<tr class=\"row-14\">\n\t<td class=\"column-1\">11<\/td><td class=\"column-2\">24,2<\/td><td class=\"column-3\">12,1<\/td><td class=\"column-4\">39<\/td><td class=\"column-5\">36<\/td>\n<\/tr>\n<tr class=\"row-15\">\n\t<td class=\"column-1\">12<\/td><td class=\"column-2\">26,4<\/td><td class=\"column-3\">13,2<\/td><td class=\"column-4\">42<\/td><td class=\"column-5\">46<\/td>\n<\/tr>\n<tr class=\"row-16\">\n\t<td class=\"column-1\">14<\/td><td class=\"column-2\">30,6<\/td><td class=\"column-3\">15,3<\/td><td class=\"column-4\">49<\/td><td class=\"column-5\">73<\/td>\n<\/tr>\n<tr class=\"row-17\">\n\t<td class=\"column-1\">16<\/td><td class=\"column-2\">35,0<\/td><td class=\"column-3\">17,5<\/td><td class=\"column-4\">56<\/td><td class=\"column-5\">111<\/td>\n<\/tr>\n<tr class=\"row-18\">\n\t<td class=\"column-1\">18<\/td><td class=\"column-2\">39,2<\/td><td class=\"column-3\">19,6<\/td><td class=\"column-4\">63<\/td><td class=\"column-5\">159<\/td>\n<\/tr>\n<tr class=\"row-19\">\n\t<td class=\"column-1\">20<\/td><td class=\"column-2\">43,4<\/td><td class=\"column-3\">21,7<\/td><td class=\"column-4\">70<\/td><td class=\"column-5\">217<\/td>\n<\/tr>\n<tr class=\"row-20\">\n\t<td class=\"column-1\">22<\/td><td class=\"column-2\">48,6<\/td><td class=\"column-3\">24,3<\/td><td class=\"column-4\">77<\/td><td class=\"column-5\">290<\/td>\n<\/tr>\n<tr class=\"row-21\">\n\t<td class=\"column-1\">24<\/td><td class=\"column-2\">52,8<\/td><td class=\"column-3\">26,4<\/td><td class=\"column-4\">84<\/td><td class=\"column-5\">376<\/td>\n<\/tr>\n<tr class=\"row-22\">\n\t<td class=\"column-1\">26<\/td><td class=\"column-2\">57,0<\/td><td class=\"column-3\">28,5<\/td><td class=\"column-4\">91<\/td><td class=\"column-5\">481<\/td>\n<\/tr>\n<tr class=\"row-23\">\n\t<td class=\"column-1\">28<\/td><td class=\"column-2\">62,0<\/td><td class=\"column-3\">31,0<\/td><td class=\"column-4\">98<\/td><td class=\"column-5\">603<\/td>\n<\/tr>\n<tr class=\"row-24\">\n\t<td class=\"column-1\">30<\/td><td class=\"column-2\">66,2<\/td><td class=\"column-3\">33,1<\/td><td class=\"column-4\">105<\/td><td class=\"column-5\">734<\/td>\n<\/tr>\n<\/tbody>\n<\/table>\n<!-- #tablepress-20 from cache -->[\/vc_column_text][\/vc_column][\/vc_row][vc_row][vc_column][vc_cta_button2 h2=&#8221;&#8221; h4=&#8221;Para obtener m\u00e1s informaci\u00f3n acerca de nuestros productos&#8221; style=&#8221;square&#8221; txt_align=&#8221;center&#8221; title=&#8221;CONT\u00c1CTENOS&#8221; color=&#8221;mulled_wine&#8221; position=&#8221;bottom&#8221; link=&#8221;url:%2Fes%2Fcontactos%2F|title:Contactos|&#8221; accent_color=&#8221;#fcde49&#8243;][\/vc_cta_button2][\/vc_column][\/vc_row]\n","protected":false},"excerpt":{"rendered":"<p>[vc_row][vc_column width=&#8221;1\/4&#8243;][vc_single_image image=&#8221;769&#8243; img_size=&#8221;full&#8221; alignment=&#8221;center&#8221;][\/vc_column][vc_column width=&#8221;3\/4&#8243;][vc_empty_space height=&#8221;50&#8243;][vc_column_text] Son de aleaci\u00f3n de Aluminio, y se utilizan para la construcci\u00f3n de pernos fijos. El prensado de las f\u00e9rulas requiere alicates especiales o prensas con un troquel espec\u00edfico. Tambi\u00e9n se les llama &#8220;virolas&#8221;. La norma de referencia para este producto es EN 13411-3:2009. [\/vc_column_text][\/vc_column][\/vc_row][vc_row][vc_column][vc_column_text][\/vc_column_text][\/vc_column][\/vc_row][vc_row][vc_column][vc_cta_button2 h2=&#8221;&#8221; h4=&#8221;Para obtener m\u00e1s&#8230;<\/p>\n","protected":false},"author":1,"featured_media":0,"parent":1540,"menu_order":0,"comment_status":"closed","ping_status":"closed","template":"","meta":{"footnotes":""},"class_list":["post-1620","page","type-page","status-publish","hentry"],"aioseo_notices":[],"_links":{"self":[{"href":"https:\/\/www.santinifuni.com\/es\/wp-json\/wp\/v2\/pages\/1620"}],"collection":[{"href":"https:\/\/www.santinifuni.com\/es\/wp-json\/wp\/v2\/pages"}],"about":[{"href":"https:\/\/www.santinifuni.com\/es\/wp-json\/wp\/v2\/types\/page"}],"author":[{"embeddable":true,"href":"https:\/\/www.santinifuni.com\/es\/wp-json\/wp\/v2\/users\/1"}],"replies":[{"embeddable":true,"href":"https:\/\/www.santinifuni.com\/es\/wp-json\/wp\/v2\/comments?post=1620"}],"version-history":[{"count":0,"href":"https:\/\/www.santinifuni.com\/es\/wp-json\/wp\/v2\/pages\/1620\/revisions"}],"up":[{"embeddable":true,"href":"https:\/\/www.santinifuni.com\/es\/wp-json\/wp\/v2\/pages\/1540"}],"wp:attachment":[{"href":"https:\/\/www.santinifuni.com\/es\/wp-json\/wp\/v2\/media?parent=1620"}],"curies":[{"name":"wp","href":"https:\/\/api.w.org\/{rel}","templated":true}]}}