{"id":1656,"date":"2014-11-18T12:46:33","date_gmt":"2014-11-18T11:46:33","guid":{"rendered":"http:\/\/www.santinifuni.com\/prodotti\/fune-acciaio-inox-aisi-316-1x19\/"},"modified":"2016-10-26T12:59:38","modified_gmt":"2016-10-26T10:59:38","slug":"cable-de-acero-inoxidable-aisi-316-1x19","status":"publish","type":"page","link":"https:\/\/www.santinifuni.com\/es\/cable-de-acero-inoxidable-aisi-316-1x19\/","title":{"rendered":"Cable de acero inoxidable AISI-316, 1\u00d719"},"content":{"rendered":"<p>[vc_row][vc_column][vc_column_text]\n<p style=\"text-align: justify;\">Cable de acero inoxidable AISI-316, 1\u00d719.<\/p>\n<p style=\"text-align: justify;\"><strong>Caracter\u00edsticas<br \/>\n<\/strong>Cable r\u00edgido, que soporta altas cargas de ruptura en relaci\u00f3n con el di\u00e1metro nominal. Tipo de construcci\u00f3n est\u00e1ndar (todos los cables tienen el mismo di\u00e1metro), de acero inoxidable AISI-316, clase de resistencia R.1570 N\/mm2.<br \/>\nLa hebra est\u00e1 formada de un hilo central, seis hilos en la capa intermedia y 12 hilos en la exterior.<\/p>\n<p style=\"text-align: justify;\"><strong>Usos<\/strong><br \/>\nCable en acero inoxidable adecuado para el uso en la presencia de humedad, por lo que es adecuado para su uso en el campo n\u00e1utico, de la arquitectura, industria alimentaria y de la automatizaci\u00f3n.<\/p>\n[\/vc_column_text][\/vc_column][\/vc_row][vc_row css=&#8221;.vc_custom_1416322556311{margin-top: 40px !important;margin-bottom: 40px !important;}&#8221;][vc_column][vc_separator color=&#8221;mulled_wine&#8221; style=&#8221;dotted&#8221;][\/vc_column][\/vc_row][vc_row][vc_column width=&#8221;1\/4&#8243;][vc_gallery type=&#8221;image_grid&#8221; images=&#8221;1047&#8243; img_size=&#8221;150&#215;150&#8243;][\/vc_column][vc_column width=&#8221;3\/4&#8243;][vc_empty_space height=&#8221;50&#8243;][vc_custom_heading text=&#8221;Hebra de 19 hilos&#8221; font_container=&#8221;tag:h3|text_align:left&#8221; google_fonts=&#8221;font_family:Open%20Sans%3A300%2C300italic%2Cregular%2Citalic%2C600%2C600italic%2C700%2C700italic%2C800%2C800italic|font_style:400%20regular%3A400%3Anormal&#8221;][\/vc_column][\/vc_row][vc_row][vc_column][vc_column_text]\n<table id=\"tablepress-X019X\" class=\"tablepress tablepress-id-X019X\">\n<thead>\n<tr class=\"row-1\">\n\t<th class=\"column-1\">\u00d8 mm<\/th><th class=\"column-2\">P.S. kg \/ m<\/th><th class=\"column-3\">C.R.M. kN\t<\/th><th class=\"column-4\">C.R.M. kg<\/th>\n<\/tr>\n<\/thead>\n<tbody class=\"row-striping row-hover\">\n<tr class=\"row-2\">\n\t<td class=\"column-1\">1<\/td><td class=\"column-2\">0,0050<\/td><td class=\"column-3\">0,8<\/td><td class=\"column-4\">82<\/td>\n<\/tr>\n<tr class=\"row-3\">\n\t<td class=\"column-1\">1,5<\/td><td class=\"column-2\">0,0111<\/td><td class=\"column-3\">1,9<\/td><td class=\"column-4\">194<\/td>\n<\/tr>\n<tr class=\"row-4\">\n\t<td class=\"column-1\">2<\/td><td class=\"column-2\">0,0198<\/td><td class=\"column-3\">3,3<\/td><td class=\"column-4\">336<\/td>\n<\/tr>\n<tr class=\"row-5\">\n\t<td class=\"column-1\">2,5<\/td><td class=\"column-2\">0,0310<\/td><td class=\"column-3\">5,2<\/td><td class=\"column-4\">530<\/td>\n<\/tr>\n<tr class=\"row-6\">\n\t<td class=\"column-1\">3<\/td><td class=\"column-2\">0,0446<\/td><td class=\"column-3\">7,4<\/td><td class=\"column-4\">754<\/td>\n<\/tr>\n<tr class=\"row-7\">\n\t<td class=\"column-1\">4<\/td><td class=\"column-2\">0,0793<\/td><td class=\"column-3\">13,2<\/td><td class=\"column-4\">1.346<\/td>\n<\/tr>\n<tr class=\"row-8\">\n\t<td class=\"column-1\">5<\/td><td class=\"column-2\">0,1240<\/td><td class=\"column-3\">20,6<\/td><td class=\"column-4\">2.100<\/td>\n<\/tr>\n<tr class=\"row-9\">\n\t<td class=\"column-1\">6<\/td><td class=\"column-2\">0,1780<\/td><td class=\"column-3\">29,7<\/td><td class=\"column-4\">3.028<\/td>\n<\/tr>\n<\/tbody>\n<\/table>\n<!-- #tablepress-X019X from cache -->[\/vc_column_text][\/vc_column][\/vc_row][vc_row][vc_column][vc_cta_button2 h2=&#8221;&#8221; h4=&#8221;Para obtener m\u00e1s informaci\u00f3n acerca de nuestros productos&#8221; style=&#8221;square&#8221; txt_align=&#8221;center&#8221; title=&#8221;CONT\u00c1CTENOS&#8221; color=&#8221;mulled_wine&#8221; position=&#8221;bottom&#8221; link=&#8221;url:%2Fes%2Fcontactos%2F|title:Contactos|&#8221; accent_color=&#8221;#fcde49&#8243;][\/vc_cta_button2][\/vc_column][\/vc_row]\n","protected":false},"excerpt":{"rendered":"<p>[vc_row][vc_column][vc_column_text] Cable de acero inoxidable AISI-316, 1\u00d719. Caracter\u00edsticas Cable r\u00edgido, que soporta altas cargas de ruptura en relaci\u00f3n con el di\u00e1metro nominal. Tipo de construcci\u00f3n est\u00e1ndar (todos los cables tienen el mismo di\u00e1metro), de acero inoxidable AISI-316, clase de resistencia R.1570 N\/mm2. La hebra est\u00e1 formada de un hilo central, seis hilos en la capa&#8230;<\/p>\n","protected":false},"author":1,"featured_media":0,"parent":0,"menu_order":0,"comment_status":"closed","ping_status":"closed","template":"","meta":{"footnotes":""},"class_list":["post-1656","page","type-page","status-publish","hentry"],"aioseo_notices":[],"_links":{"self":[{"href":"https:\/\/www.santinifuni.com\/es\/wp-json\/wp\/v2\/pages\/1656"}],"collection":[{"href":"https:\/\/www.santinifuni.com\/es\/wp-json\/wp\/v2\/pages"}],"about":[{"href":"https:\/\/www.santinifuni.com\/es\/wp-json\/wp\/v2\/types\/page"}],"author":[{"embeddable":true,"href":"https:\/\/www.santinifuni.com\/es\/wp-json\/wp\/v2\/users\/1"}],"replies":[{"embeddable":true,"href":"https:\/\/www.santinifuni.com\/es\/wp-json\/wp\/v2\/comments?post=1656"}],"version-history":[{"count":0,"href":"https:\/\/www.santinifuni.com\/es\/wp-json\/wp\/v2\/pages\/1656\/revisions"}],"wp:attachment":[{"href":"https:\/\/www.santinifuni.com\/es\/wp-json\/wp\/v2\/media?parent=1656"}],"curies":[{"name":"wp","href":"https:\/\/api.w.org\/{rel}","templated":true}]}}