{"id":1665,"date":"2014-11-18T12:45:13","date_gmt":"2014-11-18T11:45:13","guid":{"rendered":"http:\/\/www.santinifuni.com\/prodotti\/fune-acciaio-lucido-6x19-seale\/"},"modified":"2016-10-26T12:56:21","modified_gmt":"2016-10-26T10:56:21","slug":"cable-de-acero-no-galvanizado-6x19-seale","status":"publish","type":"page","link":"https:\/\/www.santinifuni.com\/es\/cable-de-acero-no-galvanizado-6x19-seale\/","title":{"rendered":"Cable de acero no galvanizado 6&#215;19 Seale"},"content":{"rendered":"<p>[vc_row][vc_column][vc_column_text]\n<p style=\"text-align: justify;\">Cable de acero no galvanizado 6&#215;19 Seale.<\/p>\n<p style=\"text-align: justify;\"><strong>Caracter\u00edsticas<br \/>\n<\/strong>Cable 6\u00d719+AT SEALE. Este cable est\u00e1 formado por 6 hebras exteriores de 19 hilos cada una, con un alma de fibra textil. Disponemos tanto del cable de acero galvanizado R.1970 N\/mm2 como del cable de acero no galvanizado R.1570 N\/mm2.<br \/>\nLa mayor\u00eda de los di\u00e1metros comunes de 6 mm a 12 mm.<br \/>\nNormalmente se suministran en pares, con bobinado en direcci\u00f3n opuesta.<\/p>\n<p style=\"text-align: justify;\"><strong>Usos<\/strong><br \/>\nCable espec\u00edfico para la construcci\u00f3n de ascensores e instalaciones de elevaci\u00f3n.<\/p>\n[\/vc_column_text][\/vc_column][\/vc_row][vc_row css=&#8221;.vc_custom_1416322556311{margin-top: 40px !important;margin-bottom: 40px !important;}&#8221;][vc_column][vc_separator color=&#8221;mulled_wine&#8221; style=&#8221;dotted&#8221;][\/vc_column][\/vc_row][vc_row][vc_column width=&#8221;1\/4&#8243;][vc_gallery type=&#8221;image_grid&#8221; images=&#8221;869&#8243; img_size=&#8221;150&#215;150&#8243;][\/vc_column][vc_column width=&#8221;3\/4&#8243;][vc_empty_space height=&#8221;50&#8243;][vc_custom_heading text=&#8221;Alma de fibra textil&#8221; font_container=&#8221;tag:h3|text_align:left&#8221; google_fonts=&#8221;font_family:Open%20Sans%3A300%2C300italic%2Cregular%2Citalic%2C600%2C600italic%2C700%2C700italic%2C800%2C800italic|font_style:400%20regular%3A400%3Anormal&#8221;][\/vc_column][\/vc_row][vc_row][vc_column][vc_column_text]\n<table id=\"tablepress-B114FS\" class=\"tablepress tablepress-id-B114FS\">\n<thead>\n<tr class=\"row-1\">\n\t<th class=\"column-1\">\u00d8 mm<\/th><th class=\"column-2\">P.S. kg \/ m<\/th><th class=\"column-3\">C.R.M. kN\t<\/th><th class=\"column-4\">C.R.M. kg<\/th>\n<\/tr>\n<\/thead>\n<tbody class=\"row-striping row-hover\">\n<tr class=\"row-2\">\n\t<td class=\"column-1\">6<\/td><td class=\"column-2\">0,1340<\/td><td class=\"column-3\">18,7<\/td><td class=\"column-4\">1.906<\/td>\n<\/tr>\n<tr class=\"row-3\">\n\t<td class=\"column-1\">7<\/td><td class=\"column-2\">0,1830<\/td><td class=\"column-3\">25,5<\/td><td class=\"column-4\">2.599<\/td>\n<\/tr>\n<tr class=\"row-4\">\n\t<td class=\"column-1\">8<\/td><td class=\"column-2\">0,2380<\/td><td class=\"column-3\">33,2<\/td><td class=\"column-4\">3.384<\/td>\n<\/tr>\n<tr class=\"row-5\">\n\t<td class=\"column-1\">9<\/td><td class=\"column-2\">0,3020<\/td><td class=\"column-3\">42,1<\/td><td class=\"column-4\">4.292<\/td>\n<\/tr>\n<tr class=\"row-6\">\n\t<td class=\"column-1\">10<\/td><td class=\"column-2\">0,3730<\/td><td class=\"column-3\">52,0<\/td><td class=\"column-4\">5.301<\/td>\n<\/tr>\n<\/tbody>\n<\/table>\n<!-- #tablepress-B114FS from cache --> [\/vc_column_text][\/vc_column][\/vc_row][vc_row][vc_column][vc_cta_button2 h2=&#8221;&#8221; h4=&#8221;Para obtener m\u00e1s informaci\u00f3n acerca de nuestros productos&#8221; style=&#8221;square&#8221; txt_align=&#8221;center&#8221; title=&#8221;CONT\u00c1CTENOS&#8221; color=&#8221;mulled_wine&#8221; position=&#8221;bottom&#8221; link=&#8221;url:%2Fes%2Fcontactos%2F|title:Contactos|&#8221; accent_color=&#8221;#fcde49&#8243;][\/vc_cta_button2][\/vc_column][\/vc_row]\n","protected":false},"excerpt":{"rendered":"<p>[vc_row][vc_column][vc_column_text] Cable de acero no galvanizado 6&#215;19 Seale. Caracter\u00edsticas Cable 6\u00d719+AT SEALE. Este cable est\u00e1 formado por 6 hebras exteriores de 19 hilos cada una, con un alma de fibra textil. Disponemos tanto del cable de acero galvanizado R.1970 N\/mm2 como del cable de acero no galvanizado R.1570 N\/mm2. La mayor\u00eda de los di\u00e1metros comunes&#8230;<\/p>\n","protected":false},"author":1,"featured_media":0,"parent":0,"menu_order":0,"comment_status":"closed","ping_status":"closed","template":"","meta":{"footnotes":""},"class_list":["post-1665","page","type-page","status-publish","hentry"],"aioseo_notices":[],"_links":{"self":[{"href":"https:\/\/www.santinifuni.com\/es\/wp-json\/wp\/v2\/pages\/1665"}],"collection":[{"href":"https:\/\/www.santinifuni.com\/es\/wp-json\/wp\/v2\/pages"}],"about":[{"href":"https:\/\/www.santinifuni.com\/es\/wp-json\/wp\/v2\/types\/page"}],"author":[{"embeddable":true,"href":"https:\/\/www.santinifuni.com\/es\/wp-json\/wp\/v2\/users\/1"}],"replies":[{"embeddable":true,"href":"https:\/\/www.santinifuni.com\/es\/wp-json\/wp\/v2\/comments?post=1665"}],"version-history":[{"count":0,"href":"https:\/\/www.santinifuni.com\/es\/wp-json\/wp\/v2\/pages\/1665\/revisions"}],"wp:attachment":[{"href":"https:\/\/www.santinifuni.com\/es\/wp-json\/wp\/v2\/media?parent=1665"}],"curies":[{"name":"wp","href":"https:\/\/api.w.org\/{rel}","templated":true}]}}