{"id":1671,"date":"2014-11-18T12:46:05","date_gmt":"2014-11-18T11:46:05","guid":{"rendered":"http:\/\/www.santinifuni.com\/prodotti\/fune-acciaio-zincato-19x7-antigiro\/"},"modified":"2016-12-19T22:18:47","modified_gmt":"2016-12-19T21:18:47","slug":"cable-de-acero-galvanizado-de-19x7-antigiratorio","status":"publish","type":"page","link":"https:\/\/www.santinifuni.com\/es\/cable-de-acero-galvanizado-de-19x7-antigiratorio\/","title":{"rendered":"Cable de acero galvanizado de 19\u00d77 antigiratorio"},"content":{"rendered":"<p>[vc_row][vc_column][vc_column_text]\n<p style=\"text-align: justify;\">Cable de acero galvanizado de 19\u00d77, antigiratorio<\/p>\n<p style=\"text-align: justify;\"><strong>Caracter\u00edsticas<br \/>\n<\/strong>Cable antigiratorio de19 hebras x 7 hilos. Este cable est\u00e1 formado por 18 hilos exteriores de 7 hebras cada una, tiene un n\u00facleo de acero, tambi\u00e9n hecho de una hebra de 7 hilos. Disponemos del cable de acero galvanizado R.1970 N\/mm2. Di\u00e1metros m\u00e1s comunes de 4 mm a 12 mm.<br \/>\nCable generalmente no preformado, que no se tuerce cuando se somete a una carga de trabajo.<\/p>\n<p style=\"text-align: justify;\"><strong>Usos<\/strong><br \/>\nAdecuado para la elevaci\u00f3n y la construcci\u00f3n de puentes gr\u00faa, pozos de perforaci\u00f3n, elevaci\u00f3n de cargas con un solo tirante.<\/p>\n[\/vc_column_text][\/vc_column][\/vc_row][vc_row css=&#8221;.vc_custom_1416322556311{margin-top: 40px !important;margin-bottom: 40px !important;}&#8221;][vc_column][vc_separator color=&#8221;mulled_wine&#8221; style=&#8221;dotted&#8221;][\/vc_column][\/vc_row][vc_row][vc_column width=&#8221;1\/4&#8243;][vc_gallery type=&#8221;image_grid&#8221; images=&#8221;870&#8243; img_size=&#8221;150&#215;150&#8243;][\/vc_column][vc_column width=&#8221;3\/4&#8243;][vc_empty_space height=&#8221;50&#8243;][vc_custom_heading text=&#8221;Alma de acero&#8221; font_container=&#8221;tag:h3|text_align:left&#8221; google_fonts=&#8221;font_family:Open%20Sans%3A300%2C300italic%2Cregular%2Citalic%2C600%2C600italic%2C700%2C700italic%2C800%2C800italic|font_style:400%20regular%3A400%3Anormal&#8221;][\/vc_column][\/vc_row][vc_row][vc_column][vc_column_text]\n<table id=\"tablepress-Z133AG\" class=\"tablepress tablepress-id-Z133AG\">\n<thead>\n<tr class=\"row-1\">\n\t<th class=\"column-1\">\u00d8 mm<\/th><th class=\"column-2\">P.S. kg \/ m<\/th><th class=\"column-3\">C.R.M. kN\t<\/th><th class=\"column-4\">C.R.M. kg<\/th>\n<\/tr>\n<\/thead>\n<tbody class=\"row-striping row-hover\">\n<tr class=\"row-2\">\n\t<td class=\"column-1\">4<\/td><td class=\"column-2\">0,2600<\/td><td class=\"column-3\">12,6<\/td><td class=\"column-4\">1.284<\/td>\n<\/tr>\n<tr class=\"row-3\">\n\t<td class=\"column-1\">5<\/td><td class=\"column-2\">0,1000<\/td><td class=\"column-3\">16,4<\/td><td class=\"column-4\">1.672<\/td>\n<\/tr>\n<tr class=\"row-4\">\n\t<td class=\"column-1\">6<\/td><td class=\"column-2\">0,1500<\/td><td class=\"column-3\">23,6<\/td><td class=\"column-4\">2.406<\/td>\n<\/tr>\n<tr class=\"row-5\">\n\t<td class=\"column-1\">7<\/td><td class=\"column-2\">0,2000<\/td><td class=\"column-3\">32,1<\/td><td class=\"column-4\">3.272<\/td>\n<\/tr>\n<tr class=\"row-6\">\n\t<td class=\"column-1\">8<\/td><td class=\"column-2\">0,2600<\/td><td class=\"column-3\">42<\/td><td class=\"column-4\">4.281<\/td>\n<\/tr>\n<tr class=\"row-7\">\n\t<td class=\"column-1\">9<\/td><td class=\"column-2\">0,3300<\/td><td class=\"column-3\">53,1<\/td><td class=\"column-4\">5.413<\/td>\n<\/tr>\n<tr class=\"row-8\">\n\t<td class=\"column-1\">10<\/td><td class=\"column-2\">0,4100<\/td><td class=\"column-3\">65,6<\/td><td class=\"column-4\">6.687<\/td>\n<\/tr>\n<tr class=\"row-9\">\n\t<td class=\"column-1\">11<\/td><td class=\"column-2\">0,4870<\/td><td class=\"column-3\">75,8<\/td><td class=\"column-4\">7.727<\/td>\n<\/tr>\n<tr class=\"row-10\">\n\t<td class=\"column-1\">12<\/td><td class=\"column-2\">0,5790<\/td><td class=\"column-3\">90,2<\/td><td class=\"column-4\">9.195<\/td>\n<\/tr>\n<\/tbody>\n<\/table>\n<!-- #tablepress-Z133AG from cache --> \u00a0 [\/vc_column_text][\/vc_column][\/vc_row][vc_row][vc_column][vc_cta_button2 h2=&#8221;&#8221; h4=&#8221;Para obtener m\u00e1s informaci\u00f3n acerca de nuestros productos&#8221; style=&#8221;square&#8221; txt_align=&#8221;center&#8221; title=&#8221;CONT\u00c1CTENOS&#8221; color=&#8221;mulled_wine&#8221; position=&#8221;bottom&#8221; link=&#8221;url:%2Fes%2Fcontactos%2F|title:Contactos|&#8221; accent_color=&#8221;#fcde49&#8243;][\/vc_cta_button2][\/vc_column][\/vc_row]\n","protected":false},"excerpt":{"rendered":"<p>[vc_row][vc_column][vc_column_text] Cable de acero galvanizado de 19\u00d77, antigiratorio Caracter\u00edsticas Cable antigiratorio de19 hebras x 7 hilos. Este cable est\u00e1 formado por 18 hilos exteriores de 7 hebras cada una, tiene un n\u00facleo de acero, tambi\u00e9n hecho de una hebra de 7 hilos. Disponemos del cable de acero galvanizado R.1970 N\/mm2. Di\u00e1metros m\u00e1s comunes de 4&#8230;<\/p>\n","protected":false},"author":1,"featured_media":0,"parent":0,"menu_order":0,"comment_status":"closed","ping_status":"closed","template":"","meta":{"footnotes":""},"class_list":["post-1671","page","type-page","status-publish","hentry"],"aioseo_notices":[],"_links":{"self":[{"href":"https:\/\/www.santinifuni.com\/es\/wp-json\/wp\/v2\/pages\/1671"}],"collection":[{"href":"https:\/\/www.santinifuni.com\/es\/wp-json\/wp\/v2\/pages"}],"about":[{"href":"https:\/\/www.santinifuni.com\/es\/wp-json\/wp\/v2\/types\/page"}],"author":[{"embeddable":true,"href":"https:\/\/www.santinifuni.com\/es\/wp-json\/wp\/v2\/users\/1"}],"replies":[{"embeddable":true,"href":"https:\/\/www.santinifuni.com\/es\/wp-json\/wp\/v2\/comments?post=1671"}],"version-history":[{"count":0,"href":"https:\/\/www.santinifuni.com\/es\/wp-json\/wp\/v2\/pages\/1671\/revisions"}],"wp:attachment":[{"href":"https:\/\/www.santinifuni.com\/es\/wp-json\/wp\/v2\/media?parent=1671"}],"curies":[{"name":"wp","href":"https:\/\/api.w.org\/{rel}","templated":true}]}}