{"id":1684,"date":"2014-11-18T12:44:06","date_gmt":"2014-11-18T11:44:06","guid":{"rendered":"http:\/\/www.santinifuni.com\/prodotti\/fune-acciaio-zincato-6x36ws\/"},"modified":"2016-10-26T12:53:18","modified_gmt":"2016-10-26T10:53:18","slug":"cable-en-acero-galvanizado-6x36ws-fciwrc","status":"publish","type":"page","link":"https:\/\/www.santinifuni.com\/es\/cable-en-acero-galvanizado-6x36ws-fciwrc\/","title":{"rendered":"Cable de acero galvanizado  6x36WS + FC\/IWRC."},"content":{"rendered":"<p>[vc_row][vc_column][vc_column_text]\n<p style=\"text-align: justify;\">Cable en acero no galvanizado \/ galvanizado 6x36WS + FC\/IWRC.<\/p>\n<p style=\"text-align: justify;\"><strong>Caracter\u00edsticas<\/strong><br \/>\nCable Warrington-seale de 6 hebras x 36 hilos. Este cable est\u00e1 formado por 6 hebras exteriores de 36 hilos cada una, puede tener un alma de fibra textil o n\u00facleo de acero, que consiste en un cable de 49 hilos por (6 \u00d7 7 + AM). Disponemos tanto de cables en acero galvanizado R.1770 N\/mm2 como de cables de acero no galvanizado R.1770 N\/mm2 o 1960 N\/mm2 (tanto con alma de fibra como de metal). La mayor\u00eda de los di\u00e1metros comunes de 8 mm a 36 mm.<br \/>\nCordaje trenzado, con alta flexibilidad. Seale Tipo de construcci\u00f3n Warrington (cables trenzados de diferentes di\u00e1metros, zona alta de metal). Buena resistencia a la abrasi\u00f3n. El alma de metal se compone de un cable independiente tipo 6\u00d77+AM (IWRC: independent wire rope core).<\/p>\n<p style=\"text-align: justify;\"><strong>Usos<\/strong><br \/>\nEl cable se utiliza generalmente para la elevaci\u00f3n y construcci\u00f3n de tirantes.<\/p>\n[\/vc_column_text][\/vc_column][\/vc_row][vc_row css=&#8221;.vc_custom_1416322556311{margin-top: 40px !important;margin-bottom: 40px !important;}&#8221;][vc_column][vc_separator color=&#8221;mulled_wine&#8221; style=&#8221;dotted&#8221;][\/vc_column][\/vc_row][vc_row][vc_column width=&#8221;1\/4&#8243;][vc_gallery type=&#8221;image_grid&#8221; images=&#8221;412&#8243; img_size=&#8221;150&#215;150&#8243;][\/vc_column][vc_column width=&#8221;3\/4&#8243;][vc_empty_space height=&#8221;50&#8243;][vc_custom_heading text=&#8221;Alma de fibra textil&#8221; font_container=&#8221;tag:h3|text_align:left&#8221; google_fonts=&#8221;font_family:Open%20Sans%3A300%2C300italic%2Cregular%2Citalic%2C600%2C600italic%2C700%2C700italic%2C800%2C800italic|font_style:400%20regular%3A400%3Anormal&#8221;][\/vc_column][\/vc_row][vc_row][vc_column][vc_column_text]\n<table id=\"tablepress-Z216F\" class=\"tablepress tablepress-id-Z216F\">\n<thead>\n<tr class=\"row-1\">\n\t<th class=\"column-1\">\u00d8 mm<\/th><th class=\"column-2\">P.S. kg \/ m<\/th><th class=\"column-3\">C.R.M. kN<\/th><th class=\"column-4\">C.R.M. kg<\/th>\n<\/tr>\n<\/thead>\n<tbody class=\"row-striping row-hover\">\n<tr class=\"row-2\">\n\t<td class=\"column-1\">12<\/td><td class=\"column-2\">0,5470<\/td><td class=\"column-3\">84,1<\/td><td class=\"column-4\">8.573<\/td>\n<\/tr>\n<tr class=\"row-3\">\n\t<td class=\"column-1\">13<\/td><td class=\"column-2\">0,6430<\/td><td class=\"column-3\">98,7<\/td><td class=\"column-4\">10.061<\/td>\n<\/tr>\n<tr class=\"row-4\">\n\t<td class=\"column-1\">14<\/td><td class=\"column-2\">0,7450<\/td><td class=\"column-3\">114,0<\/td><td class=\"column-4\">11.621<\/td>\n<\/tr>\n<tr class=\"row-5\">\n\t<td class=\"column-1\">16<\/td><td class=\"column-2\">0,9730<\/td><td class=\"column-3\">150,0<\/td><td class=\"column-4\">15.291<\/td>\n<\/tr>\n<tr class=\"row-6\">\n\t<td class=\"column-1\">18<\/td><td class=\"column-2\">1,2300<\/td><td class=\"column-3\">189,0<\/td><td class=\"column-4\">19.266<\/td>\n<\/tr>\n<tr class=\"row-7\">\n\t<td class=\"column-1\">20<\/td><td class=\"column-2\">1,5200<\/td><td class=\"column-3\">234,0<\/td><td class=\"column-4\">23.853<\/td>\n<\/tr>\n<tr class=\"row-8\">\n\t<td class=\"column-1\">22<\/td><td class=\"column-2\">1,8400<\/td><td class=\"column-3\">283,0<\/td><td class=\"column-4\">28.848<\/td>\n<\/tr>\n<tr class=\"row-9\">\n\t<td class=\"column-1\">24<\/td><td class=\"column-2\">2,1900<\/td><td class=\"column-3\">336,0<\/td><td class=\"column-4\">34.251<\/td>\n<\/tr>\n<tr class=\"row-10\">\n\t<td class=\"column-1\">26<\/td><td class=\"column-2\">2,5700<\/td><td class=\"column-3\">395,0<\/td><td class=\"column-4\">40.265<\/td>\n<\/tr>\n<tr class=\"row-11\">\n\t<td class=\"column-1\">28<\/td><td class=\"column-2\">2,9800<\/td><td class=\"column-3\">458,0<\/td><td class=\"column-4\">46.687<\/td>\n<\/tr>\n<tr class=\"row-12\">\n\t<td class=\"column-1\">32<\/td><td class=\"column-2\">3,8900<\/td><td class=\"column-3\">598,0<\/td><td class=\"column-4\">60.958<\/td>\n<\/tr>\n<\/tbody>\n<\/table>\n<!-- #tablepress-Z216F from cache -->[\/vc_column_text][\/vc_column][\/vc_row][vc_row css=&#8221;.vc_custom_1416322556311{margin-top: 40px !important;margin-bottom: 40px !important;}&#8221;][vc_column][vc_separator color=&#8221;mulled_wine&#8221; style=&#8221;dotted&#8221;][\/vc_column][\/vc_row][vc_row][vc_column width=&#8221;1\/4&#8243;][vc_gallery type=&#8221;image_grid&#8221; images=&#8221;358&#8243; img_size=&#8221;150&#215;150&#8243;][\/vc_column][vc_column width=&#8221;3\/4&#8243;][vc_empty_space height=&#8221;50&#8243;][vc_custom_heading text=&#8221;Fune in acciao con Anima Metallica&#8221; font_container=&#8221;tag:h3|text_align:left&#8221; google_fonts=&#8221;font_family:Open%20Sans%3A300%2C300italic%2Cregular%2Citalic%2C600%2C600italic%2C700%2C700italic%2C800%2C800italic|font_style:400%20regular%3A400%3Anormal&#8221;][\/vc_column][\/vc_row][vc_row][vc_column][vc_column_text]\n<table id=\"tablepress-Z216M\" class=\"tablepress tablepress-id-Z216M\">\n<thead>\n<tr class=\"row-1\">\n\t<th class=\"column-1\">\u00d8 mm<\/th><th class=\"column-2\">P.S. kg \/ m<\/th><th class=\"column-3\">C.R.M. kN\t<\/th><th class=\"column-4\">C.R.M. kg<\/th>\n<\/tr>\n<\/thead>\n<tbody class=\"row-striping row-hover\">\n<tr class=\"row-2\">\n\t<td class=\"column-1\">12<\/td><td class=\"column-2\">0,6020<\/td><td class=\"column-3\">90,7<\/td><td class=\"column-4\">9.246<\/td>\n<\/tr>\n<tr class=\"row-3\">\n\t<td class=\"column-1\">13<\/td><td class=\"column-2\">0,7070<\/td><td class=\"column-3\">106<\/td><td class=\"column-4\">10.805<\/td>\n<\/tr>\n<tr class=\"row-4\">\n\t<td class=\"column-1\">14<\/td><td class=\"column-2\">0,8200<\/td><td class=\"column-3\">124<\/td><td class=\"column-4\">12.640<\/td>\n<\/tr>\n<tr class=\"row-5\">\n\t<td class=\"column-1\">16<\/td><td class=\"column-2\">1,0700<\/td><td class=\"column-3\">161<\/td><td class=\"column-4\">16.412<\/td>\n<\/tr>\n<tr class=\"row-6\">\n\t<td class=\"column-1\">18<\/td><td class=\"column-2\">1,3500<\/td><td class=\"column-3\">204<\/td><td class=\"column-4\">20.795<\/td>\n<\/tr>\n<tr class=\"row-7\">\n\t<td class=\"column-1\">20<\/td><td class=\"column-2\">1,6700<\/td><td class=\"column-3\">252<\/td><td class=\"column-4\">25.688<\/td>\n<\/tr>\n<tr class=\"row-8\">\n\t<td class=\"column-1\">22<\/td><td class=\"column-2\">2,0200<\/td><td class=\"column-3\">305<\/td><td class=\"column-4\">31.091<\/td>\n<\/tr>\n<tr class=\"row-9\">\n\t<td class=\"column-1\">24<\/td><td class=\"column-2\">2,4100<\/td><td class=\"column-3\">363<\/td><td class=\"column-4\">37.003<\/td>\n<\/tr>\n<tr class=\"row-10\">\n\t<td class=\"column-1\">26<\/td><td class=\"column-2\">2,8300<\/td><td class=\"column-3\">426<\/td><td class=\"column-4\">43.425<\/td>\n<\/tr>\n<tr class=\"row-11\">\n\t<td class=\"column-1\">28<\/td><td class=\"column-2\">3,2800<\/td><td class=\"column-3\">494<\/td><td class=\"column-4\">50.357<\/td>\n<\/tr>\n<tr class=\"row-12\">\n\t<td class=\"column-1\">32<\/td><td class=\"column-2\">4,2800<\/td><td class=\"column-3\">645<\/td><td class=\"column-4\">65.749<\/td>\n<\/tr>\n<\/tbody>\n<\/table>\n<!-- #tablepress-Z216M from cache -->[\/vc_column_text][\/vc_column][\/vc_row][vc_row][vc_column][vc_cta_button2 h2=&#8221;&#8221; h4=&#8221;Para obtener m\u00e1s informaci\u00f3n acerca de nuestros productos&#8221; style=&#8221;square&#8221; txt_align=&#8221;center&#8221; title=&#8221;CONT\u00c1CTENOS&#8221; color=&#8221;mulled_wine&#8221; position=&#8221;bottom&#8221; link=&#8221;url:%2Fes%2Fcontactos%2F|title:Contactos|&#8221; accent_color=&#8221;#fcde49&#8243;][\/vc_cta_button2][\/vc_column][\/vc_row]\n","protected":false},"excerpt":{"rendered":"<p>[vc_row][vc_column][vc_column_text] Cable en acero no galvanizado \/ galvanizado 6x36WS + FC\/IWRC. Caracter\u00edsticas Cable Warrington-seale de 6 hebras x 36 hilos. Este cable est\u00e1 formado por 6 hebras exteriores de 36 hilos cada una, puede tener un alma de fibra textil o n\u00facleo de acero, que consiste en un cable de 49 hilos por (6 \u00d7&#8230;<\/p>\n","protected":false},"author":1,"featured_media":0,"parent":0,"menu_order":0,"comment_status":"closed","ping_status":"closed","template":"","meta":{"footnotes":""},"class_list":["post-1684","page","type-page","status-publish","hentry"],"aioseo_notices":[],"_links":{"self":[{"href":"https:\/\/www.santinifuni.com\/es\/wp-json\/wp\/v2\/pages\/1684"}],"collection":[{"href":"https:\/\/www.santinifuni.com\/es\/wp-json\/wp\/v2\/pages"}],"about":[{"href":"https:\/\/www.santinifuni.com\/es\/wp-json\/wp\/v2\/types\/page"}],"author":[{"embeddable":true,"href":"https:\/\/www.santinifuni.com\/es\/wp-json\/wp\/v2\/users\/1"}],"replies":[{"embeddable":true,"href":"https:\/\/www.santinifuni.com\/es\/wp-json\/wp\/v2\/comments?post=1684"}],"version-history":[{"count":0,"href":"https:\/\/www.santinifuni.com\/es\/wp-json\/wp\/v2\/pages\/1684\/revisions"}],"wp:attachment":[{"href":"https:\/\/www.santinifuni.com\/es\/wp-json\/wp\/v2\/media?parent=1684"}],"curies":[{"name":"wp","href":"https:\/\/api.w.org\/{rel}","templated":true}]}}