{"id":1689,"date":"2014-11-18T12:44:41","date_gmt":"2014-11-18T11:44:41","guid":{"rendered":"http:\/\/www.santinifuni.com\/prodotti\/fune-acciaio-zincato-6x37\/"},"modified":"2016-10-26T12:54:59","modified_gmt":"2016-10-26T10:54:59","slug":"fune-acciaio-zincato-6x37","status":"publish","type":"page","link":"https:\/\/www.santinifuni.com\/es\/fune-acciaio-zincato-6x37\/","title":{"rendered":"Cable de acero galvanizado 6\u00d737"},"content":{"rendered":"<p>[vc_row][vc_column][vc_column_text]\n<p style=\"text-align: justify;\">Cable en acero no galvanizado \/ galvanizado, 6\u00d737 + alma de fibra textil.<\/p>\n<p style=\"text-align: justify;\"><strong>Caracter\u00edsticas<br \/>\n<\/strong>Cable est\u00e1ndar 6 hebras x 37 hilos. Este cable est\u00e1 formado por 6 hebras exteriores de 37 hilos cada una, puede tener un alma de fibra textil o un n\u00facleo de acero, tambi\u00e9n se compone de una cadena de 19 hilos. Disponemos tanto del cable de acero galvanizado R.1770 N\/mm2 como del cable de acero no galvanizado R.1770 N\/mm2 (tanto con alma de metal como textil). La mayor\u00eda de los di\u00e1metros comunes de 5 mm a 34 mm.<br \/>\nCable de hebras, con alta flexibilidad. Tipo est\u00e1ndar de construcci\u00f3n (todos los cables tienen el mismo di\u00e1metro). Las hebras se forman a partir de un hilo central, seis cables en la primera capa intermedia 12 en la segunda y 18 en la exterior.<\/p>\n<p style=\"text-align: justify;\"><strong>Usos<\/strong><br \/>\nUso m\u00faltiples, elevaci\u00f3n.<\/p>\n[\/vc_column_text][\/vc_column][\/vc_row][vc_row css=&#8221;.vc_custom_1416322556311{margin-top: 40px !important;margin-bottom: 40px !important;}&#8221;][vc_column][vc_separator color=&#8221;mulled_wine&#8221; style=&#8221;dotted&#8221;][\/vc_column][\/vc_row][vc_row][vc_column width=&#8221;1\/4&#8243;][vc_gallery type=&#8221;image_grid&#8221; images=&#8221;991&#8243; img_size=&#8221;150&#215;150&#8243;][\/vc_column][vc_column width=&#8221;3\/4&#8243;][vc_empty_space height=&#8221;50&#8243;][vc_custom_heading text=&#8221;Alma de fibra textil&#8221; font_container=&#8221;tag:h3|text_align:left&#8221; google_fonts=&#8221;font_family:Open%20Sans%3A300%2C300italic%2Cregular%2Citalic%2C600%2C600italic%2C700%2C700italic%2C800%2C800italic|font_style:400%20regular%3A400%3Anormal&#8221;][\/vc_column][\/vc_row][vc_row][vc_column][vc_column_text]\n<table id=\"tablepress-Z222F\" class=\"tablepress tablepress-id-Z222F\">\n<thead>\n<tr class=\"row-1\">\n\t<th class=\"column-1\">\u00d8 mm<\/th><th class=\"column-2\">P.S. kg \/ m<\/th><th class=\"column-3\">C.R.M. kN\t<\/th><th class=\"column-4\">C.R.M. kg<\/th>\n<\/tr>\n<\/thead>\n<tbody class=\"row-striping row-hover\">\n<tr class=\"row-2\">\n\t<td class=\"column-1\">6<\/td><td class=\"column-2\">0,1250<\/td><td class=\"column-3\">18,8<\/td><td class=\"column-4\">1.916<\/td>\n<\/tr>\n<tr class=\"row-3\">\n\t<td class=\"column-1\">8<\/td><td class=\"column-2\">0,2210<\/td><td class=\"column-3\">33,4<\/td><td class=\"column-4\">3.405<\/td>\n<\/tr>\n<tr class=\"row-4\">\n\t<td class=\"column-1\">10<\/td><td class=\"column-2\">0,3460<\/td><td class=\"column-3\">52,2<\/td><td class=\"column-4\">5.321<\/td>\n<\/tr>\n<tr class=\"row-5\">\n\t<td class=\"column-1\">12<\/td><td class=\"column-2\">0,4980<\/td><td class=\"column-3\">75,1<\/td><td class=\"column-4\">7.655<\/td>\n<\/tr>\n<tr class=\"row-6\">\n\t<td class=\"column-1\">14<\/td><td class=\"column-2\">0,6780<\/td><td class=\"column-3\">102,0<\/td><td class=\"column-4\">10.398<\/td>\n<\/tr>\n<tr class=\"row-7\">\n\t<td class=\"column-1\">16<\/td><td class=\"column-2\">0,8860<\/td><td class=\"column-3\">134,0<\/td><td class=\"column-4\">13.660<\/td>\n<\/tr>\n<tr class=\"row-8\">\n\t<td class=\"column-1\">18<\/td><td class=\"column-2\">1,1200<\/td><td class=\"column-3\">169,0<\/td><td class=\"column-4\">17.227<\/td>\n<\/tr>\n<tr class=\"row-9\">\n\t<td class=\"column-1\">20<\/td><td class=\"column-2\">1,3800<\/td><td class=\"column-3\">209,0<\/td><td class=\"column-4\">21.305<\/td>\n<\/tr>\n<tr class=\"row-10\">\n\t<td class=\"column-1\">22<\/td><td class=\"column-2\">1,6700<\/td><td class=\"column-3\">253,0<\/td><td class=\"column-4\">25.790<\/td>\n<\/tr>\n<tr class=\"row-11\">\n\t<td class=\"column-1\">24<\/td><td class=\"column-2\">1,9900<\/td><td class=\"column-3\">301,0<\/td><td class=\"column-4\">30.683<\/td>\n<\/tr>\n<tr class=\"row-12\">\n\t<td class=\"column-1\">26<\/td><td class=\"column-2\">2,3400<\/td><td class=\"column-3\">353,0<\/td><td class=\"column-4\">35.984<\/td>\n<\/tr>\n<tr class=\"row-13\">\n\t<td class=\"column-1\">28<\/td><td class=\"column-2\">2,7100<\/td><td class=\"column-3\">409,0<\/td><td class=\"column-4\">41.692<\/td>\n<\/tr>\n<tr class=\"row-14\">\n\t<td class=\"column-1\">32<\/td><td class=\"column-2\">3,5400<\/td><td class=\"column-3\">534,0<\/td><td class=\"column-4\">54.434<\/td>\n<\/tr>\n<\/tbody>\n<\/table>\n<!-- #tablepress-Z222F from cache --> \u00a0 [\/vc_column_text][\/vc_column][\/vc_row][vc_row][vc_column][vc_cta_button2 h2=&#8221;&#8221; h4=&#8221;Para obtener m\u00e1s informaci\u00f3n acerca de nuestros productos&#8221; style=&#8221;square&#8221; txt_align=&#8221;center&#8221; title=&#8221;CONT\u00c1CTENOS&#8221; color=&#8221;mulled_wine&#8221; position=&#8221;bottom&#8221; link=&#8221;url:%2Fes%2Fcontactos%2F|title:Contactos|&#8221; accent_color=&#8221;#fcde49&#8243;][\/vc_cta_button2][\/vc_column][\/vc_row]\n","protected":false},"excerpt":{"rendered":"<p>[vc_row][vc_column][vc_column_text] Cable en acero no galvanizado \/ galvanizado, 6\u00d737 + alma de fibra textil. Caracter\u00edsticas Cable est\u00e1ndar 6 hebras x 37 hilos. Este cable est\u00e1 formado por 6 hebras exteriores de 37 hilos cada una, puede tener un alma de fibra textil o un n\u00facleo de acero, tambi\u00e9n se compone de una cadena de 19&#8230;<\/p>\n","protected":false},"author":1,"featured_media":0,"parent":0,"menu_order":0,"comment_status":"closed","ping_status":"closed","template":"","meta":{"footnotes":""},"class_list":["post-1689","page","type-page","status-publish","hentry"],"aioseo_notices":[],"_links":{"self":[{"href":"https:\/\/www.santinifuni.com\/es\/wp-json\/wp\/v2\/pages\/1689"}],"collection":[{"href":"https:\/\/www.santinifuni.com\/es\/wp-json\/wp\/v2\/pages"}],"about":[{"href":"https:\/\/www.santinifuni.com\/es\/wp-json\/wp\/v2\/types\/page"}],"author":[{"embeddable":true,"href":"https:\/\/www.santinifuni.com\/es\/wp-json\/wp\/v2\/users\/1"}],"replies":[{"embeddable":true,"href":"https:\/\/www.santinifuni.com\/es\/wp-json\/wp\/v2\/comments?post=1689"}],"version-history":[{"count":0,"href":"https:\/\/www.santinifuni.com\/es\/wp-json\/wp\/v2\/pages\/1689\/revisions"}],"wp:attachment":[{"href":"https:\/\/www.santinifuni.com\/es\/wp-json\/wp\/v2\/media?parent=1689"}],"curies":[{"name":"wp","href":"https:\/\/api.w.org\/{rel}","templated":true}]}}