{"id":1695,"date":"2014-11-18T12:49:47","date_gmt":"2014-11-18T11:49:47","guid":{"rendered":"http:\/\/www.santinifuni.com\/prodotti\/fune-acciaio-zincato-6x7\/"},"modified":"2017-11-02T09:41:12","modified_gmt":"2017-11-02T08:41:12","slug":"fune-acciaio-zincato-6x7","status":"publish","type":"page","link":"https:\/\/www.santinifuni.com\/es\/fune-acciaio-zincato-6x7\/","title":{"rendered":"Cable de acero galvanizado, 6\u00d77+FC"},"content":{"rendered":"<p>[vc_row][vc_column][vc_column_text]\n<p style=\"text-align: justify;\">Cable en acero galvanizado, 6\u00d77+FC<\/p>\n<p style=\"text-align: justify;\"><strong>Caracter\u00edsticas<br \/>\n<\/strong>Cable est\u00e1ndar de 6 hebras x 7 hilos. Este cable est\u00e1 formado por 6 hebras exteriores de 7 hilos cada una, con un alma de fibra textil. Resistencia de 1770 N\/mm2. Diametros m\u00e1s comunes de 1 mm a 10 mm.<br \/>\nCable de hebras, con buena relaci\u00f3n flexibilidad \/ resistencia. Tipo est\u00e1ndar de construcci\u00f3n (todos los cables tienen el mismo di\u00e1metro). Las hebras se forman a partir de un hilo central, seis hilos en la capa exterior.<\/p>\n<p style=\"text-align: justify;\"><strong>Usos<\/strong><br \/>\nCable apto para usos m\u00faltiples, desde la construcci\u00f3n de redes de protecci\u00f3n contra ca\u00edda de rocas, hasta la realizaci\u00f3n de l\u00edneas de vida anti-ca\u00edda.<\/p>\n[\/vc_column_text][\/vc_column][\/vc_row][vc_row css=&#8221;.vc_custom_1416322556311{margin-top: 40px !important;margin-bottom: 40px !important;}&#8221;][vc_column][vc_separator color=&#8221;mulled_wine&#8221; style=&#8221;dotted&#8221;][\/vc_column][\/vc_row][vc_row][vc_column width=&#8221;1\/4&#8243;][vc_gallery type=&#8221;image_grid&#8221; images=&#8221;866&#8243; img_size=&#8221;150&#215;150&#8243;][\/vc_column][vc_column width=&#8221;3\/4&#8243;][vc_empty_space height=&#8221;50&#8243;][vc_custom_heading text=&#8221;Alma de fibra textil&#8221; font_container=&#8221;tag:h3|text_align:left&#8221; google_fonts=&#8221;font_family:Open%20Sans%3A300%2C300italic%2Cregular%2Citalic%2C600%2C600italic%2C700%2C700italic%2C800%2C800italic|font_style:400%20regular%3A400%3Anormal&#8221;][\/vc_column][\/vc_row][vc_row][vc_column][vc_column_text]\n<table id=\"tablepress-Z042F\" class=\"tablepress tablepress-id-Z042F\">\n<thead>\n<tr class=\"row-1\">\n\t<th class=\"column-1\">\u00d8 mm<\/th><th class=\"column-2\">P.S. kg \/ m<\/th><th class=\"column-3\">C.R.M. kN\t<\/th><th class=\"column-4\">C.R.M. kg<\/th>\n<\/tr>\n<\/thead>\n<tbody class=\"row-striping row-hover\">\n<tr class=\"row-2\">\n\t<td class=\"column-1\">2<\/td><td class=\"column-2\">0,0143<\/td><td class=\"column-3\">2,4<\/td><td class=\"column-4\">245<\/td>\n<\/tr>\n<tr class=\"row-3\">\n\t<td class=\"column-1\">3<\/td><td class=\"column-2\">0,0322<\/td><td class=\"column-3\">5,3<\/td><td class=\"column-4\">540<\/td>\n<\/tr>\n<tr class=\"row-4\">\n\t<td class=\"column-1\">4<\/td><td class=\"column-2\">0,0572<\/td><td class=\"column-3\">9,4<\/td><td class=\"column-4\">958<\/td>\n<\/tr>\n<tr class=\"row-5\">\n\t<td class=\"column-1\">5<\/td><td class=\"column-2\">0,0894<\/td><td class=\"column-3\">14,7<\/td><td class=\"column-4\">1.498<\/td>\n<\/tr>\n<tr class=\"row-6\">\n\t<td class=\"column-1\">6<\/td><td class=\"column-2\">0,1290<\/td><td class=\"column-3\">21,1<\/td><td class=\"column-4\">2.151<\/td>\n<\/tr>\n<tr class=\"row-7\">\n\t<td class=\"column-1\">7<\/td><td class=\"column-2\">0,1750<\/td><td class=\"column-3\">28,8<\/td><td class=\"column-4\">2.936<\/td>\n<\/tr>\n<tr class=\"row-8\">\n\t<td class=\"column-1\">8<\/td><td class=\"column-2\">0,2290<\/td><td class=\"column-3\">37,6<\/td><td class=\"column-4\">3.833<\/td>\n<\/tr>\n<\/tbody>\n<\/table>\n<!-- #tablepress-Z042F from cache --> \u00a0 [\/vc_column_text][\/vc_column][\/vc_row][vc_row][vc_column][vc_cta_button2 h2=&#8221;&#8221; h4=&#8221;Para obtener m\u00e1s informaci\u00f3n acerca de nuestros productos&#8221; style=&#8221;square&#8221; txt_align=&#8221;center&#8221; title=&#8221;CONT\u00c1CTENOS&#8221; color=&#8221;mulled_wine&#8221; position=&#8221;bottom&#8221; link=&#8221;url:%2Fes%2Fcontactos%2F|title:Contactos|&#8221; accent_color=&#8221;#fcde49&#8243;][\/vc_cta_button2][\/vc_column][\/vc_row]\n","protected":false},"excerpt":{"rendered":"<p>[vc_row][vc_column][vc_column_text] Cable en acero galvanizado, 6\u00d77+FC Caracter\u00edsticas Cable est\u00e1ndar de 6 hebras x 7 hilos. Este cable est\u00e1 formado por 6 hebras exteriores de 7 hilos cada una, con un alma de fibra textil. Resistencia de 1770 N\/mm2. Diametros m\u00e1s comunes de 1 mm a 10 mm. Cable de hebras, con buena relaci\u00f3n flexibilidad \/&#8230;<\/p>\n","protected":false},"author":1,"featured_media":0,"parent":0,"menu_order":0,"comment_status":"closed","ping_status":"closed","template":"","meta":{"footnotes":""},"class_list":["post-1695","page","type-page","status-publish","hentry"],"aioseo_notices":[],"_links":{"self":[{"href":"https:\/\/www.santinifuni.com\/es\/wp-json\/wp\/v2\/pages\/1695"}],"collection":[{"href":"https:\/\/www.santinifuni.com\/es\/wp-json\/wp\/v2\/pages"}],"about":[{"href":"https:\/\/www.santinifuni.com\/es\/wp-json\/wp\/v2\/types\/page"}],"author":[{"embeddable":true,"href":"https:\/\/www.santinifuni.com\/es\/wp-json\/wp\/v2\/users\/1"}],"replies":[{"embeddable":true,"href":"https:\/\/www.santinifuni.com\/es\/wp-json\/wp\/v2\/comments?post=1695"}],"version-history":[{"count":0,"href":"https:\/\/www.santinifuni.com\/es\/wp-json\/wp\/v2\/pages\/1695\/revisions"}],"wp:attachment":[{"href":"https:\/\/www.santinifuni.com\/es\/wp-json\/wp\/v2\/media?parent=1695"}],"curies":[{"name":"wp","href":"https:\/\/api.w.org\/{rel}","templated":true}]}}