{"id":2852,"date":"2018-09-25T12:09:59","date_gmt":"2018-09-25T10:09:59","guid":{"rendered":"https:\/\/www.santinifuni.com\/es\/?page_id=2852"},"modified":"2018-09-25T12:09:59","modified_gmt":"2018-09-25T10:09:59","slug":"cables-de-acero-caracteristicas-y-tipos","status":"publish","type":"page","link":"https:\/\/www.santinifuni.com\/es\/cables-de-acero-caracteristicas-y-tipos\/","title":{"rendered":"Cables de acero: caracter\u00edsticas y tipos"},"content":{"rendered":"<p><strong><em>\u00bfEst\u00e1s buscando cables de acero para todo tipo de uso? En esta p\u00e1gina encontrar\u00e1s una breve gu\u00eda para conocer los cables disponibles en el mercado y entender las principales caracter\u00edsticas t\u00e9cnicas.<\/em><\/strong><\/p>\n<p>Los <strong>cables de acero<\/strong> son una familia de productos profesionales destinados a <strong>m\u00faltiples usos en sectores diferentes<\/strong>: elevaci\u00f3n de cargas de diferente peso en el sector de la construcci\u00f3n, equipamientos de seguridad en las l\u00edneas de vida, refuerzo estructural en las redes de protecci\u00f3n contra ca\u00edda de rocas, ascensores y equipos de elevaci\u00f3n en general, o bien como transmisiones flexibles e, incluso, como elementos en el sector arquitect\u00f3nico.<\/p>\n<p>Los <strong>cables de acero<\/strong> m\u00e1s utilizados para estas aplicaciones se dividen en tres tipos principales: junto a los simples <strong>cables de acero sin revestimiento<\/strong>, el mercado tambi\u00e9n propone <strong>cables de acero inoxidable<\/strong> y <strong>cables de acero cincado<\/strong>, destinados a usos especiales. En los pr\u00f3ximos apartados analizaremos con detalles sus caracter\u00edsticas.<\/p>\n<h2>Cables de acero inoxidable<\/h2>\n<p>Los <strong>cables de acero inoxidable<\/strong> se fabrican con una aleaci\u00f3n met\u00e1lica especial que comprende acero y otros materiales, como cromo, molibdeno, n\u00edquel y carbono, seg\u00fan las propiedades que se desean obtener en el producto final.<\/p>\n<p>La propiedad que tienen en com\u00fan los <strong>cables de acero inoxidable<\/strong> es la <strong>alta resistencia a la oxidaci\u00f3n y a la corrosi\u00f3n<\/strong>, una caracter\u00edstica que los hace especialmente indicados para usarse en ambientes h\u00famedos. Los <strong>cables de acero inoxidable <\/strong>se utilizan en el sector n\u00e1utico, en el sector de la construcci\u00f3n para las l\u00edneas de vida, como cuerdas de transmisi\u00f3n, que tambi\u00e9n es posible utilizar en ambientes h\u00famedos, y como elementos para barandillas, escaleras y antepechos expuestos a agentes atmosf\u00e9ricos.<\/p>\n<p>Los <strong>cables de acero inoxidable<\/strong> m\u00e1s utilizados en estas aplicaciones se realizan con <strong>AISI-316<\/strong>, una aleaci\u00f3n caracterizada por la excelente resistencia a la corrosi\u00f3n intercristalina y la resistencia a aplicaciones a altas temperaturas, superior con respecto a otras aleaciones de acero inoxidable.<\/p>\n<h2>Cables de acero cincado<\/h2>\n<p>Los <strong>cables de acero cincado<\/strong> son cables normales de acero recubiertos con una delgada capa de cinc, que garantiza una <strong>buena resistencia a la corrosi\u00f3n y a la oxidaci\u00f3n<\/strong>, aunque no a los niveles de los cables de acero inoxidable. Sin embargo, al estar realizados completamente de acero y no en aleaciones mixtas de otros metales, estos productos garantizan, con respecto a los cables de acero inoxidable, <strong>una mayor resistencia mec\u00e1nica<\/strong>, debido precisamente a la pureza del material utilizado.<\/p>\n<p>Los <strong>cables de acero cincado<\/strong> se pueden utilizar en los sistemas de elevaci\u00f3n, como cuerdas para transmisiones flexibles en engranajes de diferente tipo o como cables para redes de protecci\u00f3n contra ca\u00edda de rocas. Su revestimiento de cinc los hace m\u00e1s resistentes a las abrasiones, la oxidaci\u00f3n y el desgaste, y, por lo tanto, duran mucho m\u00e1s que los cables de acero no galvanizado.<\/p>\n<h2>Estructura y dimensiones<\/h2>\n<p>Normalmente, los <strong>cables de acero<\/strong> est\u00e1n formados por un <strong>alma central <\/strong>y por una corona de <strong>hebras<\/strong> enrolladas en h\u00e9lice alrededor de aquella. Las hebras son grupos de hilos individuales de acero, tambi\u00e9n enrollados en h\u00e9lice alrededor de un hilo central. Por su parte, el alma central puede ser de material textil o estar formada a su vez por una hebra. <strong>La estructura del cable influye directamente en sus propiedades fundamentales,<\/strong> como la resistencia a la tracci\u00f3n y a la rotura, la flexibilidad y la capacidad de torsi\u00f3n.<\/p>\n<p>Por lo que concierne a las dimensiones, los <strong>cables de acero<\/strong> m\u00e1s utilizados van desde los m\u00e1s delgados de 1 mm de di\u00e1metro hasta los m\u00e1s gruesos de 40 mm o m\u00e1s, indicados para aplicaciones muy duras, como la elevaci\u00f3n de cargas pesadas.<\/p>\n<h2>Cables de acero Santini Funi<\/h2>\n<p><strong>Desde hace casi treinta a\u00f1os, Santini Funi comercializa cables de acero de alta calidad<\/strong>, indicados para cualquier uso. Vendemos <strong>cables de acero no galvanizado<\/strong>, de <strong>acero inoxidable<\/strong> y de <strong>acero cincado<\/strong>, con estructuras y almas diferentes en funci\u00f3n de las aplicaciones a las que se destinan.<\/p>\n<p>Santini Funi garantiza un servicio r\u00e1pido y eficaz, presupuestos inmediatos por tel\u00e9fono o por correo electr\u00f3nico, una amplia gama de cables de acero con entrega r\u00e1pida y <strong>productos de calidad certificada<\/strong> seg\u00fan las normativas UE y otros organismos cualificados.<\/p>\n<p><a href=\"https:\/\/www.santinifuni.com\/es\/contactos\/\"><strong>Nuestra competencia se encuentra a tu servicio: ponte en contacto con nosotros para cualquier informaci\u00f3n o para solicitar un presupuesto.<\/strong><\/a><\/p>\n","protected":false},"excerpt":{"rendered":"<p>\u00bfEst\u00e1s buscando cables de acero para todo tipo de uso? En esta p\u00e1gina encontrar\u00e1s una breve gu\u00eda para conocer los cables disponibles en el mercado y entender las principales caracter\u00edsticas t\u00e9cnicas. Los cables de acero son una familia de productos profesionales destinados a m\u00faltiples usos en sectores diferentes: elevaci\u00f3n de cargas de diferente peso en&#8230;<\/p>\n","protected":false},"author":4,"featured_media":3061,"parent":0,"menu_order":0,"comment_status":"closed","ping_status":"closed","template":"","meta":{"footnotes":""},"class_list":["post-2852","page","type-page","status-publish","has-post-thumbnail","hentry"],"aioseo_notices":[],"_links":{"self":[{"href":"https:\/\/www.santinifuni.com\/es\/wp-json\/wp\/v2\/pages\/2852"}],"collection":[{"href":"https:\/\/www.santinifuni.com\/es\/wp-json\/wp\/v2\/pages"}],"about":[{"href":"https:\/\/www.santinifuni.com\/es\/wp-json\/wp\/v2\/types\/page"}],"author":[{"embeddable":true,"href":"https:\/\/www.santinifuni.com\/es\/wp-json\/wp\/v2\/users\/4"}],"replies":[{"embeddable":true,"href":"https:\/\/www.santinifuni.com\/es\/wp-json\/wp\/v2\/comments?post=2852"}],"version-history":[{"count":0,"href":"https:\/\/www.santinifuni.com\/es\/wp-json\/wp\/v2\/pages\/2852\/revisions"}],"wp:featuredmedia":[{"embeddable":true,"href":"https:\/\/www.santinifuni.com\/es\/wp-json\/wp\/v2\/media\/3061"}],"wp:attachment":[{"href":"https:\/\/www.santinifuni.com\/es\/wp-json\/wp\/v2\/media?parent=2852"}],"curies":[{"name":"wp","href":"https:\/\/api.w.org\/{rel}","templated":true}]}}