{"id":2854,"date":"2018-09-25T12:19:55","date_gmt":"2018-09-25T10:19:55","guid":{"rendered":"https:\/\/www.santinifuni.com\/es\/?page_id=2854"},"modified":"2018-09-25T12:19:55","modified_gmt":"2018-09-25T10:19:55","slug":"usos-de-los-cables-de-acero-inoxidable","status":"publish","type":"page","link":"https:\/\/www.santinifuni.com\/es\/usos-de-los-cables-de-acero-inoxidable\/","title":{"rendered":"Usos de los cables de acero inoxidable"},"content":{"rendered":"<p><strong><em>En esta p\u00e1gina te proporcionamos algunos consejos sobre los usos de los cables de acero inoxidable, adem\u00e1s de informaci\u00f3n sobre los principales tipos disponibles en el mercado.<\/em><\/strong><\/p>\n<p>Los cables de acero inoxidable est\u00e1n especialmente indicados para usarse en ambientes h\u00famedos gracias a la elevada capacidad de resistencia a la corrosi\u00f3n y a la oxidaci\u00f3n. Esta caracter\u00edstica hace que sean muy adecuados para el sector n\u00e1utico, el sector arquitect\u00f3nico y para l\u00edneas de vida. El tipo de <strong>acero inoxidable<\/strong> m\u00e1s utilizado es el <strong>AISI-316<\/strong> que, con respecto a las otras aleaciones de acero inoxidable, presenta una mayor resistencia a las altas temperaturas y a la corrosi\u00f3n intercristalina.<\/p>\n<p>En funci\u00f3n del resultado que se desea obtener, los cables de acero inoxidable se fabrican con una aleaci\u00f3n met\u00e1lica especial que comprende acero y otros materiales, como cromo, molibdeno, n\u00edquel y carbono, en cantidades dosificadas en funci\u00f3n de las finalidades espec\u00edficas. A diferencia de los cables de acero cincado, que son de acero puro y recubiertos con cinc, los cables de acero inoxidable poseen una resistencia mayor contra los agentes externos, pero pierden desde el punto de vista de la tracci\u00f3n mec\u00e1nica.<\/p>\n<p>Analicemos los usos principales a los que se pueden destinar los cables de acero inoxidable:<\/p>\n<h2>Cables de acero inoxidable para uso n\u00e1utico<\/h2>\n<p>Los <a href=\"https:\/\/www.santinifuni.com\/es\/productos\/cables-para-uso-nautico\/\"><strong>cables de acero inoxidable<\/strong><\/a> para uso n\u00e1utico se encuentran disponibles en diferentes modelos que soportan altas cargas de rotura y poseen una buena relaci\u00f3n entre flexibilidad y resistencia, garantizada por el acero inoxidable. Los <strong>cables de acero inoxidable<\/strong> se realizan con hilos del mismo di\u00e1metro y est\u00e1n indicados para usarse en ambientes con mucha humedad.<\/p>\n<p>Los tipos de <strong>cables de acero inoxidable<\/strong> que se utilizan m\u00e1s para esta finalidad son:<\/p>\n<ul>\n<li>1\u00d719: una \u00fanica hebra con diecinueve hilos.<\/li>\n<li>7\u00d77 \/ 7\u00d719: siete hebras respectivamente de siete y diecinueve hilos cada una.<\/li>\n<\/ul>\n<h2>Cables de acero inoxidable para l\u00edneas de vida<\/h2>\n<p>Los <a href=\"https:\/\/www.santinifuni.com\/vendita-cavi-in-acciaio\/funi-per-le-linee-vita\/\"><strong>cables de acero inoxidable<\/strong><\/a> para l\u00edneas de vida se utilizan para instalar sistemas antica\u00edda en la construcci\u00f3n, l\u00edneas de vida y arneses. Estos <strong>cables de acero<\/strong> est\u00e1n especialmente indicados para estos usos ya que pueden soportar elevadas capacidades de carga manteniendo siempre una cierta flexibilidad.<\/p>\n<p>Los <strong>cables de acero inoxidable<\/strong> para l\u00edneas de vida m\u00e1s utilizados en los sistemas antica\u00edda son de 8 y 10 mm de di\u00e1metro.<\/p>\n<h2>Cables de acero inoxidable para uso arquitect\u00f3nico<\/h2>\n<p>Los<a href=\"https:\/\/www.santinifuni.com\/es\/productos\/cables-para-uso-arquitectonico\/\"><strong> cables de acero inoxidable <\/strong><\/a>para uso arquitect\u00f3nico deben mantener intacto el material en todos los tipos de ambientes. En este caso, el <strong>acero<\/strong> <strong>inoxidable<\/strong> AISI-316, al ser un material con caracter\u00edsticas precisas, resulta ser un material muy indicado. Adem\u00e1s, el acero inoxidable, debido a su composici\u00f3n, tiene un aspecto brillante y, por lo tanto, presenta una ventaja est\u00e9tica notable.<\/p>\n<p>Los <strong>cables de acero inoxidable<\/strong> m\u00e1s indicados para este uso, considerando los di\u00e1metros de 1 mm a 16 mm, son:<\/p>\n<ul>\n<li>1\u00d719<\/li>\n<li>7\u00d77 \/ 7\u00d719<\/li>\n<\/ul>\n<p>Analicemos ahora los tres tipos de cable de acero inoxidable comercializados por <a href=\"https:\/\/www.santinifuni.com\/\">Santini Funi<\/a>. Todos ellos est\u00e1n especialmente indicados para los sectores n\u00e1utico, arquitect\u00f3nico y alimentario y para automatizaciones:<\/p>\n<h2>Cable de acero inoxidable AISI-316, 1\u00d719<\/h2>\n<p><strong>Cable de acero inoxidable<\/strong> que soporta altas cargas de rotura en relaci\u00f3n con el di\u00e1metro nominal, formado por hilos del mismo di\u00e1metro de acero inoxidable AISI-316, clase de resistencia R.1570 N\/mm2. La hebra est\u00e1 formada por un hilo central, 6 hilos en la capa intermedia y 12 hilos en la exterior.<\/p>\n<h2>Cable de acero inoxidable AISI-316, 7\u00d77<\/h2>\n<p>Este <strong>cable de acero inoxidable<\/strong> est\u00e1 formado por 6 hebras externas de 7 hilos cada una, con alma de acero, que tambi\u00e9n est\u00e1 hecha con una hebra de 7 hilos. Presenta una buena relaci\u00f3n entre flexibilidad y resistencia. Todos los hilos tienen el mismo di\u00e1metro y los di\u00e1metros m\u00e1s comunes var\u00edan de 1 a 10 mm.<\/p>\n<h2>Cable de acero inoxidable AISI-316, 7\u00d719<\/h2>\n<p><strong>Cable de acero inoxidable<\/strong> formado por 6 hebras externas de 19 hilos cada una, con alma de acero, que tambi\u00e9n est\u00e1 hecha con una hebra de 19 hilos. Los hilos poseen el mismo di\u00e1metro y la estructura presenta una buena flexibilidad. Las hebras est\u00e1n formadas por un hilo central, 6 hilos en la capa intermedia y 12 en la exterior, por un di\u00e1metro que var\u00eda de 3 a 22 mm.<\/p>\n<p><a href=\"https:\/\/www.santinifuni.com\/es\/contactos\/\"><strong>Nuestra competencia se encuentra a tu servicio: ponte en contacto con nosotros para cualquier informaci\u00f3n o para solicitar un presupuesto.<\/strong><\/a><\/p>\n","protected":false},"excerpt":{"rendered":"<p>En esta p\u00e1gina te proporcionamos algunos consejos sobre los usos de los cables de acero inoxidable, adem\u00e1s de informaci\u00f3n sobre los principales tipos disponibles en el mercado. Los cables de acero inoxidable est\u00e1n especialmente indicados para usarse en ambientes h\u00famedos gracias a la elevada capacidad de resistencia a la corrosi\u00f3n y a la oxidaci\u00f3n. Esta&#8230;<\/p>\n","protected":false},"author":4,"featured_media":3147,"parent":0,"menu_order":0,"comment_status":"closed","ping_status":"closed","template":"","meta":{"footnotes":""},"class_list":["post-2854","page","type-page","status-publish","has-post-thumbnail","hentry"],"aioseo_notices":[],"_links":{"self":[{"href":"https:\/\/www.santinifuni.com\/es\/wp-json\/wp\/v2\/pages\/2854"}],"collection":[{"href":"https:\/\/www.santinifuni.com\/es\/wp-json\/wp\/v2\/pages"}],"about":[{"href":"https:\/\/www.santinifuni.com\/es\/wp-json\/wp\/v2\/types\/page"}],"author":[{"embeddable":true,"href":"https:\/\/www.santinifuni.com\/es\/wp-json\/wp\/v2\/users\/4"}],"replies":[{"embeddable":true,"href":"https:\/\/www.santinifuni.com\/es\/wp-json\/wp\/v2\/comments?post=2854"}],"version-history":[{"count":0,"href":"https:\/\/www.santinifuni.com\/es\/wp-json\/wp\/v2\/pages\/2854\/revisions"}],"wp:featuredmedia":[{"embeddable":true,"href":"https:\/\/www.santinifuni.com\/es\/wp-json\/wp\/v2\/media\/3147"}],"wp:attachment":[{"href":"https:\/\/www.santinifuni.com\/es\/wp-json\/wp\/v2\/media?parent=2854"}],"curies":[{"name":"wp","href":"https:\/\/api.w.org\/{rel}","templated":true}]}}