{"id":2856,"date":"2018-09-25T12:23:38","date_gmt":"2018-09-25T10:23:38","guid":{"rendered":"https:\/\/www.santinifuni.com\/es\/?page_id=2856"},"modified":"2018-09-25T12:23:38","modified_gmt":"2018-09-25T10:23:38","slug":"como-elegir-una-cuerda-de-acero-adecuada-para-tu-sector","status":"publish","type":"page","link":"https:\/\/www.santinifuni.com\/es\/como-elegir-una-cuerda-de-acero-adecuada-para-tu-sector\/","title":{"rendered":"C\u00f3mo elegir una cuerda de acero adecuada para tu sector"},"content":{"rendered":"<p><strong><em>Las cuerdas de acero son productos muy vers\u00e1tiles, indicadas para diferentes usos en muchos sectores. Con independencia del material con el que se fabrican, las cuerdas de acero se distinguen entre s\u00ed por numerosas caracter\u00edsticas, que dependen del uso al que se destinen. \u00bfC\u00f3mo seleccionar la cuerda de acero m\u00e1s indicada para tus exigencias? A continuaci\u00f3n, proporcionamos una breve gu\u00eda con algunos puntos de referencia.<\/em><\/strong><\/p>\n<h2>Cuerdas de acero para la elevaci\u00f3n y para ascensores<\/h2>\n<p>Para la elevaci\u00f3n y la tracci\u00f3n de <strong>montacargas<\/strong>, <strong>ascensores<\/strong>, <strong>telef\u00e9ricos<\/strong> y otros medios de transporte por cable, normalmente se utilizan <strong>cuerdas de acero flexibles<\/strong>, que tambi\u00e9n proporcionan una gran <strong>resistencia<\/strong>. Para fabricar estas cuerdas, se utiliza acero puro \u2013que garantiza la m\u00e1xima resistencia\u2013 en estructuras muy complejas formadas por numerosas hebras enrolladas alrededor de un alma central. Precisamente, es el elevado n\u00famero de hebras que garantiza la flexibilidad que necesita este sector.<\/p>\n<p>Las <strong>cuerdas de acero para gr\u00faas<\/strong> merecen ser tratadas aparte: estos productos tienen que unir la flexibilidad con <strong>propiedades antigiratorias<\/strong>, obtenidas usando hebras con sentido de enrollamiento opuesto.<\/p>\n<h2>Cuerdas de acero para l\u00edneas de vida<\/h2>\n<p>En el sector de la seguridad en el trabajo, las cuerdas de acero deben unir <strong>flexibilidad<\/strong>, <strong>resistencia<\/strong> y <strong>propiedades antioxidaci\u00f3n<\/strong> y anticorrosi\u00f3n. Para reunir todas estas exigencias, se utilizan <strong>cuerdas de acero inoxidable<\/strong>, realizadas con una aleaci\u00f3n en la que el acero se funde con otros metales para obtener una resistencia total a la oxidaci\u00f3n y la corrosi\u00f3n. En funci\u00f3n del grado de resistencia o de flexibilidad deseado, es posible elegir cuerdas con una \u00fanica hebra \u2013m\u00e1s resistentes, pero menos flexibles\u2013 o bien cuerdas de acero inoxidable con varias hebras \u2013m\u00e1s flexibles, pero ligeramente menos resistentes.<\/p>\n<h2>Cuerdas de acero para el sector n\u00e1utico y el sector arquitect\u00f3nico<\/h2>\n<p>Las <strong>cuerdas de acero inoxidable<\/strong> se utilizan mucho en el sector n\u00e1utico y en el sector arquitect\u00f3nico. La resistencia a la oxidaci\u00f3n del acero inoxidable es ideal para la <strong>exposici\u00f3n prolongada al agua y a la humedad<\/strong> que caracterizan los usos n\u00e1uticos y los de la arquitectura de exteriores. Tambi\u00e9n en este caso, la elecci\u00f3n de la cuerda de acero mejor depende de las necesidades de cada uno: quienes necesiten cuerdas m\u00e1s resistentes, pueden elegir entre las cuerdas con una \u00fanica hebra, aunque son menos flexibles que las otras; viceversa, quienes buscan cuerdas m\u00e1s flexibles, deben elegir productos con una estructura m\u00e1s compleja basada en un n\u00famero mayor de hebras.<\/p>\n<h2>Cuerdas de acero para transmisiones<\/h2>\n<p>Las cuerdas de acero tambi\u00e9n se utilizan ampliamente en la construcci\u00f3n de <strong>transmisiones flexibles<\/strong> en diferentes sectores. En este \u00e1mbito, las exigencias son muy variadas y, por lo tanto, tambi\u00e9n las cuerdas requeridas pueden ser muy diferentes entre s\u00ed: las <strong>cuerdas de acero inoxidable<\/strong> se utilizan cuando se prev\u00e9 que est\u00e9n expuestas a la humedad; las <strong>cuerdas con una \u00fanica hebra<\/strong> \u2013m\u00e1s r\u00edgidas\u2013 para la transmisi\u00f3n de mandos mec\u00e1nicos, y las <strong>cuerdas con varias hebras<\/strong> cuando se necesita una mayor flexibilidad. Muchas cuerdas solicitadas en este sector presentan poco grosor.<\/p>\n<h2>Cuerdas de acero para redes de protecci\u00f3n contra ca\u00edda de rocas<\/h2>\n<p>Para la protecci\u00f3n viaria contra la ca\u00edda de rocas y piedras, normalmente se utilizan <strong>cuerdas de acero cincado<\/strong>, es decir, recubiertas con una delgada capa de cinc, que no afecta la pureza del acero que reviste. El cincado garantiza una buena resistencia a la oxidaci\u00f3n y a la corrosi\u00f3n. Las cuerdas de acero para este uso tambi\u00e9n tienen que ofrecer un <strong>elevado grado de flexibilidad<\/strong>, obtenido mediante una estructura de hebras m\u00faltiples.<\/p>\n<h2>Cuerdas de acero inoxidable<\/h2>\n<p>Teniendo en cuenta la importancia y la difusi\u00f3n de las <strong>cuerdas de acero inoxidable<\/strong>, merece la pena ampliar la informaci\u00f3n sobre ellas. Como hemos visto, el acero inoxidable es una aleaci\u00f3n met\u00e1lica formada por la fusi\u00f3n de acero y otros materiales cuyo porcentaje depende del tipo de caracter\u00edsticas que se desea obtener. Para las cuerdas de acero inoxidable se utiliza, sobre todo, la aleaci\u00f3n conocida como <strong>AISI-316<\/strong>, cuya f\u00f3rmula combina el acero con porcentajes de n\u00edquel, cromo y molibdeno. Esta composici\u00f3n hace que la cuerda sea muy resistente a la corrosi\u00f3n por cloruros y \u00e1cidos y, por lo tanto, que est\u00e9 especialmente indicada para ambientes mar\u00edtimos, urbanos e industriales.<\/p>\n<br \/>\n<p><strong>\u00bfBuscas una cuerda de acero para una de estas aplicaciones espec\u00edficas?<\/strong><\/p>\n<p><a href=\"https:\/\/www.santinifuni.com\/es\/productos\/\"><strong>\u00a1Descubre todos los productos Santini Funi!<\/strong><\/a><\/p>\n","protected":false},"excerpt":{"rendered":"<p>Las cuerdas de acero son productos muy vers\u00e1tiles, indicadas para diferentes usos en muchos sectores. Con independencia del material con el que se fabrican, las cuerdas de acero se distinguen entre s\u00ed por numerosas caracter\u00edsticas, que dependen del uso al que se destinen. \u00bfC\u00f3mo seleccionar la cuerda de acero m\u00e1s indicada para tus exigencias? A&#8230;<\/p>\n","protected":false},"author":4,"featured_media":2669,"parent":0,"menu_order":0,"comment_status":"closed","ping_status":"closed","template":"","meta":{"footnotes":""},"class_list":["post-2856","page","type-page","status-publish","has-post-thumbnail","hentry"],"aioseo_notices":[],"_links":{"self":[{"href":"https:\/\/www.santinifuni.com\/es\/wp-json\/wp\/v2\/pages\/2856"}],"collection":[{"href":"https:\/\/www.santinifuni.com\/es\/wp-json\/wp\/v2\/pages"}],"about":[{"href":"https:\/\/www.santinifuni.com\/es\/wp-json\/wp\/v2\/types\/page"}],"author":[{"embeddable":true,"href":"https:\/\/www.santinifuni.com\/es\/wp-json\/wp\/v2\/users\/4"}],"replies":[{"embeddable":true,"href":"https:\/\/www.santinifuni.com\/es\/wp-json\/wp\/v2\/comments?post=2856"}],"version-history":[{"count":0,"href":"https:\/\/www.santinifuni.com\/es\/wp-json\/wp\/v2\/pages\/2856\/revisions"}],"wp:featuredmedia":[{"embeddable":true,"href":"https:\/\/www.santinifuni.com\/es\/wp-json\/wp\/v2\/media\/2669"}],"wp:attachment":[{"href":"https:\/\/www.santinifuni.com\/es\/wp-json\/wp\/v2\/media?parent=2856"}],"curies":[{"name":"wp","href":"https:\/\/api.w.org\/{rel}","templated":true}]}}