{"id":2857,"date":"2018-09-25T12:31:12","date_gmt":"2018-09-25T10:31:12","guid":{"rendered":"https:\/\/www.santinifuni.com\/es\/?page_id=2857"},"modified":"2018-09-25T12:31:12","modified_gmt":"2018-09-25T10:31:12","slug":"cuerdas-de-alambre-seguridad-en-cada-elevacion","status":"publish","type":"page","link":"https:\/\/www.santinifuni.com\/es\/cuerdas-de-alambre-seguridad-en-cada-elevacion\/","title":{"rendered":"Cuerdas de alambre: seguridad en cada elevaci\u00f3n"},"content":{"rendered":"<p><strong><em>Las cuerdas de alambre se utilizan desde hace d\u00e9cadas en todos los tipos de elevaci\u00f3n y tracci\u00f3n para gr\u00faas, telef\u00e9ricos y ascensores. A menudo, el uso de las cuerdas de alambre de acero concierne al transporte de personas o de cargas en zonas de trabajo muy pobladas y, por este motivo, estas cuerdas de acero deben respetar elevados est\u00e1ndares de calidad y una espec\u00edfica carga de rotura, adem\u00e1s de r\u00edgidos controles peri\u00f3dicos, previstos por una compleja normativa. Vamos a intentar describir las caracter\u00edsticas particulares y los tipos que se deben considerar para los campos de mayor uso.<\/em><\/strong><\/p>\n<h2>Cuerdas de alambre para la elevaci\u00f3n<\/h2>\n<p>Las <a href=\"https:\/\/www.santinifuni.com\/es\/cables-para-la-elevacion\/\">cuerdas para la elevaci\u00f3n<\/a> est\u00e1n especialmente indicadas para mover cargas pesadas en numerosos sectores y, por este motivo, tienen que ser resistentes y, al mismo tiempo, flexibles. Estas caracter\u00edsticas se pueden obtener gracias al elevado n\u00famero de hebras de acero puro que componen la estructura compleja alrededor del alma central de acero.<\/p>\n<p>Seg\u00fan las necesidades del usuario final, este tipo de cuerdas de alambre puede equiparse con accesorios, como <a href=\"https:\/\/www.santinifuni.com\/vendita-cavi-in-acciaio\/manicotti-in-alluminio\/\">f\u00e9rulas o virolas<\/a>, ganchos, argollas, ojales y grilletes, que facilitan la conexi\u00f3n de la carga. En este caso, la cuerda de alambre se llama tirante, es decir, un elemento que se utiliza para fijar estructuras con exigencias especiales o para tracciones espec\u00edficas con diferentes angulaciones.<\/p>\n<h2>Cuerdas de alambre para ascensores<\/h2>\n<p>Las <a href=\"https:\/\/www.santinifuni.com\/es\/productos\/cables-para-ascensores\/\">cuerdas de alambre para ascensores<\/a> han sido estudiadas expresamente para los equipos de elevaci\u00f3n de personas y montacargas. Su estructura comprende una cuerda de acero con alma textil formada externamente por 6 u 8 hebras con sentido de enrollamiento hacia la derecha o hacia la izquierda. Para el funcionamiento correcto, las cuerdas para ascensores se suministran en pares respectivamente con sentido de enrollado opuesto.<\/p>\n<p>Este tipo de cuerdas de alambre se encuentra sujeto a desgaste y corrosi\u00f3n y, por este motivo, su mantenimiento est\u00e1 sometido a r\u00edgidas normativas que prev\u00e9n controles peri\u00f3dicos para comprobar su conformidad. En caso de que se produzcan anomal\u00edas durante el servicio del ascensor, es necesario prohibir su uso y realizar todos los controles previstos por la normativa antes de certificar nuevamente que es apto.<\/p>\n<h2>Cuerdas de alambre para gr\u00faas<\/h2>\n<p>Las <a href=\"https:\/\/www.santinifuni.com\/es\/productos\/cables-para-gruas\/\">cuerdas para gr\u00faas<\/a> han sido dise\u00f1adas para ser antigiratorias cuando se someten a cargas pesadas. Los cables para la elevaci\u00f3n de acero con alma met\u00e1lica central est\u00e1n formados por 19 hebras para garantizar la m\u00e1xima eficacia contra las torsiones durante el desplazamiento de los materiales.<\/p>\n<p>Gracias a estas caracter\u00edsticas, la cuerda de alambre posee una discreta flexibilidad y es indicada para el uso en diferentes tipos de gr\u00faas, tanto en interiores como exteriores, incluso si se dispone de poco espacio operativo, por ejemplo en los polipastos. La estructura de la cuerda de alambre antigiratoria tambi\u00e9n ofrece la m\u00e1xima estabilidad en la elevaci\u00f3n de cargas no guiadas con una distancia considerable desde el punto de apoyo de la cuerda, como es el caso de las gr\u00faas de torre o de las portuarias.<\/p>\n<br \/>\n<p><strong>\u00bfBuscas las cuerdas de alambre m\u00e1s indicadas para tus elevaciones?<\/strong><\/p>\n<p><a href=\"https:\/\/www.santinifuni.com\/es\/productos\/\"><strong>\u00a1Descubre todos los productos Santini Funi!<\/strong><\/a><\/p>\n","protected":false},"excerpt":{"rendered":"<p>Las cuerdas de alambre se utilizan desde hace d\u00e9cadas en todos los tipos de elevaci\u00f3n y tracci\u00f3n para gr\u00faas, telef\u00e9ricos y ascensores. A menudo, el uso de las cuerdas de alambre de acero concierne al transporte de personas o de cargas en zonas de trabajo muy pobladas y, por este motivo, estas cuerdas de acero&#8230;<\/p>\n","protected":false},"author":4,"featured_media":3179,"parent":0,"menu_order":0,"comment_status":"closed","ping_status":"closed","template":"","meta":{"footnotes":""},"class_list":["post-2857","page","type-page","status-publish","has-post-thumbnail","hentry"],"aioseo_notices":[],"_links":{"self":[{"href":"https:\/\/www.santinifuni.com\/es\/wp-json\/wp\/v2\/pages\/2857"}],"collection":[{"href":"https:\/\/www.santinifuni.com\/es\/wp-json\/wp\/v2\/pages"}],"about":[{"href":"https:\/\/www.santinifuni.com\/es\/wp-json\/wp\/v2\/types\/page"}],"author":[{"embeddable":true,"href":"https:\/\/www.santinifuni.com\/es\/wp-json\/wp\/v2\/users\/4"}],"replies":[{"embeddable":true,"href":"https:\/\/www.santinifuni.com\/es\/wp-json\/wp\/v2\/comments?post=2857"}],"version-history":[{"count":0,"href":"https:\/\/www.santinifuni.com\/es\/wp-json\/wp\/v2\/pages\/2857\/revisions"}],"wp:featuredmedia":[{"embeddable":true,"href":"https:\/\/www.santinifuni.com\/es\/wp-json\/wp\/v2\/media\/3179"}],"wp:attachment":[{"href":"https:\/\/www.santinifuni.com\/es\/wp-json\/wp\/v2\/media?parent=2857"}],"curies":[{"name":"wp","href":"https:\/\/api.w.org\/{rel}","templated":true}]}}