{"id":2859,"date":"2018-09-25T12:51:50","date_gmt":"2018-09-25T10:51:50","guid":{"rendered":"https:\/\/www.santinifuni.com\/es\/?page_id=2859"},"modified":"2018-09-25T13:00:46","modified_gmt":"2018-09-25T11:00:46","slug":"cuerdas-de-acero-inoxidable-para-la-arquitectura-y-el-mobiliario-urbano","status":"publish","type":"page","link":"https:\/\/www.santinifuni.com\/es\/cuerdas-de-acero-inoxidable-para-la-arquitectura-y-el-mobiliario-urbano\/","title":{"rendered":"Cuerdas de acero inoxidable para la arquitectura y el mobiliario urbano"},"content":{"rendered":"<p><strong><em>Hoy, las cuerdas de acero inoxidable son el mejor compromiso entre resistencia y est\u00e9tica. Gracias a su aspecto, se utilizan especialmente en muchos sectores, como el n\u00e1utico, y \u00faltimamente han conquistado una importante posici\u00f3n en el interiorismo. Los mejores arquitectos e interioristas las utilizan a menudo para dar un toque de modernidad a sus proyectos m\u00e1s futur\u00edsticos en cualquier lugar del mundo.<\/em><\/strong><\/p>\n<p>Las cuerdas de acero inoxidable comercializadas por Santini Funi son todas de acero AISI-316, material <strong>brillante<\/strong> y muy <strong>resistente a la oxidaci\u00f3n<\/strong>, incluso si hay humedad. Esto permite que la cuerda de acero conserve inalteradas sus caracter\u00edsticas en todos los ambientes, incluidos los m\u00e1s duros, y se mantenga en <strong>buen estado<\/strong>, incluso mucho tiempo despu\u00e9s de su instalaci\u00f3n.<\/p>\n<h2>Usos de las cuerdas de acero inoxidable<\/h2>\n<p>Nuestro almac\u00e9n y la log\u00edstica garantizan la <strong>r\u00e1pida entrega<\/strong> de todos los productos para mobiliario urbano y decoraci\u00f3n de interiores: escaleras, barandillas, parapetos y cercados. Para estos usos, Santini Funi comercializa principalmente tres tipos de cuerdas de acero inoxidable con diferentes caracter\u00edsticas:<\/p>\n<ul>\n<li><strong>1&#215;19 Inoxidable<\/strong><\/li>\n<\/ul>\n<p>Cuerda r\u00edgida de acero inoxidable AISI-316. Soporta altas cargas de rotura. Tipo de construcci\u00f3n est\u00e1ndar. Formada por una \u00fanica hebra de 19 hilos (un hilo central, 6 en el capa intermedia y 12 en la exterior). Di\u00e1metro disponible de 1 a 10 mm.<\/p>\n<ul>\n<li><strong>7&#215;7 Inoxidable<\/strong><\/li>\n<\/ul>\n<p>Cuerda de acero inoxidable AISI-316 con una buena relaci\u00f3n flexibilidad\/resistencia. Tipo de construcci\u00f3n est\u00e1ndar. Formada por una hebra central de 7 hilos como alma y 6 hebras externas de 7 hilos cada una. Di\u00e1metro disponible de 1 a 10 mm.<\/p>\n<ul>\n<li><strong>7&#215;19 Inoxidable<\/strong><\/li>\n<\/ul>\n<p>Cuerda de acero inoxidable AISI-316 m\u00e1s flexible. Tipo de construcci\u00f3n est\u00e1ndar. Formada por una hebra central de 19 hilos como alma y 6 hebras externas de 19 hilos cada una. Di\u00e1metro disponible de 3 a 22 mm.<\/p>\n<h2 class=\"heading_title_nomg\">Certificados para las cuerdas de acero inoxidable<\/h2>\n<p>Todos los cables y cuerdas de acero disponen de Declaraci\u00f3n de conformidad \u201cCE\u201d seg\u00fan la <strong>Directiva comunitaria sobre M\u00e1quinas 2006\/42\/CE.<\/strong> Bajo pedido, podemos obtener <strong>certificaciones de organismos cualificados<\/strong> (RINA, Lloyd\u2019s, etc.) sobre las caracter\u00edsticas del producto (an\u00e1lisis qu\u00edmico, carga de rotura, etc.). Desde el 6 de diciembre de 2016, SANTINI FUNI Srl posee el certificado ISO 9001 expedido por UKAS MANAGEMENT SYSTEMS de Londres, certificado n\u00fam. 66Q18096.<\/p>\n<br \/>\n<p><a href=\"https:\/\/www.santinifuni.com\/es\/contactos\/\"><strong>\u00a1Ponte en contacto con nosotros para m\u00e1s informaci\u00f3n sobre las cuerdas de acero inoxidable m\u00e1s adecuadas para tus exigencias!<\/strong><\/a><\/p>\n","protected":false},"excerpt":{"rendered":"<p>Hoy, las cuerdas de acero inoxidable son el mejor compromiso entre resistencia y est\u00e9tica. Gracias a su aspecto, se utilizan especialmente en muchos sectores, como el n\u00e1utico, y \u00faltimamente han conquistado una importante posici\u00f3n en el interiorismo. Los mejores arquitectos e interioristas las utilizan a menudo para dar un toque de modernidad a sus proyectos&#8230;<\/p>\n","protected":false},"author":4,"featured_media":2764,"parent":0,"menu_order":0,"comment_status":"closed","ping_status":"closed","template":"","meta":{"footnotes":""},"class_list":["post-2859","page","type-page","status-publish","has-post-thumbnail","hentry"],"aioseo_notices":[],"_links":{"self":[{"href":"https:\/\/www.santinifuni.com\/es\/wp-json\/wp\/v2\/pages\/2859"}],"collection":[{"href":"https:\/\/www.santinifuni.com\/es\/wp-json\/wp\/v2\/pages"}],"about":[{"href":"https:\/\/www.santinifuni.com\/es\/wp-json\/wp\/v2\/types\/page"}],"author":[{"embeddable":true,"href":"https:\/\/www.santinifuni.com\/es\/wp-json\/wp\/v2\/users\/4"}],"replies":[{"embeddable":true,"href":"https:\/\/www.santinifuni.com\/es\/wp-json\/wp\/v2\/comments?post=2859"}],"version-history":[{"count":0,"href":"https:\/\/www.santinifuni.com\/es\/wp-json\/wp\/v2\/pages\/2859\/revisions"}],"wp:featuredmedia":[{"embeddable":true,"href":"https:\/\/www.santinifuni.com\/es\/wp-json\/wp\/v2\/media\/2764"}],"wp:attachment":[{"href":"https:\/\/www.santinifuni.com\/es\/wp-json\/wp\/v2\/media?parent=2859"}],"curies":[{"name":"wp","href":"https:\/\/api.w.org\/{rel}","templated":true}]}}