{"id":2860,"date":"2018-09-25T12:57:03","date_gmt":"2018-09-25T10:57:03","guid":{"rendered":"https:\/\/www.santinifuni.com\/es\/?page_id=2860"},"modified":"2018-09-25T12:57:03","modified_gmt":"2018-09-25T10:57:03","slug":"cuales-son-los-tipos-de-cable-de-acero-mas-utilizados","status":"publish","type":"page","link":"https:\/\/www.santinifuni.com\/es\/cuales-son-los-tipos-de-cable-de-acero-mas-utilizados\/","title":{"rendered":"\u00bfCu\u00e1les son los tipos de cable de acero m\u00e1s utilizados?"},"content":{"rendered":"<p>Las <strong>cuerdas<\/strong> y los <strong>cables de acero<\/strong> son productos muy vers\u00e1tiles, que se utilizan en muchos contextos diferentes, en el sector industrial y en otros. La versatilidad de uso del <strong>cable de acero<\/strong> se refleja en una considerable diversificaci\u00f3n, con productos diferentes indicados para aplicaciones espec\u00edficas. Las principales diferencias entre los cables de acero conciernen dos par\u00e1metros: la <strong>estructura<\/strong> y los <strong>materiales utilizados<\/strong>. Empezaremos abordando la estructura general de una cuerda de acero para comprender mejor el primer punto.<\/p>\n<h2>La estructura de un cable de acero<\/h2>\n<p>La estructura b\u00e1sica de un cable o de una cuerda prev\u00e9 un alma central alrededor de la cual se entrelazan las hebras. Las <strong>hebras<\/strong> son grupos ordenados de hilos de acero individuales, trenzados en espiral, formando estructuras m\u00e1s o menos complejas de forma hexagonal. En orden jer\u00e1rquico, primero encontramos los <strong>hilos individuales<\/strong> enrollados en hebras y, luego, las hebras enrolladas a su vez alrededor del alma central, formando el cable. El <strong>alma del cable de acero<\/strong> puede ser de material textil, metal o compuesta a su vez por hebras.<\/p>\n<p>La estructura de un cable de acero influye tres de sus caracter\u00edsticas principales: la <strong>resistencia<\/strong>, la <strong>flexibilidad<\/strong> y la <strong>capacidad de torsi\u00f3n<\/strong>. En general, un cable con muchas hebras e hilos individuales es menos resistente, pero m\u00e1s flexible; en cambio, la capacidad de torsi\u00f3n depende del hecho que los hilos est\u00e9n trenzados en la misma direcci\u00f3n de enrollamiento. En las cuerdas antigiratorias, es decir, con baja capacidad de torsi\u00f3n, los hilos poseen direcciones de enrollamiento diferentes. La resistencia tambi\u00e9n depende del grosor del cable.<\/p>\n<h2>Los materiales de un cable de acero<\/h2>\n<p>Por lo que concierne a los materiales de una cuerda de acero, existen tres tipos principales:<\/p>\n<ul>\n<li><strong>Cable de acero liso<\/strong>: es decir, de acero puro sin revestimientos. Las cuerdas lisas normalmente se tratan con una simple capa de grasa que facilita su deslizamiento. Este tipo es el m\u00e1s resistente a nivel mec\u00e1nico. Por este motivo, normalmente se utilizan para elevar cargas y para ascensores. Los cables m\u00e1s delgados se utilizan como elementos de transmisi\u00f3n mec\u00e1nica.<\/li>\n<li><strong>Cable de acero cincado<\/strong>: se trata de cables de acero puro recubiertos con una capa de cinc. Poseen la misma resistencia mec\u00e1nica que las cuerdas de acero liso, pero la capa de cinc proporciona una \u00f3ptima resistencia a la oxidaci\u00f3n y a la corrosi\u00f3n. Se utilizan en sistemas de elevaci\u00f3n y tracci\u00f3n al aire libre y para redes de protecci\u00f3n contra ca\u00edda de rocas.<\/li>\n<li><strong>Cable de acero inoxidable<\/strong>: los cables de acero inoxidable se realizan con aleaciones met\u00e1licas que incluyen, adem\u00e1s del acero, otros materiales, como el n\u00edquel, el cromo y el molibdeno. Estas cuerdas poseen una resistencia mec\u00e1nica ligeramente inferior con respecto a los dos tipos precedentes, pero son mejores contra la oxidaci\u00f3n y la corrosi\u00f3n. Por este motivo, se utilizan en el sector n\u00e1utico y en el arquitect\u00f3nico y tambi\u00e9n en las l\u00edneas de vida para la seguridad de los trabajos en altura.<\/li>\n<\/ul>\n<p>Tambi\u00e9n existen tipos de <strong>cable de acero <\/strong>recubiertos con material pl\u00e1stico, conocidos tambi\u00e9n como<strong> transmisiones flexibles, <\/strong>utilizados, sobre todo, en el sector de la automoci\u00f3n cuando se requieren cuerdas que se deslicen de forma fluida.<\/p>\n<p style=\"text-align: center;\"><strong>\u00bfBuscas el cable de acero m\u00e1s adecuado a tus exigencias?<\/strong><\/p>\n<p style=\"text-align: center;\"><a href=\"https:\/\/www.santinifuni.com\/vendita-cavi-in-acciaio\/\"><strong>\u00a1Ponte en contacto con los expertos de Santini Funi!<\/strong><\/a><\/p>\n","protected":false},"excerpt":{"rendered":"<p>Las cuerdas y los cables de acero son productos muy vers\u00e1tiles, que se utilizan en muchos contextos diferentes, en el sector industrial y en otros. La versatilidad de uso del cable de acero se refleja en una considerable diversificaci\u00f3n, con productos diferentes indicados para aplicaciones espec\u00edficas. Las principales diferencias entre los cables de acero conciernen&#8230;<\/p>\n","protected":false},"author":4,"featured_media":2630,"parent":0,"menu_order":0,"comment_status":"closed","ping_status":"closed","template":"","meta":{"footnotes":""},"class_list":["post-2860","page","type-page","status-publish","has-post-thumbnail","hentry"],"aioseo_notices":[],"_links":{"self":[{"href":"https:\/\/www.santinifuni.com\/es\/wp-json\/wp\/v2\/pages\/2860"}],"collection":[{"href":"https:\/\/www.santinifuni.com\/es\/wp-json\/wp\/v2\/pages"}],"about":[{"href":"https:\/\/www.santinifuni.com\/es\/wp-json\/wp\/v2\/types\/page"}],"author":[{"embeddable":true,"href":"https:\/\/www.santinifuni.com\/es\/wp-json\/wp\/v2\/users\/4"}],"replies":[{"embeddable":true,"href":"https:\/\/www.santinifuni.com\/es\/wp-json\/wp\/v2\/comments?post=2860"}],"version-history":[{"count":0,"href":"https:\/\/www.santinifuni.com\/es\/wp-json\/wp\/v2\/pages\/2860\/revisions"}],"wp:featuredmedia":[{"embeddable":true,"href":"https:\/\/www.santinifuni.com\/es\/wp-json\/wp\/v2\/media\/2630"}],"wp:attachment":[{"href":"https:\/\/www.santinifuni.com\/es\/wp-json\/wp\/v2\/media?parent=2860"}],"curies":[{"name":"wp","href":"https:\/\/api.w.org\/{rel}","templated":true}]}}