{"id":1502,"date":"2014-06-23T14:36:48","date_gmt":"2014-06-23T12:36:48","guid":{"rendered":"http:\/\/www.santinifuni.com\/azienda\/certificati\/"},"modified":"2018-09-05T12:42:33","modified_gmt":"2018-09-05T10:42:33","slug":"certificats","status":"publish","type":"page","link":"https:\/\/www.santinifuni.com\/fr\/lentreprise\/certificats\/","title":{"rendered":"Certificats"},"content":{"rendered":"<p>[vc_row][vc_column][vc_column_text]Nos c\u00e2bles sont assortis de la D\u00e9claration de Conformit\u00e9 \u201cCE\u201d conform\u00e9ment \u00e0 la directive machines 2006\/42\/CE, et d\u2019un certificat de contr\u00f4le type 3.1 ex UNI EN 10204:2005. Sur demande, nous pouvons pr\u00e9senter les certifications des Organismes qualifi\u00e9s (RINA, Lloyds, etc.) relativement aux caract\u00e9ristiques du produits (analyse chimique, charge de rupture, etc.).\u00a0SANTINI FUNI Srl is ISO 9001 certified since the 6th December 2016, Registration n\u00b0. 66Q18096 released by UKAS MANAGEMENT SYSTEMS of London.<\/p>\n<p>R\u00e9f\u00e9rences r\u00e9glementaires Europ\u00e9ennes :<\/p>\n<h2>UNI EN 12385-4:2004<\/h2>\n<p>C\u00e2bles en acier \u2013 S\u00e9curit\u00e9 (Partie 4 : C\u00e2bles \u00e0 torons pour usages g\u00e9n\u00e9riques dans le levage). Cette norme sp\u00e9cifie les caract\u00e9ristiques techniques de nos produits, comme les degr\u00e9s de r\u00e9sistance, construction du c\u00e2ble, lubrification, tol\u00e9rances sur les diam\u00e8tres, charges de rupture minimales et coefficients de calcul correspondants.<\/p>\n<br \/>\n<h2>UNI EN 10264-2:2004<\/h2>\n<p>Fil en acier pour c\u00e2bles. Cette norme sp\u00e9cifie le degr\u00e9 de galvanisation du fil dans les c\u00e2bles en acier. Actuellement deux classes sont d\u00e9finies : A et B. Sur demande nous pouvons effectuer l\u2019analyse chimique gravim\u00e9trique pour garantir la classe d\u2019appartenance de nos produits (m\u00e9thode d\u2019analyse selon la norme EN 1460:1997).<\/p>\n<br \/>\n<h2>UNI EN 13411-3:2009<\/h2>\n<p>Extr\u00e9mit\u00e9 pour c\u00e2bles en acier. Cette norme d\u00e9finit les caract\u00e9ristiques des manchons en alliage d\u2019aluminium (virole) utilisables pour la construction d\u2019\u0153illets fixes.<\/p>\n<br \/>\n<h2>UNI EN 10204:2005<\/h2>\n<p>Types de documents de contr\u00f4le. Conform\u00e9ment \u00e0 la pr\u00e9sente norme, nous d\u00e9livrons pour chacun de nos c\u00e2bles, un certificat de contr\u00f4le types 3.1. Le certificat type 3.1 est d\u00e9livr\u00e9 sur la base du certificat du producteur et pr\u00e9voit la pr\u00e9sence d\u2019un syst\u00e8me de tra\u00e7abilit\u00e9 du produit.<\/p>\n<h2>ISO 9001<\/h2>\n<div class=\"wpb_single_image wpb_content_element vc_align_left\">\n<figure class=\"wpb_wrapper vc_figure\">\n<div class=\"vc_single_image-wrapper vc_box_border_grey\"><img decoding=\"async\" class=\"vc_single_image-img attachment-thumbnail alignleft\" src=\"http:\/\/www.santinifuni.com\/wp-content\/uploads\/2014\/06\/ISO_9001_COLOUR_NORMAL_UKAS.png\" alt=\"\" width=\"90\" height=\"57\" \/><\/div>\n<\/figure>\n<br \/>\n<br \/>\n<p>SANTINI FUNI Srl est certifi\u00e9e ISO 9001 depuis le 6 d\u00e9cembre 2016, num\u00e9ro d\u2019enregistrement 66Q18096 publi\u00e9 par UKAS MANAGEMENT SYSTEMS de Londres.<\/p>\n<\/div>\n[\/vc_column_text][\/vc_column][\/vc_row][vc_row][vc_column width=&nbsp;&raquo;1\/2&Prime;][vc_column_text css=&nbsp;&raquo;.vc_custom_1429609101801{margin-bottom: 10px !important;}&nbsp;&raquo;]\n<h3>CERTIFICAT D&rsquo;INSPECTION 3.1<\/h3>\n[\/vc_column_text][vc_single_image image=&nbsp;&raquo;840&Prime; img_size=&nbsp;&raquo;553&#215;782&Prime; alignment=&nbsp;&raquo;right&nbsp;&raquo; style=&nbsp;&raquo;vc_box_outline&nbsp;&raquo; border_color=&nbsp;&raquo;mulled_wine&nbsp;&raquo;][\/vc_column][\/vc_row]\n","protected":false},"excerpt":{"rendered":"<p>[vc_row][vc_column][vc_column_text]Nos c\u00e2bles sont assortis de la D\u00e9claration de Conformit\u00e9 \u201cCE\u201d conform\u00e9ment \u00e0 la directive machines 2006\/42\/CE, et d\u2019un certificat de contr\u00f4le type 3.1 ex UNI EN 10204:2005. Sur demande, nous pouvons pr\u00e9senter les certifications des Organismes qualifi\u00e9s (RINA, Lloyds, etc.) relativement aux caract\u00e9ristiques du produits (analyse chimique, charge de rupture, etc.).\u00a0SANTINI FUNI Srl is ISO&#8230;<\/p>\n","protected":false},"author":1,"featured_media":0,"parent":1495,"menu_order":0,"comment_status":"closed","ping_status":"closed","template":"","meta":{"footnotes":""},"class_list":["post-1502","page","type-page","status-publish","hentry"],"aioseo_notices":[],"_links":{"self":[{"href":"https:\/\/www.santinifuni.com\/fr\/wp-json\/wp\/v2\/pages\/1502"}],"collection":[{"href":"https:\/\/www.santinifuni.com\/fr\/wp-json\/wp\/v2\/pages"}],"about":[{"href":"https:\/\/www.santinifuni.com\/fr\/wp-json\/wp\/v2\/types\/page"}],"author":[{"embeddable":true,"href":"https:\/\/www.santinifuni.com\/fr\/wp-json\/wp\/v2\/users\/1"}],"replies":[{"embeddable":true,"href":"https:\/\/www.santinifuni.com\/fr\/wp-json\/wp\/v2\/comments?post=1502"}],"version-history":[{"count":0,"href":"https:\/\/www.santinifuni.com\/fr\/wp-json\/wp\/v2\/pages\/1502\/revisions"}],"up":[{"embeddable":true,"href":"https:\/\/www.santinifuni.com\/fr\/wp-json\/wp\/v2\/pages\/1495"}],"wp:attachment":[{"href":"https:\/\/www.santinifuni.com\/fr\/wp-json\/wp\/v2\/media?parent=1502"}],"curies":[{"name":"wp","href":"https:\/\/api.w.org\/{rel}","templated":true}]}}