{"id":1526,"date":"2014-06-23T14:35:54","date_gmt":"2014-06-23T12:35:54","guid":{"rendered":"http:\/\/www.santinifuni.com\/prodotti-2\/"},"modified":"2019-04-16T18:03:25","modified_gmt":"2019-04-16T16:03:25","slug":"produits-vente-cables-en-acier","status":"publish","type":"page","link":"https:\/\/www.santinifuni.com\/fr\/produits-vente-cables-en-acier\/","title":{"rendered":"Produits: Vente de C\u00e2bles en Acier dans le Monde entier"},"content":{"rendered":"<p>[vc_row][vc_column][vc_column_text]Nous nous occupons de la <strong>vente de c\u00e2bles en acier<\/strong> depuis 25 ans et gr\u00e2ce \u00e0 l\u2019experience que nous avons acquis, nous avons indentifi\u00e9 les meilleurs produits\u00a0en proposant \u00e0 nos clients <strong>differents types de cables en acier<\/strong> et autres produits qui mieux s\u2019adaptent \u00e0 l\u2019utilisation.<br \/>\nNotre stock a c\u00e2bles en acier\u00a0co\u00e7us et certifi\u00e9s pour une utilisation sp\u00e9cifique. Nous offrons une <strong>large gamme de c\u00e2bles en acier<\/strong>, manchons et sangle en polyester pour le levage, en assurant \u00e0 nos clients un service complet er certifi\u00e9.<br \/>\nNotre personnel vous aider\u00e0 dans la choix du c\u00e2ble en acier\u00a0qui mieux correspond \u00e0 vos besoins sp\u00e9cifiques.<br \/>\nVous pouvez nous contacter au <strong>+39 035 201408<\/strong> ou envoyant votre demande par email.[\/vc_column_text][\/vc_column][\/vc_row][vc_row bg_type=&nbsp;&raquo;no_bg&nbsp;&raquo; ult_hide_row=&nbsp;&raquo;ult_hide_row_value&nbsp;&raquo; ult_hide_row_large_screen=&nbsp;&raquo;large_screen&nbsp;&raquo; ult_hide_row_desktop=&nbsp;&raquo;desktop&nbsp;&raquo; ult_hide_row_tablet=&nbsp;&raquo;tablet&nbsp;&raquo; ult_hide_row_tablet_small=&nbsp;&raquo;xs_tablet&nbsp;&raquo; ult_hide_row_mobile=&nbsp;&raquo;mobile&nbsp;&raquo; ult_hide_row_mobile_large=&nbsp;&raquo;xl_mobile&nbsp;&raquo;][vc_column width=&nbsp;&raquo;1\/3&Prime;]\n<div id=\"interactive-banner-1-wrap-1165\" class=\"ult-banner-block ult-adjust-bottom-margin ult-bb-more  banner-style01 \"   style=\"\">\n\t<img decoding=\"async\" src=\"https:\/\/www.santinifuni.com\/wp-content\/uploads\/2014\/06\/sollevamentoB.jpg\" alt=\"\">\n\t<h3  data-ultimate-target='#interactive-banner-1-wrap-1165 .bb-top-title '  data-responsive-json-new='{\"font-size\":\"desktop:17px;\",\"line-height\":\"\"}'  class=\"title-center bb-top-title ult-responsive\" style=\"font-family:&#039;Raleway&#039;;font-weight:500;background:#243647;color:#ffffff;\">C\u00e2bles pour le levage<\/h3>\n\t<div class=\"mask opaque-background\" style=\"background:rgba(255,255,255,0.83);\">\n\t\t<div  data-ultimate-target='#interactive-banner-1-wrap-1165 .bb-description'  data-responsive-json-new='{\"font-size\":\"\",\"line-height\":\"\"}'  class=\"bb-description ult-responsive\" style=\"font-weight:normal;color:#ffffff;\"><\/div>\n\t\t<a class=\"bb-link\" href=\"\/fr\/produits-vente-cables-en-acier\/cables-pour-le-levage\/\" title=\"C\u00e2bles pour le levage\"  style=\"background:#243647;color:#ffffff;\">Aller \u00e0 la section<\/a>\n\t<\/div>\n<\/div>\n<div id=\"interactive-banner-1-wrap-9516\" class=\"ult-banner-block ult-adjust-bottom-margin ult-bb-more banner-block-custom-height banner-style01 \"   style=\"\">\n\t<img decoding=\"async\" src=\"https:\/\/www.santinifuni.com\/wp-content\/uploads\/2014\/06\/vita.jpg\" alt=\"\">\n\t<h3  data-ultimate-target='#interactive-banner-1-wrap-9516 .bb-top-title '  data-responsive-json-new='{\"font-size\":\"desktop:17px;\",\"line-height\":\"\"}'  class=\"title-center bb-top-title ult-responsive\" style=\"font-family:&#039;Raleway&#039;;font-weight:500;background:#243647;color:#ffffff;\">C\u00e2bles pour les lignes de vie<\/h3>\n\t<div class=\"mask opaque-background\" style=\"background:rgba(255,255,255,0.83);\">\n\t\t<div  data-ultimate-target='#interactive-banner-1-wrap-9516 .bb-description'  data-responsive-json-new='{\"font-size\":\"\",\"line-height\":\"\"}'  class=\"bb-description ult-responsive\" style=\"font-weight:normal;color:#ffffff;\"><\/div>\n\t\t<a class=\"bb-link\" href=\"http:\/\/www.santinifuni.com\/fr\/produits\/cables-pour-les-lignes-de-vie\/\" title=\"C\u00e2bles pour les lignes de vie\"  style=\"background:#243647;color:#ffffff;\">Aller \u00e0 la section<\/a>\n\t<\/div>\n<\/div>\n<div id=\"interactive-banner-1-wrap-7722\" class=\"ult-banner-block ult-adjust-bottom-margin ult-bb-more banner-block-custom-height banner-style01 \"   style=\"\">\n\t<img decoding=\"async\" src=\"https:\/\/www.santinifuni.com\/wp-content\/uploads\/2014\/06\/funi-per-barriere-paramassi.png\" alt=\"\">\n\t<h3  data-ultimate-target='#interactive-banner-1-wrap-7722 .bb-top-title '  data-responsive-json-new='{\"font-size\":\"desktop:17px;\",\"line-height\":\"\"}'  class=\"title-center bb-top-title ult-responsive\" style=\"font-family:&#039;Raleway&#039;;font-weight:500;background:#243647;color:#ffffff;\">C\u00e2bles pour barri\u00e8res pare-pierres<\/h3>\n\t<div class=\"mask opaque-background\" style=\"background:rgba(255,255,255,0.83);\">\n\t\t<div  data-ultimate-target='#interactive-banner-1-wrap-7722 .bb-description'  data-responsive-json-new='{\"font-size\":\"\",\"line-height\":\"\"}'  class=\"bb-description ult-responsive\" style=\"font-weight:normal;color:#ffffff;\"><\/div>\n\t\t<a class=\"bb-link\" href=\"\/fr\/produits\/cables-pour-grillages-contre-les-chutes-de-pierres-et-avalanches\/\" title=\"C\u00e2bles pour grillages contre les chutes de pierres et avalanches\"  style=\"background:#243647;color:#ffffff;\">Aller \u00e0 la section<\/a>\n\t<\/div>\n<\/div>\n<div id=\"interactive-banner-1-wrap-5894\" class=\"ult-banner-block ult-adjust-bottom-margin ult-bb-more banner-block-custom-height banner-style01 \"   style=\"\">\n\t<img decoding=\"async\" src=\"https:\/\/www.santinifuni.com\/wp-content\/uploads\/2014\/06\/fasce.jpg\" alt=\"\">\n\t<h3  data-ultimate-target='#interactive-banner-1-wrap-5894 .bb-top-title '  data-responsive-json-new='{\"font-size\":\"desktop:17px;\",\"line-height\":\"\"}'  class=\"title-center bb-top-title ult-responsive\" style=\"font-family:&#039;Raleway&#039;;font-weight:500;background:#243647;color:#ffffff;\">Sangles en polyester<\/h3>\n\t<div class=\"mask opaque-background\" style=\"background:rgba(255,255,255,0.83);\">\n\t\t<div  data-ultimate-target='#interactive-banner-1-wrap-5894 .bb-description'  data-responsive-json-new='{\"font-size\":\"\",\"line-height\":\"\"}'  class=\"bb-description ult-responsive\" style=\"font-weight:normal;color:#ffffff;\"><\/div>\n\t\t<a class=\"bb-link\" href=\"\/fr\/produits\/sangles-en-polyester\/\" title=\"Sangles en polyester\"  style=\"background:#243647;color:#ffffff;\">Aller \u00e0 la section<\/a>\n\t<\/div>\n<\/div>[\/vc_column][vc_column width=&nbsp;&raquo;1\/3&Prime;]\n<div id=\"interactive-banner-1-wrap-7572\" class=\"ult-banner-block ult-adjust-bottom-margin ult-bb-more banner-block-custom-height banner-style01 \"   style=\"\">\n\t<img decoding=\"async\" src=\"https:\/\/www.santinifuni.com\/wp-content\/uploads\/2014\/06\/funi-per-ascensori.png\" alt=\"\">\n\t<h3  data-ultimate-target='#interactive-banner-1-wrap-7572 .bb-top-title '  data-responsive-json-new='{\"font-size\":\"desktop:17px;\",\"line-height\":\"\"}'  class=\"title-center bb-top-title ult-responsive\" style=\"font-family:&#039;Raleway&#039;;font-weight:500;background:#243647;color:#ffffff;\">C\u00e2bles d'ascenseur<\/h3>\n\t<div class=\"mask opaque-background\" style=\"background:rgba(255,255,255,0.83);\">\n\t\t<div  data-ultimate-target='#interactive-banner-1-wrap-7572 .bb-description'  data-responsive-json-new='{\"font-size\":\"\",\"line-height\":\"\"}'  class=\"bb-description ult-responsive\" style=\"font-weight:normal;color:#ffffff;\"><\/div>\n\t\t<a class=\"bb-link\" href=\"\/fr\/produits\/cables-pour-ascenseurs\/\" title=\"C\u00e2bles pour ascenseurs\"  style=\"background:#243647;color:#ffffff;\">Aller \u00e0 la section<\/a>\n\t<\/div>\n<\/div>\n<div id=\"interactive-banner-1-wrap-3452\" class=\"ult-banner-block ult-adjust-bottom-margin ult-bb-more banner-block-custom-height banner-style01 \"   style=\"\">\n\t<img decoding=\"async\" src=\"https:\/\/www.santinifuni.com\/wp-content\/uploads\/2014\/06\/gru.jpg\" alt=\"\">\n\t<h3  data-ultimate-target='#interactive-banner-1-wrap-3452 .bb-top-title '  data-responsive-json-new='{\"font-size\":\"desktop:17px;\",\"line-height\":\"\"}'  class=\"title-center bb-top-title ult-responsive\" style=\"font-family:&#039;Raleway&#039;;font-weight:500;background:#243647;color:#ffffff;\">Cordes pour les grues<\/h3>\n\t<div class=\"mask opaque-background\" style=\"background:rgba(255,255,255,0.83);\">\n\t\t<div  data-ultimate-target='#interactive-banner-1-wrap-3452 .bb-description'  data-responsive-json-new='{\"font-size\":\"\",\"line-height\":\"\"}'  class=\"bb-description ult-responsive\" style=\"font-weight:normal;color:#ffffff;\"><\/div>\n\t\t<a class=\"bb-link\" href=\"\/fr\/produits\/cables-pour-grues\/\" title=\"C\u00e2bles pour grues\"  style=\"background:#243647;color:#ffffff;\">Aller \u00e0 la section<\/a>\n\t<\/div>\n<\/div>\n<div id=\"interactive-banner-1-wrap-6800\" class=\"ult-banner-block ult-adjust-bottom-margin ult-bb-more banner-block-custom-height banner-style01 \"   style=\"\">\n\t<img decoding=\"async\" src=\"https:\/\/www.santinifuni.com\/wp-content\/uploads\/2014\/06\/architettura.jpg\" alt=\"\">\n\t<h3  data-ultimate-target='#interactive-banner-1-wrap-6800 .bb-top-title '  data-responsive-json-new='{\"font-size\":\"desktop:17px;\",\"line-height\":\"\"}'  class=\"title-center bb-top-title ult-responsive\" style=\"font-family:&#039;Raleway&#039;;font-weight:500;background:#243647;color:#ffffff;\">C\u00e2bles pour usage architectural<\/h3>\n\t<div class=\"mask opaque-background\" style=\"background:rgba(255,255,255,0.83);\">\n\t\t<div  data-ultimate-target='#interactive-banner-1-wrap-6800 .bb-description'  data-responsive-json-new='{\"font-size\":\"\",\"line-height\":\"\"}'  class=\"bb-description ult-responsive\" style=\"font-weight:normal;color:#ffffff;\"><\/div>\n\t\t<a class=\"bb-link\" href=\"\/fr\/produits\/cables-pour-utilisation-architecturale\/\" title=\"C\u00e2bles pour utilisation architecturale\"  style=\"background:#243647;color:#ffffff;\">Aller \u00e0 la section<\/a>\n\t<\/div>\n<\/div>\n<div id=\"interactive-banner-1-wrap-8259\" class=\"ult-banner-block ult-adjust-bottom-margin ult-bb-more banner-block-custom-height banner-style01 \"   style=\"\">\n\t<img decoding=\"async\" src=\"https:\/\/www.santinifuni.com\/wp-content\/uploads\/2014\/06\/funi-per-utilizzi-vari.png\" alt=\"\">\n\t<h3  data-ultimate-target='#interactive-banner-1-wrap-8259 .bb-top-title '  data-responsive-json-new='{\"font-size\":\"desktop:17px;\",\"line-height\":\"\"}'  class=\"title-center bb-top-title ult-responsive\" style=\"font-family:&#039;Raleway&#039;;font-weight:500;background:#243647;color:#ffffff;\">C\u00e2bles pour divers usages<\/h3>\n\t<div class=\"mask opaque-background\" style=\"background:rgba(255,255,255,0.83);\">\n\t\t<div  data-ultimate-target='#interactive-banner-1-wrap-8259 .bb-description'  data-responsive-json-new='{\"font-size\":\"\",\"line-height\":\"\"}'  class=\"bb-description ult-responsive\" style=\"font-weight:normal;color:#ffffff;\"><\/div>\n\t\t<a class=\"bb-link\" href=\"\/fr\/produits\/cables-pour-utilisations-generiques\/\" title=\"C\u00e2bles pour utilisations g\u00e9n\u00e9riques.\"  style=\"background:#243647;color:#ffffff;\">Aller \u00e0 la section<\/a>\n\t<\/div>\n<\/div>[\/vc_column][vc_column width=&nbsp;&raquo;1\/3&Prime;]\n<div id=\"interactive-banner-1-wrap-5488\" class=\"ult-banner-block ult-adjust-bottom-margin ult-bb-more banner-block-custom-height banner-style01 \"   style=\"\">\n\t<img decoding=\"async\" src=\"https:\/\/www.santinifuni.com\/wp-content\/uploads\/2014\/06\/nautica.jpg\" alt=\"\">\n\t<h3  data-ultimate-target='#interactive-banner-1-wrap-5488 .bb-top-title '  data-responsive-json-new='{\"font-size\":\"desktop:17px;\",\"line-height\":\"\"}'  class=\"title-center bb-top-title ult-responsive\" style=\"font-family:&#039;Raleway&#039;;font-weight:500;background:#243647;color:#ffffff;\">Nautique c\u00e2bles<\/h3>\n\t<div class=\"mask opaque-background\" style=\"background:rgba(255,255,255,0.83);\">\n\t\t<div  data-ultimate-target='#interactive-banner-1-wrap-5488 .bb-description'  data-responsive-json-new='{\"font-size\":\"\",\"line-height\":\"\"}'  class=\"bb-description ult-responsive\" style=\"font-weight:normal;color:#ffffff;\"><\/div>\n\t\t<a class=\"bb-link\" href=\"http:\/\/www.santinifuni.com\/fr\/produits\/cables-pour-utilisation-marine\/\" title=\"C\u00e2bles pour utilisation marine\"  style=\"background:#243647;color:#ffffff;\">Aller \u00e0 la section<\/a>\n\t<\/div>\n<\/div>\n<div id=\"interactive-banner-1-wrap-9499\" class=\"ult-banner-block ult-adjust-bottom-margin ult-bb-more banner-block-custom-height banner-style01 \"   style=\"\">\n\t<img decoding=\"async\" src=\"https:\/\/www.santinifuni.com\/wp-content\/uploads\/2014\/06\/trasmissioni.jpg\" alt=\"\">\n\t<h3  data-ultimate-target='#interactive-banner-1-wrap-9499 .bb-top-title '  data-responsive-json-new='{\"font-size\":\"desktop:17px;\",\"line-height\":\"\"}'  class=\"title-center bb-top-title ult-responsive\" style=\"font-family:&#039;Raleway&#039;;font-weight:500;background:#243647;color:#ffffff;\">Transmissions flexibles<\/h3>\n\t<div class=\"mask opaque-background\" style=\"background:rgba(255,255,255,0.83);\">\n\t\t<div  data-ultimate-target='#interactive-banner-1-wrap-9499 .bb-description'  data-responsive-json-new='{\"font-size\":\"\",\"line-height\":\"\"}'  class=\"bb-description ult-responsive\" style=\"font-weight:normal;color:#ffffff;\"><\/div>\n\t\t<a class=\"bb-link\" href=\"\/fr\/produits\/cables-pour-transmissions-souples\/\" title=\"C\u00e2bles pour transmissions souples\"  style=\"background:#243647;color:#ffffff;\">Aller \u00e0 la section<\/a>\n\t<\/div>\n<\/div>\n<div id=\"interactive-banner-1-wrap-2301\" class=\"ult-banner-block ult-adjust-bottom-margin ult-bb-more banner-block-custom-height banner-style01 \"   style=\"\">\n\t<img decoding=\"async\" src=\"https:\/\/www.santinifuni.com\/wp-content\/uploads\/2014\/06\/manicotti-in-alluminio.png\" alt=\"\">\n\t<h3  data-ultimate-target='#interactive-banner-1-wrap-2301 .bb-top-title '  data-responsive-json-new='{\"font-size\":\"desktop:17px;\",\"line-height\":\"\"}'  class=\"title-center bb-top-title ult-responsive\" style=\"font-family:&#039;Raleway&#039;;font-weight:500;background:#243647;color:#ffffff;\">Manchons en aluminium<\/h3>\n\t<div class=\"mask opaque-background\" style=\"background:rgba(255,255,255,0.83);\">\n\t\t<div  data-ultimate-target='#interactive-banner-1-wrap-2301 .bb-description'  data-responsive-json-new='{\"font-size\":\"\",\"line-height\":\"\"}'  class=\"bb-description ult-responsive\" style=\"font-weight:normal;color:#ffffff;\"><\/div>\n\t\t<a class=\"bb-link\" href=\"\/fr\/produits\/manchons-en-aluminium\/\" title=\"Manchons en aluminium\"  style=\"background:#243647;color:#ffffff;\">Aller \u00e0 la section<\/a>\n\t<\/div>\n<\/div>[\/vc_column][\/vc_row]\n","protected":false},"excerpt":{"rendered":"<p>[vc_row][vc_column][vc_column_text]Nous nous occupons de la vente de c\u00e2bles en acier depuis 25 ans et gr\u00e2ce \u00e0 l\u2019experience que nous avons acquis, nous avons indentifi\u00e9 les meilleurs produits\u00a0en proposant \u00e0 nos clients differents types de cables en acier et autres produits qui mieux s\u2019adaptent \u00e0 l\u2019utilisation. Notre stock a c\u00e2bles en acier\u00a0co\u00e7us et certifi\u00e9s pour une&#8230;<\/p>\n","protected":false},"author":1,"featured_media":0,"parent":0,"menu_order":0,"comment_status":"closed","ping_status":"closed","template":"","meta":{"footnotes":""},"class_list":["post-1526","page","type-page","status-publish","hentry"],"aioseo_notices":[],"_links":{"self":[{"href":"https:\/\/www.santinifuni.com\/fr\/wp-json\/wp\/v2\/pages\/1526"}],"collection":[{"href":"https:\/\/www.santinifuni.com\/fr\/wp-json\/wp\/v2\/pages"}],"about":[{"href":"https:\/\/www.santinifuni.com\/fr\/wp-json\/wp\/v2\/types\/page"}],"author":[{"embeddable":true,"href":"https:\/\/www.santinifuni.com\/fr\/wp-json\/wp\/v2\/users\/1"}],"replies":[{"embeddable":true,"href":"https:\/\/www.santinifuni.com\/fr\/wp-json\/wp\/v2\/comments?post=1526"}],"version-history":[{"count":0,"href":"https:\/\/www.santinifuni.com\/fr\/wp-json\/wp\/v2\/pages\/1526\/revisions"}],"wp:attachment":[{"href":"https:\/\/www.santinifuni.com\/fr\/wp-json\/wp\/v2\/media?parent=1526"}],"curies":[{"name":"wp","href":"https:\/\/api.w.org\/{rel}","templated":true}]}}