{"id":1555,"date":"2014-06-25T16:59:54","date_gmt":"2014-06-25T14:59:54","guid":{"rendered":"http:\/\/www.santinifuni.com\/prodotti\/fasce-in-poliestere\/"},"modified":"2016-12-19T22:52:56","modified_gmt":"2016-12-19T21:52:56","slug":"sangles-en-polyester","status":"publish","type":"page","link":"https:\/\/www.santinifuni.com\/fr\/produits-vente-cables-en-acier\/sangles-en-polyester\/","title":{"rendered":"Sangles en polyester"},"content":{"rendered":"<p>[vc_row][vc_column][vc_column_text]Sangles tiss\u00e9es en polyester, mat\u00e9riau extr\u00eamement r\u00e9sistant qui pr\u00e9sente un allongement sous effort tr\u00e8s r\u00e9duit.<br \/>\nNous disposons aussi bien de produits nationaux que d\u2019importation.<\/p>\n<p>Caract\u00e9ristiques techniques du polyester :<br \/>\n\u2013 Allongement sous charge : 2% maximum, jusqu\u2019\u00e0 14% \u00e0 la rupture<br \/>\n\u2013 R\u00e9sistance \u00e0 la chaleur permanente : 100\u00b0C (Point de fusion 250\u00b0C)<br \/>\n\u2013 R\u00e9sistance \u00e0 la lumi\u00e8re \/ humidit\u00e9 \/ solvants organiques et huiles combustibles : 100%<\/p>\n<p>Utilisation de la sangle :<br \/>\n\u00c9tant entendu que les sangles doivent \u00eatre inspect\u00e9es au moins une fois par mois pour en augmenter la dur\u00e9e de vie utile il est recommand\u00e9 de :<\/p>\n<p>\u2013 Les garder propres et en ordre.<br \/>\n\u2013 Les stocker dans un endroit sec, ne pr\u00e9sentant pas de sources de chaleur ou de lumi\u00e8re solaire directe.<br \/>\n\u2013 Ne pas les utiliser au contact des objets coupants ou des arr\u00eates saillantes.<br \/>\n\u2013 \u00c9viter la formation de n\u0153uds.<br \/>\n\u2013 Ne pas utiliser de sangles endommag\u00e9es sur les bords, sur les coutures ou avec des \u00e9tiquettes illisibles.<\/p>\n<p>Coefficient de s\u00e9curit\u00e9 : 7:1[\/vc_column_text][vc_column_text]\n<table id=\"tablepress-22\" class=\"tablepress tablepress-id-22\">\n<thead>\n<tr class=\"row-1\">\n\t<th class=\"column-1\">Colore<\/th><th class=\"column-2\">Larghezza mm<\/th><th class=\"column-3\">Lunghezza mm<\/th><th class=\"column-4\">Portata verticale kg<\/th>\n<\/tr>\n<\/thead>\n<tbody class=\"row-striping row-hover\">\n<tr class=\"row-2\">\n\t<td class=\"column-1\">Viola<\/td><td class=\"column-2\">30<\/td><td class=\"column-3\">3000<\/td><td class=\"column-4\">1000<\/td>\n<\/tr>\n<tr class=\"row-3\">\n\t<td class=\"column-1\">Viola<\/td><td class=\"column-2\">30<\/td><td class=\"column-3\">4000<\/td><td class=\"column-4\">1000<\/td>\n<\/tr>\n<tr class=\"row-4\">\n\t<td class=\"column-1\">Viola<\/td><td class=\"column-2\">50<\/td><td class=\"column-3\">1000<\/td><td class=\"column-4\">1000<\/td>\n<\/tr>\n<tr class=\"row-5\">\n\t<td class=\"column-1\">Viola<\/td><td class=\"column-2\">50<\/td><td class=\"column-3\">1500<\/td><td class=\"column-4\">1000<\/td>\n<\/tr>\n<tr class=\"row-6\">\n\t<td class=\"column-1\">Viola<\/td><td class=\"column-2\">50<\/td><td class=\"column-3\">2000<\/td><td class=\"column-4\">1000<\/td>\n<\/tr>\n<tr class=\"row-7\">\n\t<td class=\"column-1\">Viola<\/td><td class=\"column-2\">50<\/td><td class=\"column-3\">2500<\/td><td class=\"column-4\">1000<\/td>\n<\/tr>\n<tr class=\"row-8\">\n\t<td class=\"column-1\">Viola<\/td><td class=\"column-2\">50<\/td><td class=\"column-3\">5000<\/td><td class=\"column-4\">1000<\/td>\n<\/tr>\n<tr class=\"row-9\">\n\t<td class=\"column-1\">Viola<\/td><td class=\"column-2\">50<\/td><td class=\"column-3\">5500<\/td><td class=\"column-4\">1000<\/td>\n<\/tr>\n<tr class=\"row-10\">\n\t<td class=\"column-1\">Viola<\/td><td class=\"column-2\">50<\/td><td class=\"column-3\">6000<\/td><td class=\"column-4\">1000<\/td>\n<\/tr>\n<tr class=\"row-11\">\n\t<td class=\"column-1\">Verde<\/td><td class=\"column-2\">60<\/td><td class=\"column-3\">1000<\/td><td class=\"column-4\">2000<\/td>\n<\/tr>\n<tr class=\"row-12\">\n\t<td class=\"column-1\">Verde<\/td><td class=\"column-2\">60<\/td><td class=\"column-3\">1500<\/td><td class=\"column-4\">2000<\/td>\n<\/tr>\n<tr class=\"row-13\">\n\t<td class=\"column-1\">Verde<\/td><td class=\"column-2\">60<\/td><td class=\"column-3\">2000<\/td><td class=\"column-4\">2000<\/td>\n<\/tr>\n<tr class=\"row-14\">\n\t<td class=\"column-1\">Verde<\/td><td class=\"column-2\">60<\/td><td class=\"column-3\">3000<\/td><td class=\"column-4\">2000<\/td>\n<\/tr>\n<tr class=\"row-15\">\n\t<td class=\"column-1\">Verde<\/td><td class=\"column-2\">60<\/td><td class=\"column-3\">4000<\/td><td class=\"column-4\">2000<\/td>\n<\/tr>\n<tr class=\"row-16\">\n\t<td class=\"column-1\">Verde<\/td><td class=\"column-2\">60<\/td><td class=\"column-3\">5000<\/td><td class=\"column-4\">2000<\/td>\n<\/tr>\n<tr class=\"row-17\">\n\t<td class=\"column-1\">Verde<\/td><td class=\"column-2\">60<\/td><td class=\"column-3\">6000<\/td><td class=\"column-4\">2000<\/td>\n<\/tr>\n<tr class=\"row-18\">\n\t<td class=\"column-1\">Giallo<\/td><td class=\"column-2\">90<\/td><td class=\"column-3\">1000<\/td><td class=\"column-4\">3000<\/td>\n<\/tr>\n<tr class=\"row-19\">\n\t<td class=\"column-1\">Giallo<\/td><td class=\"column-2\">90<\/td><td class=\"column-3\">1500<\/td><td class=\"column-4\">3000<\/td>\n<\/tr>\n<tr class=\"row-20\">\n\t<td class=\"column-1\">Giallo<\/td><td class=\"column-2\">90<\/td><td class=\"column-3\">2000<\/td><td class=\"column-4\">3000<\/td>\n<\/tr>\n<tr class=\"row-21\">\n\t<td class=\"column-1\">Giallo<\/td><td class=\"column-2\">90<\/td><td class=\"column-3\">3000<\/td><td class=\"column-4\">3000<\/td>\n<\/tr>\n<tr class=\"row-22\">\n\t<td class=\"column-1\">Giallo<\/td><td class=\"column-2\">90<\/td><td class=\"column-3\">3500<\/td><td class=\"column-4\">3000<\/td>\n<\/tr>\n<tr class=\"row-23\">\n\t<td class=\"column-1\">Giallo<\/td><td class=\"column-2\">90<\/td><td class=\"column-3\">4000<\/td><td class=\"column-4\">3000<\/td>\n<\/tr>\n<tr class=\"row-24\">\n\t<td class=\"column-1\">Giallo<\/td><td class=\"column-2\">90<\/td><td class=\"column-3\">5000<\/td><td class=\"column-4\">3000<\/td>\n<\/tr>\n<tr class=\"row-25\">\n\t<td class=\"column-1\">Giallo<\/td><td class=\"column-2\">90<\/td><td class=\"column-3\">5500<\/td><td class=\"column-4\">3000<\/td>\n<\/tr>\n<tr class=\"row-26\">\n\t<td class=\"column-1\">Giallo<\/td><td class=\"column-2\">90<\/td><td class=\"column-3\">6000<\/td><td class=\"column-4\">3000<\/td>\n<\/tr>\n<\/tbody>\n<\/table>\n<!-- #tablepress-22 from cache -->[\/vc_column_text][\/vc_column][\/vc_row][vc_row][vc_column][vc_cta_button2 h2=&nbsp;&raquo;&nbsp;&raquo; h4=&nbsp;&raquo;Pour plus d&rsquo;informations sur nos produits&nbsp;&raquo; style=&nbsp;&raquo;square&nbsp;&raquo; txt_align=&nbsp;&raquo;center&nbsp;&raquo; title=&nbsp;&raquo;CONTACTEZ NOUS&nbsp;&raquo; color=&nbsp;&raquo;mulled_wine&nbsp;&raquo; position=&nbsp;&raquo;bottom&nbsp;&raquo; link=&nbsp;&raquo;url:%2Ffr%2Fcontact%2F|title:Contact|&nbsp;&raquo; accent_color=&nbsp;&raquo;#fcde49&Prime;][\/vc_cta_button2][\/vc_column][\/vc_row]\n","protected":false},"excerpt":{"rendered":"<p>[vc_row][vc_column][vc_column_text]Sangles tiss\u00e9es en polyester, mat\u00e9riau extr\u00eamement r\u00e9sistant qui pr\u00e9sente un allongement sous effort tr\u00e8s r\u00e9duit. Nous disposons aussi bien de produits nationaux que d\u2019importation. Caract\u00e9ristiques techniques du polyester : \u2013 Allongement sous charge : 2% maximum, jusqu\u2019\u00e0 14% \u00e0 la rupture \u2013 R\u00e9sistance \u00e0 la chaleur permanente : 100\u00b0C (Point de fusion 250\u00b0C) \u2013 R\u00e9sistance&#8230;<\/p>\n","protected":false},"author":1,"featured_media":0,"parent":1526,"menu_order":0,"comment_status":"closed","ping_status":"closed","template":"","meta":{"footnotes":""},"class_list":["post-1555","page","type-page","status-publish","hentry"],"aioseo_notices":[],"_links":{"self":[{"href":"https:\/\/www.santinifuni.com\/fr\/wp-json\/wp\/v2\/pages\/1555"}],"collection":[{"href":"https:\/\/www.santinifuni.com\/fr\/wp-json\/wp\/v2\/pages"}],"about":[{"href":"https:\/\/www.santinifuni.com\/fr\/wp-json\/wp\/v2\/types\/page"}],"author":[{"embeddable":true,"href":"https:\/\/www.santinifuni.com\/fr\/wp-json\/wp\/v2\/users\/1"}],"replies":[{"embeddable":true,"href":"https:\/\/www.santinifuni.com\/fr\/wp-json\/wp\/v2\/comments?post=1555"}],"version-history":[{"count":0,"href":"https:\/\/www.santinifuni.com\/fr\/wp-json\/wp\/v2\/pages\/1555\/revisions"}],"up":[{"embeddable":true,"href":"https:\/\/www.santinifuni.com\/fr\/wp-json\/wp\/v2\/pages\/1526"}],"wp:attachment":[{"href":"https:\/\/www.santinifuni.com\/fr\/wp-json\/wp\/v2\/media?parent=1555"}],"curies":[{"name":"wp","href":"https:\/\/api.w.org\/{rel}","templated":true}]}}