{"id":1562,"date":"2014-06-25T11:47:42","date_gmt":"2014-06-25T09:47:42","guid":{"rendered":"http:\/\/www.santinifuni.com\/prodotti\/funi-per-il-sollevamento\/"},"modified":"2015-04-21T17:12:03","modified_gmt":"2015-04-21T15:12:03","slug":"cables-pour-le-levage","status":"publish","type":"page","link":"https:\/\/www.santinifuni.com\/fr\/cables-pour-le-levage\/","title":{"rendered":"C\u00e2bles pour le levage"},"content":{"rendered":"<p>[vc_row][vc_column width=&nbsp;&raquo;1\/1&Prime;][vc_column_text]C\u00e2bles \u00e0 torons de grande souplesse. Bonne r\u00e9sistance \u00e0 l\u2019abrasion. L\u2019\u00e2me m\u00e9tallique se compose d\u2019un c\u00e2ble ind\u00e9pendant type 6\u00d77+AM (IWRC: independent wire rope core).[\/vc_column_text][\/vc_column][\/vc_row][vc_row][vc_column width=&nbsp;&raquo;1\/4&Prime;][vc_single_image border_color=&nbsp;&raquo;grey&nbsp;&raquo; img_link_target=&nbsp;&raquo;_self&nbsp;&raquo; img_size=&nbsp;&raquo;150&#215;150&Prime; alignment=&nbsp;&raquo;right&nbsp;&raquo; image=&nbsp;&raquo;358&Prime;][\/vc_column][vc_column width=&nbsp;&raquo;3\/4&Prime;][vc_custom_heading text=&nbsp;&raquo;6&#215;36 Warrington Seale + FC\/IWRC&nbsp;&raquo; font_container=&nbsp;&raquo;tag:h2|text_align:left&nbsp;&raquo; google_fonts=&nbsp;&raquo;font_family:Open%20Sans%3A300%2C300italic%2Cregular%2Citalic%2C600%2C600italic%2C700%2C700italic%2C800%2C800italic|font_style:400%20regular%3A400%3Anormal&nbsp;&raquo;][vc_column_text]C\u00e2ble \u00e0 6 torons de 36 fils chacun, avec \u00e2me textile ou avec \u00e2me \u00e0 49 fils (IWRC 7\u00d77), g\u00e9n\u00e9ralement avec classe de r\u00e9sistance 1770 N\/mm\u00b2 ou 1960 N\/mm\u00b2. Construction type Warrington-Seale. Disponible soit clair (g\u00e9n\u00e9ralement graiss\u00e9) ou galvaniz\u00e9 (sec).[\/vc_column_text][vc_row_inner css=&nbsp;&raquo;.vc_custom_1416321041070{margin-top: -50px !important;}&nbsp;&raquo;][vc_column_inner width=&nbsp;&raquo;2\/3&Prime;][\/vc_column_inner][vc_column_inner width=&nbsp;&raquo;1\/3&Prime;][vc_button2 title=&nbsp;&raquo;Aller \u00e0 la fiche technique&nbsp;&raquo; style=&nbsp;&raquo;rounded&nbsp;&raquo; color=&nbsp;&raquo;green&nbsp;&raquo; size=&nbsp;&raquo;sm&nbsp;&raquo; link=&nbsp;&raquo;url:%2Ffr%2Fproduits%2Fcable-acier-galvanise-6x36ws-fciwrc%2F|title:C%C3%A2ble%20acier%20galvanis%C3%A9%206x36WS%20%2B%20FC%2FIWRC|&nbsp;&raquo; align=&nbsp;&raquo;inline&nbsp;&raquo;][\/vc_column_inner][\/vc_row_inner][\/vc_column][\/vc_row][vc_row][vc_column width=&nbsp;&raquo;1\/1&Prime;][vc_separator color=&nbsp;&raquo;green&nbsp;&raquo;][\/vc_column][\/vc_row][vc_row][vc_column width=&nbsp;&raquo;1\/4&Prime;][vc_single_image border_color=&nbsp;&raquo;grey&nbsp;&raquo; img_link_target=&nbsp;&raquo;_self&nbsp;&raquo; img_size=&nbsp;&raquo;150&#215;150&Prime; alignment=&nbsp;&raquo;center&nbsp;&raquo; image=&nbsp;&raquo;991&Prime;][\/vc_column][vc_column width=&nbsp;&raquo;3\/4&Prime;][vc_custom_heading text=&nbsp;&raquo;6&#215;37 + FC&nbsp;&raquo; font_container=&nbsp;&raquo;tag:h2|text_align:left&nbsp;&raquo; google_fonts=&nbsp;&raquo;font_family:Open%20Sans%3A300%2C300italic%2Cregular%2Citalic%2C600%2C600italic%2C700%2C700italic%2C800%2C800italic|font_style:400%20regular%3A400%3Anormal&nbsp;&raquo;][vc_column_text]C\u00e2ble \u00e0 6 torons de 37 fils chacun, construction standard, uniquement avec \u00e2me textile. Disponible aussi bien clair que galvaniz\u00e9, avec classe de r\u00e9sistance 1770 N\/mm\u00b2. C\u2019est un c\u00e2ble tr\u00e8s souple, disponible dans les diam\u00e8tres de 8 mm \u00e0 40 mm.[\/vc_column_text][vc_row_inner css=&nbsp;&raquo;.vc_custom_1416321041070{margin-top: -50px !important;}&nbsp;&raquo;][vc_column_inner width=&nbsp;&raquo;2\/3&Prime;][\/vc_column_inner][vc_column_inner width=&nbsp;&raquo;1\/3&Prime;][vc_button2 title=&nbsp;&raquo;Aller \u00e0 la fiche technique&nbsp;&raquo; style=&nbsp;&raquo;rounded&nbsp;&raquo; color=&nbsp;&raquo;green&nbsp;&raquo; size=&nbsp;&raquo;sm&nbsp;&raquo; link=&nbsp;&raquo;url:%2Ffr%2Fproduits%2Fcable-acier-galvanise-6&#215;37%2F|title:C%C3%A2ble%20acier%20galvanis%C3%A9%2C%206&#215;37|&nbsp;&raquo; align=&nbsp;&raquo;inline&nbsp;&raquo;][\/vc_column_inner][\/vc_row_inner][\/vc_column][\/vc_row]\n","protected":false},"excerpt":{"rendered":"<p>[vc_row][vc_column width=&nbsp;&raquo;1\/1&Prime;][vc_column_text]C\u00e2bles \u00e0 torons de grande souplesse. Bonne r\u00e9sistance \u00e0 l\u2019abrasion. L\u2019\u00e2me m\u00e9tallique se compose d\u2019un c\u00e2ble ind\u00e9pendant type 6\u00d77+AM (IWRC: independent wire rope core).[\/vc_column_text][\/vc_column][\/vc_row][vc_row][vc_column width=&nbsp;&raquo;1\/4&Prime;][vc_single_image border_color=&nbsp;&raquo;grey&nbsp;&raquo; img_link_target=&nbsp;&raquo;_self&nbsp;&raquo; img_size=&nbsp;&raquo;150&#215;150&Prime; alignment=&nbsp;&raquo;right&nbsp;&raquo; image=&nbsp;&raquo;358&Prime;][\/vc_column][vc_column width=&nbsp;&raquo;3\/4&Prime;][vc_custom_heading text=&nbsp;&raquo;6&#215;36 Warrington Seale + FC\/IWRC&nbsp;&raquo; font_container=&nbsp;&raquo;tag:h2|text_align:left&nbsp;&raquo; google_fonts=&nbsp;&raquo;font_family:Open%20Sans%3A300%2C300italic%2Cregular%2Citalic%2C600%2C600italic%2C700%2C700italic%2C800%2C800italic|font_style:400%20regular%3A400%3Anormal&nbsp;&raquo;][vc_column_text]C\u00e2ble \u00e0 6 torons de 36 fils chacun, avec \u00e2me textile ou avec \u00e2me \u00e0 49 fils&#8230;<\/p>\n","protected":false},"author":1,"featured_media":0,"parent":0,"menu_order":0,"comment_status":"closed","ping_status":"closed","template":"","meta":{"footnotes":""},"class_list":["post-1562","page","type-page","status-publish","hentry"],"aioseo_notices":[],"_links":{"self":[{"href":"https:\/\/www.santinifuni.com\/fr\/wp-json\/wp\/v2\/pages\/1562"}],"collection":[{"href":"https:\/\/www.santinifuni.com\/fr\/wp-json\/wp\/v2\/pages"}],"about":[{"href":"https:\/\/www.santinifuni.com\/fr\/wp-json\/wp\/v2\/types\/page"}],"author":[{"embeddable":true,"href":"https:\/\/www.santinifuni.com\/fr\/wp-json\/wp\/v2\/users\/1"}],"replies":[{"embeddable":true,"href":"https:\/\/www.santinifuni.com\/fr\/wp-json\/wp\/v2\/comments?post=1562"}],"version-history":[{"count":0,"href":"https:\/\/www.santinifuni.com\/fr\/wp-json\/wp\/v2\/pages\/1562\/revisions"}],"wp:attachment":[{"href":"https:\/\/www.santinifuni.com\/fr\/wp-json\/wp\/v2\/media?parent=1562"}],"curies":[{"name":"wp","href":"https:\/\/api.w.org\/{rel}","templated":true}]}}