{"id":1573,"date":"2014-06-25T16:53:13","date_gmt":"2014-06-25T14:53:13","guid":{"rendered":"http:\/\/www.santinifuni.com\/prodotti\/funi-per-ascensori\/"},"modified":"2015-04-21T17:07:57","modified_gmt":"2015-04-21T15:07:57","slug":"cables-pour-ascenseurs","status":"publish","type":"page","link":"https:\/\/www.santinifuni.com\/fr\/produits-vente-cables-en-acier\/cables-pour-ascenseurs\/","title":{"rendered":"C\u00e2bles pour ascenseurs"},"content":{"rendered":"<p>[vc_row][vc_column width=&nbsp;&raquo;1\/1&Prime;][vc_column_text]C\u00e2ble adapt\u00e9 pour la construction d\u2019installations de levage et ascenseurs. En g\u00e9n\u00e9ral ils sont fournis par paire, avec sens d\u2019enroulement contraire. C\u00e2ble avec classe de r\u00e9sistance de 1.570 N\/mm\u00b2.[\/vc_column_text][\/vc_column][\/vc_row][vc_row][vc_column width=&nbsp;&raquo;1\/4&Prime;][vc_single_image border_color=&nbsp;&raquo;grey&nbsp;&raquo; img_link_target=&nbsp;&raquo;_self&nbsp;&raquo; img_size=&nbsp;&raquo;150&#215;150&Prime; alignment=&nbsp;&raquo;right&nbsp;&raquo; image=&nbsp;&raquo;869&Prime;][\/vc_column][vc_column width=&nbsp;&raquo;3\/4&Prime;][vc_custom_heading text=&nbsp;&raquo;6&#215;19 Seale + FC&nbsp;&raquo; font_container=&nbsp;&raquo;tag:h2|text_align:left&nbsp;&raquo; google_fonts=&nbsp;&raquo;font_family:Open%20Sans%3A300%2C300italic%2Cregular%2Citalic%2C600%2C600italic%2C700%2C700italic%2C800%2C800italic|font_style:400%20regular%3A400%3Anormal&nbsp;&raquo;][vc_column_text]Ce c\u00e2ble est form\u00e9 de 6 torons externes de 19 fils chacun, avec une \u00e2me en fibre textile. Enroulement droit ou gauche. Nous disposons de c\u00e2ble en acier clair R.1570 N\/mm\u00b2.<br \/>\nDiam\u00e8tres les plus communs de 6 mm \u00e0 12 mm.<br \/>\n[\/vc_column_text][vc_row_inner css=&nbsp;&raquo;.vc_custom_1416321041070{margin-top: -50px !important;}&nbsp;&raquo;][vc_column_inner width=&nbsp;&raquo;2\/3&Prime;][\/vc_column_inner][vc_column_inner width=&nbsp;&raquo;1\/3&Prime;][vc_button2 title=&nbsp;&raquo;Aller \u00e0 la fiche technique&nbsp;&raquo; style=&nbsp;&raquo;rounded&nbsp;&raquo; color=&nbsp;&raquo;green&nbsp;&raquo; size=&nbsp;&raquo;sm&nbsp;&raquo; link=&nbsp;&raquo;url:%2Ffr%2Fproduits%2Fcable-acier-clair-6&#215;19-seale%2F|title:C%C3%A2ble%20acier%20clair%206%C3%9719%20Seale|&nbsp;&raquo; align=&nbsp;&raquo;inline&nbsp;&raquo;][\/vc_column_inner][\/vc_row_inner][\/vc_column][\/vc_row][vc_row][vc_column width=&nbsp;&raquo;1\/1&Prime;][vc_separator color=&nbsp;&raquo;green&nbsp;&raquo;][\/vc_column][\/vc_row][vc_row][vc_column width=&nbsp;&raquo;1\/4&Prime;][vc_single_image border_color=&nbsp;&raquo;grey&nbsp;&raquo; img_link_target=&nbsp;&raquo;_self&nbsp;&raquo; img_size=&nbsp;&raquo;150&#215;150&Prime; alignment=&nbsp;&raquo;center&nbsp;&raquo; image=&nbsp;&raquo;1050&Prime;][\/vc_column][vc_column width=&nbsp;&raquo;3\/4&Prime;][vc_custom_heading text=&nbsp;&raquo;8&#215;19 Seale + FC&nbsp;&raquo; font_container=&nbsp;&raquo;tag:h2|text_align:left&nbsp;&raquo; google_fonts=&nbsp;&raquo;font_family:Open%20Sans%3A300%2C300italic%2Cregular%2Citalic%2C600%2C600italic%2C700%2C700italic%2C800%2C800italic|font_style:400%20regular%3A400%3Anormal&nbsp;&raquo;][vc_column_text]Ce c\u00e2ble est form\u00e9 de 8 torons externes de 19 fils chacun, avec une \u00e2me en fibre textile. Enroulement droit ou gauche. Nous disposons de c\u00e2ble en acier clair R.1570 N\/mm\u00b2.<br \/>\nDiam\u00e8tres les plus communs de 6 mm \u00e0 12 mm.<br \/>\n[\/vc_column_text][vc_row_inner css=&nbsp;&raquo;.vc_custom_1416321041070{margin-top: -50px !important;}&nbsp;&raquo;][vc_column_inner width=&nbsp;&raquo;2\/3&Prime;][\/vc_column_inner][vc_column_inner width=&nbsp;&raquo;1\/3&Prime;][vc_button2 title=&nbsp;&raquo;Aller \u00e0 la fiche technique&nbsp;&raquo; style=&nbsp;&raquo;rounded&nbsp;&raquo; color=&nbsp;&raquo;green&nbsp;&raquo; size=&nbsp;&raquo;sm&nbsp;&raquo; link=&nbsp;&raquo;url:%2Ffr%2Fproduits%2Fcable-acier-clair-8&#215;19-seale%2F|title:C%C3%A2ble%20acier%20clair%208%C3%9719%20Seale|&nbsp;&raquo; align=&nbsp;&raquo;inline&nbsp;&raquo;][\/vc_column_inner][\/vc_row_inner][\/vc_column][\/vc_row][vc_row font_color=&nbsp;&raquo;#dd3333&Prime; bg_type=&nbsp;&raquo;no_bg&nbsp;&raquo; bg_grad=&nbsp;&raquo;background: -webkit-gradient(linear, left top, left bottom, color-stop(0%, #FBFBFB), color-stop(50%, #E3E3E3), color-stop(100%, #C2C2C2));background: -moz-linear-gradient(top,#FBFBFB 0%,#E3E3E3 50%,#C2C2C2 100%);background: -webkit-linear-gradient(top,#FBFBFB 0%,#E3E3E3 50%,#C2C2C2 100%);background: -o-linear-gradient(top,#FBFBFB 0%,#E3E3E3 50%,#C2C2C2 100%);background: -ms-linear-gradient(top,#FBFBFB 0%,#E3E3E3 50%,#C2C2C2 100%);background: linear-gradient(top,#FBFBFB 0%,#E3E3E3 50%,#C2C2C2 100%);&nbsp;&raquo; parallax_style=&nbsp;&raquo;vcpb-default&nbsp;&raquo; bg_image_repeat=&nbsp;&raquo;no-repeat&nbsp;&raquo; bg_image_size=&nbsp;&raquo;cover&nbsp;&raquo; bg_img_attach=&nbsp;&raquo;fixed&nbsp;&raquo; parallax_sense=&nbsp;&raquo;30&Prime; animation_direction=&nbsp;&raquo;left-animation&nbsp;&raquo; animation_repeat=&nbsp;&raquo;repeat&nbsp;&raquo; bg_override=&nbsp;&raquo;0&Prime; parallax_content_sense=&nbsp;&raquo;30&Prime; fadeout_start_effect=&nbsp;&raquo;30&Prime; overlay_pattern_opacity=&nbsp;&raquo;80&Prime; seperator_type=&nbsp;&raquo;none_seperator&nbsp;&raquo; seperator_position=&nbsp;&raquo;top_seperator&nbsp;&raquo; seperator_shape_size=&nbsp;&raquo;40&Prime; seperator_svg_height=&nbsp;&raquo;60&Prime; seperator_shape_background=&nbsp;&raquo;#ffffff&nbsp;&raquo; seperator_shape_border=&nbsp;&raquo;none&nbsp;&raquo; seperator_shape_border_width=&nbsp;&raquo;1&Prime; icon_type=&nbsp;&raquo;no_icon&nbsp;&raquo; icon_size=&nbsp;&raquo;32&Prime; icon_style=&nbsp;&raquo;none&nbsp;&raquo; icon_color_border=&nbsp;&raquo;#333333&Prime; icon_border_size=&nbsp;&raquo;1&Prime; icon_border_radius=&nbsp;&raquo;500&Prime; icon_border_spacing=&nbsp;&raquo;50&Prime; img_width=&nbsp;&raquo;48&Prime;][vc_column][\/vc_column][\/vc_row]\n","protected":false},"excerpt":{"rendered":"<p>[vc_row][vc_column width=&nbsp;&raquo;1\/1&Prime;][vc_column_text]C\u00e2ble adapt\u00e9 pour la construction d\u2019installations de levage et ascenseurs. En g\u00e9n\u00e9ral ils sont fournis par paire, avec sens d\u2019enroulement contraire. C\u00e2ble avec classe de r\u00e9sistance de 1.570 N\/mm\u00b2.[\/vc_column_text][\/vc_column][\/vc_row][vc_row][vc_column width=&nbsp;&raquo;1\/4&Prime;][vc_single_image border_color=&nbsp;&raquo;grey&nbsp;&raquo; img_link_target=&nbsp;&raquo;_self&nbsp;&raquo; img_size=&nbsp;&raquo;150&#215;150&Prime; alignment=&nbsp;&raquo;right&nbsp;&raquo; image=&nbsp;&raquo;869&Prime;][\/vc_column][vc_column width=&nbsp;&raquo;3\/4&Prime;][vc_custom_heading text=&nbsp;&raquo;6&#215;19 Seale + FC&nbsp;&raquo; font_container=&nbsp;&raquo;tag:h2|text_align:left&nbsp;&raquo; google_fonts=&nbsp;&raquo;font_family:Open%20Sans%3A300%2C300italic%2Cregular%2Citalic%2C600%2C600italic%2C700%2C700italic%2C800%2C800italic|font_style:400%20regular%3A400%3Anormal&nbsp;&raquo;][vc_column_text]Ce c\u00e2ble est form\u00e9 de 6 torons externes de 19 fils chacun, avec&#8230;<\/p>\n","protected":false},"author":1,"featured_media":0,"parent":1526,"menu_order":0,"comment_status":"closed","ping_status":"closed","template":"","meta":{"footnotes":""},"class_list":["post-1573","page","type-page","status-publish","hentry"],"aioseo_notices":[],"_links":{"self":[{"href":"https:\/\/www.santinifuni.com\/fr\/wp-json\/wp\/v2\/pages\/1573"}],"collection":[{"href":"https:\/\/www.santinifuni.com\/fr\/wp-json\/wp\/v2\/pages"}],"about":[{"href":"https:\/\/www.santinifuni.com\/fr\/wp-json\/wp\/v2\/types\/page"}],"author":[{"embeddable":true,"href":"https:\/\/www.santinifuni.com\/fr\/wp-json\/wp\/v2\/users\/1"}],"replies":[{"embeddable":true,"href":"https:\/\/www.santinifuni.com\/fr\/wp-json\/wp\/v2\/comments?post=1573"}],"version-history":[{"count":0,"href":"https:\/\/www.santinifuni.com\/fr\/wp-json\/wp\/v2\/pages\/1573\/revisions"}],"up":[{"embeddable":true,"href":"https:\/\/www.santinifuni.com\/fr\/wp-json\/wp\/v2\/pages\/1526"}],"wp:attachment":[{"href":"https:\/\/www.santinifuni.com\/fr\/wp-json\/wp\/v2\/media?parent=1573"}],"curies":[{"name":"wp","href":"https:\/\/api.w.org\/{rel}","templated":true}]}}