{"id":1580,"date":"2014-06-25T16:55:58","date_gmt":"2014-06-25T14:55:58","guid":{"rendered":"http:\/\/www.santinifuni.com\/prodotti\/funi-per-utilizzo-nautico\/"},"modified":"2015-04-21T17:14:29","modified_gmt":"2015-04-21T15:14:29","slug":"cables-pour-utilisation-marine","status":"publish","type":"page","link":"https:\/\/www.santinifuni.com\/fr\/produits-vente-cables-en-acier\/cables-pour-utilisation-marine\/","title":{"rendered":"C\u00e2bles pour utilisation marine"},"content":{"rendered":"<p>[vc_row][vc_column width=&nbsp;&raquo;1\/1&Prime;][vc_column_text]Les c\u00e2bles en acier inoxydable AISI-316 sont adapt\u00e9s pour des applications dans le domaine maritime\/naval. L\u2019acier inox AISI-316 est un acier aust\u00e9nitique avec une excellence r\u00e9sistance \u00e0 la corrosion due \u00e0 la brise marine.[\/vc_column_text][\/vc_column][\/vc_row][vc_row][vc_column width=&nbsp;&raquo;1\/4&Prime;][vc_single_image border_color=&nbsp;&raquo;grey&nbsp;&raquo; img_link_target=&nbsp;&raquo;_self&nbsp;&raquo; img_size=&nbsp;&raquo;150&#215;150&Prime; alignment=&nbsp;&raquo;right&nbsp;&raquo; image=&nbsp;&raquo;1047&Prime;][\/vc_column][vc_column width=&nbsp;&raquo;3\/4&Prime;][vc_custom_heading text=&nbsp;&raquo;1&#215;19 inoxydable&nbsp;&raquo; font_container=&nbsp;&raquo;tag:h2|text_align:left&nbsp;&raquo; google_fonts=&nbsp;&raquo;font_family:Open%20Sans%3A300%2C300italic%2Cregular%2Citalic%2C600%2C600italic%2C700%2C700italic%2C800%2C800italic|font_style:400%20regular%3A400%3Anormal&nbsp;&raquo;][vc_column_text]C\u00e2ble en acier inoxydable AISI-316, constitu\u00e9 d\u2019un unique toron de 19 fils. Tr\u00e8s rigide, il est adapt\u00e9 pour la construction d\u2019\u00e9tais et haubans.[\/vc_column_text][vc_row_inner css=&nbsp;&raquo;.vc_custom_1416321041070{margin-top: -50px !important;}&nbsp;&raquo;][vc_column_inner width=&nbsp;&raquo;2\/3&Prime;][\/vc_column_inner][vc_column_inner width=&nbsp;&raquo;1\/3&Prime;][vc_button2 title=&nbsp;&raquo;Aller \u00e0 la fiche technique&nbsp;&raquo; style=&nbsp;&raquo;rounded&nbsp;&raquo; color=&nbsp;&raquo;green&nbsp;&raquo; size=&nbsp;&raquo;sm&nbsp;&raquo; link=&nbsp;&raquo;url:%2Ffr%2Fproduits%2Fcable-acier-inoxydable-aisi-316-1&#215;19%2F|title:C%C3%A2ble%20acier%20inoxydable%20AISI-316%2C%201%C3%9719|&nbsp;&raquo; align=&nbsp;&raquo;inline&nbsp;&raquo;][\/vc_column_inner][\/vc_row_inner][\/vc_column][\/vc_row][vc_row][vc_column width=&nbsp;&raquo;1\/1&Prime;][vc_separator color=&nbsp;&raquo;green&nbsp;&raquo;][\/vc_column][\/vc_row][vc_row][vc_column width=&nbsp;&raquo;1\/4&Prime;][vc_single_image border_color=&nbsp;&raquo;grey&nbsp;&raquo; img_link_target=&nbsp;&raquo;_self&nbsp;&raquo; img_size=&nbsp;&raquo;150&#215;150&Prime; alignment=&nbsp;&raquo;center&nbsp;&raquo; image=&nbsp;&raquo;1048&Prime;][\/vc_column][vc_column width=&nbsp;&raquo;3\/4&Prime;][vc_custom_heading text=&nbsp;&raquo;7&#215;7 inoxydable&nbsp;&raquo; font_container=&nbsp;&raquo;tag:h2|text_align:left&nbsp;&raquo; google_fonts=&nbsp;&raquo;font_family:Open%20Sans%3A300%2C300italic%2Cregular%2Citalic%2C600%2C600italic%2C700%2C700italic%2C800%2C800italic|font_style:400%20regular%3A400%3Anormal&nbsp;&raquo;][vc_column_text]C\u00e2ble en acier inoxydable AISI-316, constitu\u00e9 de 7 torons de 7 fils chacun.[\/vc_column_text][vc_row_inner css=&nbsp;&raquo;.vc_custom_1416321041070{margin-top: -50px !important;}&nbsp;&raquo;][vc_column_inner width=&nbsp;&raquo;2\/3&Prime;][\/vc_column_inner][vc_column_inner width=&nbsp;&raquo;1\/3&Prime;][vc_button2 title=&nbsp;&raquo;Aller \u00e0 la fiche technique&nbsp;&raquo; style=&nbsp;&raquo;rounded&nbsp;&raquo; color=&nbsp;&raquo;green&nbsp;&raquo; size=&nbsp;&raquo;sm&nbsp;&raquo; link=&nbsp;&raquo;url:%2Ffr%2Fproduits%2Fcable-acier-inoxydable-aisi-316-7&#215;7%2F|title:C%C3%A2ble%20acier%20inoxydable%20AISI-316%2C%207%C3%977|&nbsp;&raquo; align=&nbsp;&raquo;inline&nbsp;&raquo;][\/vc_column_inner][\/vc_row_inner][\/vc_column][\/vc_row][vc_row][vc_column width=&nbsp;&raquo;1\/1&Prime;][vc_separator color=&nbsp;&raquo;green&nbsp;&raquo;][\/vc_column][\/vc_row][vc_row][vc_column width=&nbsp;&raquo;1\/4&Prime;][vc_single_image border_color=&nbsp;&raquo;grey&nbsp;&raquo; img_link_target=&nbsp;&raquo;_self&nbsp;&raquo; img_size=&nbsp;&raquo;150&#215;150&Prime; alignment=&nbsp;&raquo;center&nbsp;&raquo; image=&nbsp;&raquo;1049&Prime;][\/vc_column][vc_column width=&nbsp;&raquo;3\/4&Prime;][vc_custom_heading text=&nbsp;&raquo;7&#215;19 inoxydable&nbsp;&raquo; font_container=&nbsp;&raquo;tag:h2|text_align:left&nbsp;&raquo; google_fonts=&nbsp;&raquo;font_family:Open%20Sans%3A300%2C300italic%2Cregular%2Citalic%2C600%2C600italic%2C700%2C700italic%2C800%2C800italic|font_style:400%20regular%3A400%3Anormal&nbsp;&raquo;][vc_column_text]C\u00e2ble en acier inoxydable AISI-316, constitu\u00e9 de 7 torons de 19 fils chacun.<br \/>\nIl est tr\u00e8s souple et peut \u00eatre employ\u00e9 sur des poulies.<br \/>\n[\/vc_column_text][vc_row_inner css=&nbsp;&raquo;.vc_custom_1416321041070{margin-top: -50px !important;}&nbsp;&raquo;][vc_column_inner width=&nbsp;&raquo;2\/3&Prime;][\/vc_column_inner][vc_column_inner width=&nbsp;&raquo;1\/3&Prime;][vc_button2 title=&nbsp;&raquo;Aller \u00e0 la fiche technique&nbsp;&raquo; style=&nbsp;&raquo;rounded&nbsp;&raquo; color=&nbsp;&raquo;green&nbsp;&raquo; size=&nbsp;&raquo;sm&nbsp;&raquo; link=&nbsp;&raquo;url:http%3A%2F%2Fwww.santinifuni.com%2Ffr%2Fproduits%2Fcable-acier-inoxydable-aisi-316-7&#215;19%2F|title:C%C3%A2ble%20acier%20inoxydable%20AISI-316%2C%207%C3%9719|&nbsp;&raquo; align=&nbsp;&raquo;inline&nbsp;&raquo;][\/vc_column_inner][\/vc_row_inner][\/vc_column][\/vc_row]\n","protected":false},"excerpt":{"rendered":"<p>[vc_row][vc_column width=&nbsp;&raquo;1\/1&Prime;][vc_column_text]Les c\u00e2bles en acier inoxydable AISI-316 sont adapt\u00e9s pour des applications dans le domaine maritime\/naval. L\u2019acier inox AISI-316 est un acier aust\u00e9nitique avec une excellence r\u00e9sistance \u00e0 la corrosion due \u00e0 la brise marine.[\/vc_column_text][\/vc_column][\/vc_row][vc_row][vc_column width=&nbsp;&raquo;1\/4&Prime;][vc_single_image border_color=&nbsp;&raquo;grey&nbsp;&raquo; img_link_target=&nbsp;&raquo;_self&nbsp;&raquo; img_size=&nbsp;&raquo;150&#215;150&Prime; alignment=&nbsp;&raquo;right&nbsp;&raquo; image=&nbsp;&raquo;1047&Prime;][\/vc_column][vc_column width=&nbsp;&raquo;3\/4&Prime;][vc_custom_heading text=&nbsp;&raquo;1&#215;19 inoxydable&nbsp;&raquo; font_container=&nbsp;&raquo;tag:h2|text_align:left&nbsp;&raquo; google_fonts=&nbsp;&raquo;font_family:Open%20Sans%3A300%2C300italic%2Cregular%2Citalic%2C600%2C600italic%2C700%2C700italic%2C800%2C800italic|font_style:400%20regular%3A400%3Anormal&nbsp;&raquo;][vc_column_text]C\u00e2ble en acier inoxydable AISI-316, constitu\u00e9 d\u2019un unique toron de&#8230;<\/p>\n","protected":false},"author":1,"featured_media":0,"parent":1526,"menu_order":0,"comment_status":"closed","ping_status":"closed","template":"","meta":{"footnotes":""},"class_list":["post-1580","page","type-page","status-publish","hentry"],"aioseo_notices":[],"_links":{"self":[{"href":"https:\/\/www.santinifuni.com\/fr\/wp-json\/wp\/v2\/pages\/1580"}],"collection":[{"href":"https:\/\/www.santinifuni.com\/fr\/wp-json\/wp\/v2\/pages"}],"about":[{"href":"https:\/\/www.santinifuni.com\/fr\/wp-json\/wp\/v2\/types\/page"}],"author":[{"embeddable":true,"href":"https:\/\/www.santinifuni.com\/fr\/wp-json\/wp\/v2\/users\/1"}],"replies":[{"embeddable":true,"href":"https:\/\/www.santinifuni.com\/fr\/wp-json\/wp\/v2\/comments?post=1580"}],"version-history":[{"count":0,"href":"https:\/\/www.santinifuni.com\/fr\/wp-json\/wp\/v2\/pages\/1580\/revisions"}],"up":[{"embeddable":true,"href":"https:\/\/www.santinifuni.com\/fr\/wp-json\/wp\/v2\/pages\/1526"}],"wp:attachment":[{"href":"https:\/\/www.santinifuni.com\/fr\/wp-json\/wp\/v2\/media?parent=1580"}],"curies":[{"name":"wp","href":"https:\/\/api.w.org\/{rel}","templated":true}]}}