{"id":1594,"date":"2014-06-25T16:58:08","date_gmt":"2014-06-25T14:58:08","guid":{"rendered":"http:\/\/www.santinifuni.com\/prodotti\/funi-per-gru\/"},"modified":"2015-04-21T17:11:27","modified_gmt":"2015-04-21T15:11:27","slug":"cables-pour-grues","status":"publish","type":"page","link":"https:\/\/www.santinifuni.com\/fr\/produits-vente-cables-en-acier\/cables-pour-grues\/","title":{"rendered":"C\u00e2bles pour grues"},"content":{"rendered":"<p>[vc_row][vc_column width=&nbsp;&raquo;1\/1&Prime;][vc_column_text]C\u00e2ble en g\u00e9n\u00e9ral non pr\u00e9form\u00e9, qui ne subit pas de torsion quand il est soumis \u00e0 une charge de travail. Adapt\u00e9 pour le levage et l\u2019installation sur des grues.[\/vc_column_text][\/vc_column][\/vc_row][vc_row][vc_column width=&nbsp;&raquo;1\/4&Prime;][vc_single_image border_color=&nbsp;&raquo;grey&nbsp;&raquo; img_link_target=&nbsp;&raquo;_self&nbsp;&raquo; img_size=&nbsp;&raquo;150&#215;150&Prime; alignment=&nbsp;&raquo;right&nbsp;&raquo; image=&nbsp;&raquo;870&Prime;][\/vc_column][vc_column width=&nbsp;&raquo;3\/4&Prime;][vc_custom_heading text=&nbsp;&raquo;19&#215;7 Antigiratoire&nbsp;&raquo; font_container=&nbsp;&raquo;tag:h2|text_align:left&nbsp;&raquo; google_fonts=&nbsp;&raquo;font_family:Open%20Sans%3A300%2C300italic%2Cregular%2Citalic%2C600%2C600italic%2C700%2C700italic%2C800%2C800italic|font_style:400%20regular%3A400%3Anormal&nbsp;&raquo;][vc_column_text]C\u00e2ble antigiratoire \u00e0 19 torons x 7 fils. Ce c\u00e2ble est form\u00e9 de 18 torons externes de 7 fils chacun, il a une \u00e2me en acier, elle aussi constitu\u00e9e d\u2019un toron de 7 fils. Nous disposons de c\u00e2bles en acier galvanis\u00e9 R.1970 N\/mm\u00b2.<br \/>\nDiam\u00e8tres les plus communs de 4 mm \u00e0 12 mm.<\/p>\n<p>Utilisations les plus communes : ponts roulants, puits de perforation, levage de charges avec un tirant unique.[\/vc_column_text][vc_row_inner css=&nbsp;&raquo;.vc_custom_1416321041070{margin-top: -50px !important;}&nbsp;&raquo;][vc_column_inner width=&nbsp;&raquo;2\/3&Prime;][\/vc_column_inner][vc_column_inner width=&nbsp;&raquo;1\/3&Prime;][vc_button2 title=&nbsp;&raquo;Aller \u00e0 la fiche technique&nbsp;&raquo; style=&nbsp;&raquo;rounded&nbsp;&raquo; color=&nbsp;&raquo;green&nbsp;&raquo; size=&nbsp;&raquo;sm&nbsp;&raquo; link=&nbsp;&raquo;url:http%3A%2F%2Fwww.santinifuni.com%2Ffr%2Fproduits%2Fcable-acier-galvanize-19&#215;7-antigiratoire%2F|title:C%C3%A2ble%20acier%20galvaniz%C3%A9%2019%C3%977%20Antigiratoire|&nbsp;&raquo; align=&nbsp;&raquo;inline&nbsp;&raquo;][\/vc_column_inner][\/vc_row_inner][\/vc_column][\/vc_row]\n","protected":false},"excerpt":{"rendered":"<p>[vc_row][vc_column width=&nbsp;&raquo;1\/1&Prime;][vc_column_text]C\u00e2ble en g\u00e9n\u00e9ral non pr\u00e9form\u00e9, qui ne subit pas de torsion quand il est soumis \u00e0 une charge de travail. Adapt\u00e9 pour le levage et l\u2019installation sur des grues.[\/vc_column_text][\/vc_column][\/vc_row][vc_row][vc_column width=&nbsp;&raquo;1\/4&Prime;][vc_single_image border_color=&nbsp;&raquo;grey&nbsp;&raquo; img_link_target=&nbsp;&raquo;_self&nbsp;&raquo; img_size=&nbsp;&raquo;150&#215;150&Prime; alignment=&nbsp;&raquo;right&nbsp;&raquo; image=&nbsp;&raquo;870&Prime;][\/vc_column][vc_column width=&nbsp;&raquo;3\/4&Prime;][vc_custom_heading text=&nbsp;&raquo;19&#215;7 Antigiratoire&nbsp;&raquo; font_container=&nbsp;&raquo;tag:h2|text_align:left&nbsp;&raquo; google_fonts=&nbsp;&raquo;font_family:Open%20Sans%3A300%2C300italic%2Cregular%2Citalic%2C600%2C600italic%2C700%2C700italic%2C800%2C800italic|font_style:400%20regular%3A400%3Anormal&nbsp;&raquo;][vc_column_text]C\u00e2ble antigiratoire \u00e0 19 torons x 7 fils. Ce c\u00e2ble est form\u00e9 de 18 torons&#8230;<\/p>\n","protected":false},"author":1,"featured_media":0,"parent":1526,"menu_order":0,"comment_status":"closed","ping_status":"closed","template":"","meta":{"footnotes":""},"class_list":["post-1594","page","type-page","status-publish","hentry"],"aioseo_notices":[],"_links":{"self":[{"href":"https:\/\/www.santinifuni.com\/fr\/wp-json\/wp\/v2\/pages\/1594"}],"collection":[{"href":"https:\/\/www.santinifuni.com\/fr\/wp-json\/wp\/v2\/pages"}],"about":[{"href":"https:\/\/www.santinifuni.com\/fr\/wp-json\/wp\/v2\/types\/page"}],"author":[{"embeddable":true,"href":"https:\/\/www.santinifuni.com\/fr\/wp-json\/wp\/v2\/users\/1"}],"replies":[{"embeddable":true,"href":"https:\/\/www.santinifuni.com\/fr\/wp-json\/wp\/v2\/comments?post=1594"}],"version-history":[{"count":0,"href":"https:\/\/www.santinifuni.com\/fr\/wp-json\/wp\/v2\/pages\/1594\/revisions"}],"up":[{"embeddable":true,"href":"https:\/\/www.santinifuni.com\/fr\/wp-json\/wp\/v2\/pages\/1526"}],"wp:attachment":[{"href":"https:\/\/www.santinifuni.com\/fr\/wp-json\/wp\/v2\/media?parent=1594"}],"curies":[{"name":"wp","href":"https:\/\/api.w.org\/{rel}","templated":true}]}}