{"id":1600,"date":"2014-06-25T16:58:38","date_gmt":"2014-06-25T14:58:38","guid":{"rendered":"http:\/\/www.santinifuni.com\/prodotti\/funi-per-barriere-paramassi\/"},"modified":"2015-04-21T17:10:29","modified_gmt":"2015-04-21T15:10:29","slug":"cables-pour-grillages-contre-les-chutes-de-pierres-et-avalanches","status":"publish","type":"page","link":"https:\/\/www.santinifuni.com\/fr\/produits-vente-cables-en-acier\/cables-pour-grillages-contre-les-chutes-de-pierres-et-avalanches\/","title":{"rendered":"C\u00e2bles pour grillages contre les chutes de pierres et avalanches"},"content":{"rendered":"<p>[vc_row][vc_column width=&nbsp;&raquo;1\/1&Prime;][vc_column_text]Pour la production de grillages contre les chutes de pierres et avalanches on utilise des c\u00e2bles en acier galvaniz\u00e9, classe A ou classe B, des types 6\u00d77+SC, 6\u00d719+FC, 6\u00d719+SC et 6x36WS+IWRC, diam\u00e8tres de 8 \u00e0 22 mm.[\/vc_column_text][\/vc_column][\/vc_row][vc_row][vc_column width=&nbsp;&raquo;1\/4&Prime;][vc_single_image border_color=&nbsp;&raquo;grey&nbsp;&raquo; img_link_target=&nbsp;&raquo;_self&nbsp;&raquo; img_size=&nbsp;&raquo;150&#215;150&Prime; alignment=&nbsp;&raquo;right&nbsp;&raquo; image=&nbsp;&raquo;865&Prime;][\/vc_column][vc_column width=&nbsp;&raquo;3\/4&Prime;][vc_custom_heading text=&nbsp;&raquo;6&#215;7 + SC&nbsp;&raquo; font_container=&nbsp;&raquo;tag:h2|text_align:left&nbsp;&raquo; google_fonts=&nbsp;&raquo;font_family:Open%20Sans%3A300%2C300italic%2Cregular%2Citalic%2C600%2C600italic%2C700%2C700italic%2C800%2C800italic|font_style:400%20regular%3A400%3Anormal&nbsp;&raquo;][vc_column_text]C\u00e2ble en acier galvaniz\u00e8, \u00e0 6 torons de 7 fils chacun. G\u00e9n\u00e9ralement pour la construction de grillages contre les chutes de pierres et avalanches il est utilis\u00e9 dans les diam\u00e8tres 6, 7 et 8 mm et uniquement avec une \u00e2me m\u00e9tallique. Classe de r\u00e9sistance 1770 N\/mm\u00b2. Galvanisation certifi\u00e9e classe A ou B conform\u00e9ment \u00e0 la r\u00e9glementation UNI EN 10264-2:2004.[\/vc_column_text][vc_row_inner css=&nbsp;&raquo;.vc_custom_1416321041070{margin-top: -50px !important;}&nbsp;&raquo;][vc_column_inner width=&nbsp;&raquo;2\/3&Prime;][\/vc_column_inner][vc_column_inner width=&nbsp;&raquo;1\/3&Prime;][vc_button2 title=&nbsp;&raquo;Aller \u00e0 la fiche technique&nbsp;&raquo; style=&nbsp;&raquo;rounded&nbsp;&raquo; color=&nbsp;&raquo;green&nbsp;&raquo; size=&nbsp;&raquo;sm&nbsp;&raquo; link=&nbsp;&raquo;url:%2Ffr%2Fproduits%2Fcable-acier-galvanize-6&#215;7-sc%2F|title:C%C3%A2ble%20acier%20galvaniz%C3%A9%2C%206%C3%977%20%2B%20SC|&nbsp;&raquo; align=&nbsp;&raquo;inline&nbsp;&raquo;][\/vc_column_inner][\/vc_row_inner][\/vc_column][\/vc_row][vc_row][vc_column width=&nbsp;&raquo;1\/1&Prime;][vc_separator color=&nbsp;&raquo;green&nbsp;&raquo;][\/vc_column][\/vc_row][vc_row][vc_column width=&nbsp;&raquo;1\/4&Prime;][vc_single_image border_color=&nbsp;&raquo;grey&nbsp;&raquo; img_link_target=&nbsp;&raquo;_self&nbsp;&raquo; img_size=&nbsp;&raquo;150&#215;150&Prime; alignment=&nbsp;&raquo;center&nbsp;&raquo; image=&nbsp;&raquo;867&Prime;][\/vc_column][vc_column width=&nbsp;&raquo;3\/4&Prime;][vc_custom_heading text=&nbsp;&raquo;6&#215;19 + FC\/SC&nbsp;&raquo; font_container=&nbsp;&raquo;tag:h2|text_align:left&nbsp;&raquo; google_fonts=&nbsp;&raquo;font_family:Open%20Sans%3A300%2C300italic%2Cregular%2Citalic%2C600%2C600italic%2C700%2C700italic%2C800%2C800italic|font_style:400%20regular%3A400%3Anormal&nbsp;&raquo;][vc_column_text]C\u00e2ble en acier galvaniz\u00e9, \u00e0 6 torons de 19 fils chacun, aussi bien avec \u00e2me textile que m\u00e9tallique. G\u00e9n\u00e9ralement pour la construction de grillages contre les chutes de pierres et avalanches il est utilis\u00e9 dans les diam\u00e8tres 10, 12, 14, 16, 18, 20 et 22 mm. Classe de r\u00e9sistance 1770 N\/mm\u00b2. Galvanisation certifi\u00e9e classe A ou B conform\u00e9ment \u00e0 la r\u00e9glementation UNI EN 10264-2:2004.[\/vc_column_text][vc_row_inner css=&nbsp;&raquo;.vc_custom_1416321041070{margin-top: -50px !important;}&nbsp;&raquo;][vc_column_inner width=&nbsp;&raquo;2\/3&Prime;][\/vc_column_inner][vc_column_inner width=&nbsp;&raquo;1\/3&Prime;][vc_button2 title=&nbsp;&raquo;Aller \u00e0 la fiche technique&nbsp;&raquo; style=&nbsp;&raquo;rounded&nbsp;&raquo; color=&nbsp;&raquo;green&nbsp;&raquo; size=&nbsp;&raquo;sm&nbsp;&raquo; link=&nbsp;&raquo;url:%2Ffr%2Fproduits%2Fcable-acier-galvanize-6x19fcsc%2F|title:C%C3%A2ble%20acier%20galvaniz%C3%A9%2C%206%C3%9719%2BFC%2FSC|&nbsp;&raquo; align=&nbsp;&raquo;inline&nbsp;&raquo;][\/vc_column_inner][\/vc_row_inner][\/vc_column][\/vc_row]\n","protected":false},"excerpt":{"rendered":"<p>[vc_row][vc_column width=&nbsp;&raquo;1\/1&Prime;][vc_column_text]Pour la production de grillages contre les chutes de pierres et avalanches on utilise des c\u00e2bles en acier galvaniz\u00e9, classe A ou classe B, des types 6\u00d77+SC, 6\u00d719+FC, 6\u00d719+SC et 6x36WS+IWRC, diam\u00e8tres de 8 \u00e0 22 mm.[\/vc_column_text][\/vc_column][\/vc_row][vc_row][vc_column width=&nbsp;&raquo;1\/4&Prime;][vc_single_image border_color=&nbsp;&raquo;grey&nbsp;&raquo; img_link_target=&nbsp;&raquo;_self&nbsp;&raquo; img_size=&nbsp;&raquo;150&#215;150&Prime; alignment=&nbsp;&raquo;right&nbsp;&raquo; image=&nbsp;&raquo;865&Prime;][\/vc_column][vc_column width=&nbsp;&raquo;3\/4&Prime;][vc_custom_heading text=&nbsp;&raquo;6&#215;7 + SC&nbsp;&raquo; font_container=&nbsp;&raquo;tag:h2|text_align:left&nbsp;&raquo; google_fonts=&nbsp;&raquo;font_family:Open%20Sans%3A300%2C300italic%2Cregular%2Citalic%2C600%2C600italic%2C700%2C700italic%2C800%2C800italic|font_style:400%20regular%3A400%3Anormal&nbsp;&raquo;][vc_column_text]C\u00e2ble en acier galvaniz\u00e8, \u00e0 6&#8230;<\/p>\n","protected":false},"author":1,"featured_media":0,"parent":1526,"menu_order":0,"comment_status":"closed","ping_status":"closed","template":"","meta":{"footnotes":""},"class_list":["post-1600","page","type-page","status-publish","hentry"],"aioseo_notices":[],"_links":{"self":[{"href":"https:\/\/www.santinifuni.com\/fr\/wp-json\/wp\/v2\/pages\/1600"}],"collection":[{"href":"https:\/\/www.santinifuni.com\/fr\/wp-json\/wp\/v2\/pages"}],"about":[{"href":"https:\/\/www.santinifuni.com\/fr\/wp-json\/wp\/v2\/types\/page"}],"author":[{"embeddable":true,"href":"https:\/\/www.santinifuni.com\/fr\/wp-json\/wp\/v2\/users\/1"}],"replies":[{"embeddable":true,"href":"https:\/\/www.santinifuni.com\/fr\/wp-json\/wp\/v2\/comments?post=1600"}],"version-history":[{"count":0,"href":"https:\/\/www.santinifuni.com\/fr\/wp-json\/wp\/v2\/pages\/1600\/revisions"}],"up":[{"embeddable":true,"href":"https:\/\/www.santinifuni.com\/fr\/wp-json\/wp\/v2\/pages\/1526"}],"wp:attachment":[{"href":"https:\/\/www.santinifuni.com\/fr\/wp-json\/wp\/v2\/media?parent=1600"}],"curies":[{"name":"wp","href":"https:\/\/api.w.org\/{rel}","templated":true}]}}