{"id":1646,"date":"2015-03-03T09:25:54","date_gmt":"2015-03-03T08:25:54","guid":{"rendered":"http:\/\/www.santinifuni.com\/contatti\/come-raggiungergi\/"},"modified":"2015-04-21T11:26:11","modified_gmt":"2015-04-21T09:26:11","slug":"comment-nous-trouver","status":"publish","type":"page","link":"https:\/\/www.santinifuni.com\/fr\/contact\/comment-nous-trouver\/","title":{"rendered":"Comment nous trouver"},"content":{"rendered":"<p>[vc_row][vc_column width=&nbsp;&raquo;1\/1&Prime;][vc_column_text]Pour nos clients et fournisseurs vous conseillons d&rsquo;inspecter la vid\u00e9o ci-dessous pour faciliter la r\u00e9alisation de notre soci\u00e9t\u00e9[\/vc_column_text][\/vc_column][\/vc_row][vc_row][vc_column width=&nbsp;&raquo;1\/1&Prime;][vc_video link=&nbsp;&raquo;https:\/\/www.youtube.com\/watch?v=TFFFctqZ5Uk#action=share&nbsp;&raquo;][\/vc_column][\/vc_row][vc_row][vc_column width=&nbsp;&raquo;1\/1&Prime;][vc_column_text]\n<h2>A4 sortie d&rsquo;autoroute Dalmine<\/h2>\n<p>De la sortie de l&rsquo;autoroute A4 Dalmine, direction Como-Lecco, sortie centre commercial Curno, retour vers Dalmine, premi\u00e8re sortie \u00e0 droite Roncola-Treviolo-Albegno, puis prendre la premi\u00e8re \u00e0 droite, apr\u00e8s 100 m, prendre la premi\u00e8re \u00e0 gauche et vous est arriv\u00e9.[\/vc_column_text][\/vc_column][\/vc_row]\n","protected":false},"excerpt":{"rendered":"<p>[vc_row][vc_column width=&nbsp;&raquo;1\/1&Prime;][vc_column_text]Pour nos clients et fournisseurs vous conseillons d&rsquo;inspecter la vid\u00e9o ci-dessous pour faciliter la r\u00e9alisation de notre soci\u00e9t\u00e9[\/vc_column_text][\/vc_column][\/vc_row][vc_row][vc_column width=&nbsp;&raquo;1\/1&Prime;][vc_video link=&nbsp;&raquo;https:\/\/www.youtube.com\/watch?v=TFFFctqZ5Uk#action=share&nbsp;&raquo;][\/vc_column][\/vc_row][vc_row][vc_column width=&nbsp;&raquo;1\/1&Prime;][vc_column_text] A4 sortie d&rsquo;autoroute Dalmine De la sortie de l&rsquo;autoroute A4 Dalmine, direction Como-Lecco, sortie centre commercial Curno, retour vers Dalmine, premi\u00e8re sortie \u00e0 droite Roncola-Treviolo-Albegno, puis prendre la premi\u00e8re \u00e0 droite, apr\u00e8s 100&#8230;<\/p>\n","protected":false},"author":1,"featured_media":0,"parent":1643,"menu_order":0,"comment_status":"closed","ping_status":"closed","template":"","meta":{"footnotes":""},"class_list":["post-1646","page","type-page","status-publish","hentry"],"aioseo_notices":[],"_links":{"self":[{"href":"https:\/\/www.santinifuni.com\/fr\/wp-json\/wp\/v2\/pages\/1646"}],"collection":[{"href":"https:\/\/www.santinifuni.com\/fr\/wp-json\/wp\/v2\/pages"}],"about":[{"href":"https:\/\/www.santinifuni.com\/fr\/wp-json\/wp\/v2\/types\/page"}],"author":[{"embeddable":true,"href":"https:\/\/www.santinifuni.com\/fr\/wp-json\/wp\/v2\/users\/1"}],"replies":[{"embeddable":true,"href":"https:\/\/www.santinifuni.com\/fr\/wp-json\/wp\/v2\/comments?post=1646"}],"version-history":[{"count":0,"href":"https:\/\/www.santinifuni.com\/fr\/wp-json\/wp\/v2\/pages\/1646\/revisions"}],"up":[{"embeddable":true,"href":"https:\/\/www.santinifuni.com\/fr\/wp-json\/wp\/v2\/pages\/1643"}],"wp:attachment":[{"href":"https:\/\/www.santinifuni.com\/fr\/wp-json\/wp\/v2\/media?parent=1646"}],"curies":[{"name":"wp","href":"https:\/\/api.w.org\/{rel}","templated":true}]}}