{"id":1649,"date":"2015-03-03T16:21:16","date_gmt":"2015-03-03T15:21:16","guid":{"rendered":"http:\/\/www.santinifuni.com\/informativa-sulla-privacy-2\/"},"modified":"2015-04-21T11:49:06","modified_gmt":"2015-04-21T09:49:06","slug":"politique-de-confidentialite","status":"publish","type":"page","link":"https:\/\/www.santinifuni.com\/fr\/politique-de-confidentialite\/","title":{"rendered":"Politique de confidentialit\u00e9"},"content":{"rendered":"<p>[vc_row][vc_column width=&nbsp;&raquo;1\/1&Prime;][vc_column_text]Informations conform\u00e9ment \u00e0 l&rsquo;article 13 du d\u00e9cret-loi n \u00b0 196\/2003 du Code sur la protection des donn\u00e9es personnelles \u00e0 ceux qui interagissent avec notre site Web, accessible via Internet \u00e0 l&rsquo;adresse:. Http: \/\/www.santinifuni.com.<br \/>\nL&rsquo;information est bas\u00e9e sur la Recommandation n. 2\/2001 que les autorit\u00e9s europ\u00e9ennes pour la protection des donn\u00e9es personnelles, le groupe cr\u00e9\u00e9 par l&rsquo;article 29 de la directive europ\u00e9enne n \u00b0 95\/46 \/ CE, adopt\u00e9e le 17 mai 2001 fixe les exigences minimales pour la collecte de donn\u00e9es personnels en ligne, et, en particulier, la mani\u00e8re, le calendrier et la nature des informations que les contr\u00f4leurs de donn\u00e9es doivent fournir aux utilisateurs lorsqu&rsquo;ils se connectent \u00e0 des pages web, ind\u00e9pendamment de l&rsquo;objectif du lien.<\/p>\n<p>LE PROCESSEUR<br \/>\nApr\u00e8s consultation de ce site peuvent \u00eatre trait\u00e9es les donn\u00e9es relatives aux personnes identifi\u00e9es ou identifiables. Le propri\u00e9taire des donn\u00e9es est SANTINI FUNI Srl, via dell&rsquo;Artigianato, 18-24048 Treviolo (BG) &#8211; TVA:. IT01982180166. Le contr\u00f4leur est Daniele Santini, domicili\u00e9 pour l&rsquo;engagement \u00e0 la si\u00e8ge \u00e0 Via artisanat, 18-24048 Treviolo.<\/p>\n<br \/>\n<h2>LIEU DE TRAITEMENT DE DONN\u00c9ES<\/h2>\n<p>Les traitements li\u00e9s aux services de ce site ont lieu dans les bureaux de SANTINI FUNI Srl et ne sont trait\u00e9es par le personnel technique en charge de la transformation, ou d&rsquo;autres personnes charg\u00e9es de l&rsquo;entretien occasionnel. Pas de donn\u00e9es du service web est communiqu\u00e9e ou diffus\u00e9e. Les informations personnelles fournies par les utilisateurs qui envoient des demandes d&rsquo;information (tels que des bulletins, etc.) sont utilis\u00e9es exclusivement pour ex\u00e9cuter le service ou l&rsquo;aide demand\u00e9e.<\/p>\n<br \/>\n<h2>TYPES DE DONNEES<\/h2>\n<p>Navigation syst\u00e8mes informatiques de donn\u00e9es et les logiciels utilis\u00e9s pour faire fonctionner ce site web acqui\u00e8rent, au cours de leur fonctionnement normal, certaines donn\u00e9es personnelles dont la transmission est implicite dans les protocoles de communication d&rsquo;Internet.<br \/>\nCette information ne est pas recueillies pour \u00eatre associ\u00e9es avec identifi\u00e9e, mais par leur nature m\u00eame pourrait, gr\u00e2ce \u00e0 la transformation et d&rsquo;association avec des donn\u00e9es d\u00e9tenues par des tiers, pour identifier les utilisateurs. Cette cat\u00e9gorie de donn\u00e9es comprend les adresses IP ou les noms de domaine des ordinateurs utilis\u00e9s par les utilisateurs qui se connectent au site, les URI (Uniform Resource Identifier) \u200b\u200bdes ressources demand\u00e9es, l&rsquo;heure de la demande, la m\u00e9thode utilis\u00e9e pour soumettre le demander au serveur, la taille du fichier obtenu en r\u00e9ponse, le code num\u00e9rique indiquant l&rsquo;\u00e9tat de la r\u00e9ponse du serveur (succ\u00e8s, erreur, etc.) et d&rsquo;autres param\u00e8tres concernant le syst\u00e8me d&rsquo;exploitation et l&rsquo;environnement informatique.<br \/>\nCes donn\u00e9es sont utilis\u00e9es seulement pour obtenir des informations statistiques anonymes sur le site et \u00e0 assurer le bon fonctionnement. Les donn\u00e9es pourraient \u00eatre utilis\u00e9es pour d\u00e9terminer la responsabilit\u00e9 en cas de d\u00e9lits informatiques contre le site qu&rsquo;\u00e0 la demande des superviseurs en charge.<\/p>\n<p>Donn\u00e9es fournies volontairement par<br \/>\nLes adresses e-mail en option, explicite et volontaire figurant sur ce site comporte l&rsquo;acquisition successive de l&rsquo;exp\u00e9diteur, n\u00e9cessaire pour r\u00e9pondre aux demandes, ainsi que toutes autres donn\u00e9es personnelles inclus dans le message.<\/p>\n<br \/>\n<h2>COOKIES<\/h2>\n<p>Aucune donn\u00e9e personnelle de l&rsquo;utilisateur est acquise \u00e0 partir du site. Nous ne utilisons pas de cookies pour transmettre des informations de nature personnelle, ne sont utilis\u00e9s cd les cookies de toute nature, ou des syst\u00e8mes de suivi pour les utilisateurs. L&rsquo;utilisation de ce qu&rsquo;on appelle cookies de session (qui ne sont pas stock\u00e9s de fa\u00e7on permanente sur l&rsquo;ordinateur de l&rsquo;utilisateur et disparaissent lorsque le navigateur est ferm\u00e9) est strictement limit\u00e9e \u00e0 la transmission des identifiants de session (constitu\u00e9s de nombres al\u00e9atoires g\u00e9n\u00e9r\u00e9s par le serveur) n\u00e9cessaires pour permettre \u00e0 un coffre-fort et Site efficace. Les pr\u00e9tendus Les cookies de session utilis\u00e9s dans ce site \u00e9vitent l&rsquo;utilisation d&rsquo;autres technologies qui pourraient compromettre la vie priv\u00e9e des utilisateurs et ne pas permettre l&rsquo;acquisition des donn\u00e9es d&rsquo;identification personnelles.<\/p>\n<br \/>\n<h2>OPTION &lsquo;DES DONNEES<\/h2>\n<p>Un respect pour les donn\u00e9es de navigation, l&rsquo;utilisateur est libre de fournir les donn\u00e9es personnelles contenues dans les formulaires de demande \u00e0 SANTINI FUNI Srl ou indiqu\u00e9es dans les contacts afin de demander du mat\u00e9riel d&rsquo;information ou d&rsquo;autres communications. Leur absence peut rendre impossible de remplir la demande.<\/p>\n<br \/>\n<h2>PARTIE RESERVE&rsquo; AUX MINEURS<\/h2>\n<p>Aucune personne de moins de 18 ans, sans le consentement d&rsquo;un parent ou tuteur l\u00e9gal, sera en mesure d&rsquo;envoyer des informations \u00e0 ce site, il ne peut faire des achats ou d&rsquo;autres actes l\u00e9gislatifs sur ce site sans un tel consentement, \u00e0 moins que cela est permis par les r\u00e8glements.<\/p>\n<br \/>\n<h2>R\u00c8GLES DE TRAITEMENT<\/h2>\n<p>Les donn\u00e9es personnelles sont trait\u00e9es par des outils automatis\u00e9s pour le temps n\u00e9cessaire pour atteindre les fins pour lesquelles elles ont \u00e9t\u00e9 collect\u00e9es. Mesures de s\u00e9curit\u00e9 sp\u00e9cifiques sont prises pour \u00e9viter la perte de donn\u00e9es, l&rsquo;utilisation illicite ou incorrecte et l&rsquo;acc\u00e8s non autoris\u00e9.<\/p>\n<br \/>\n<h2>LES DROITS DES UTILISATEURS<\/h2>\n<p>Ceux dont les donn\u00e9es personnelles se r\u00e9f\u00e8rent ont le droit \u00e0 tout moment d&rsquo;obtenir la confirmation de l&rsquo;existence de ces donn\u00e9es et de conna\u00eetre le contenu et l&rsquo;origine, v\u00e9rifier son exactitude ou demander son int\u00e9gration ou de mise \u00e0 jour, ou une correction (article 7 du d\u00e9cret l\u00e9gislatif. 196\/2003). Pour les fins du pr\u00e9sent article a le droit de demander l&rsquo;annulation, la transformation en forme anonyme ou le blocage des donn\u00e9es trait\u00e9es en violation de la loi, et de se opposer, en tout cas, pour des raisons l\u00e9gitimes, \u00e0 leur traitement. En cas de doutes quant \u00e0 la conformit\u00e9 \u00e0 la politique de protection de la vie priv\u00e9e adopt\u00e9e par SANTINI CORDES Srl, son application, l&rsquo;exactitude de vos renseignements personnels ou l&rsquo;utilisation des informations recueillies peuvent nous contacter par e-mail \u00e0 post@santinifuni.com.[\/vc_column_text][\/vc_column][\/vc_row]\n","protected":false},"excerpt":{"rendered":"<p>[vc_row][vc_column width=&nbsp;&raquo;1\/1&Prime;][vc_column_text]Informations conform\u00e9ment \u00e0 l&rsquo;article 13 du d\u00e9cret-loi n \u00b0 196\/2003 du Code sur la protection des donn\u00e9es personnelles \u00e0 ceux qui interagissent avec notre site Web, accessible via Internet \u00e0 l&rsquo;adresse:. Http: \/\/www.santinifuni.com. L&rsquo;information est bas\u00e9e sur la Recommandation n. 2\/2001 que les autorit\u00e9s europ\u00e9ennes pour la protection des donn\u00e9es personnelles, le groupe cr\u00e9\u00e9&#8230;<\/p>\n","protected":false},"author":1,"featured_media":0,"parent":0,"menu_order":0,"comment_status":"closed","ping_status":"closed","template":"","meta":{"footnotes":""},"class_list":["post-1649","page","type-page","status-publish","hentry"],"aioseo_notices":[],"_links":{"self":[{"href":"https:\/\/www.santinifuni.com\/fr\/wp-json\/wp\/v2\/pages\/1649"}],"collection":[{"href":"https:\/\/www.santinifuni.com\/fr\/wp-json\/wp\/v2\/pages"}],"about":[{"href":"https:\/\/www.santinifuni.com\/fr\/wp-json\/wp\/v2\/types\/page"}],"author":[{"embeddable":true,"href":"https:\/\/www.santinifuni.com\/fr\/wp-json\/wp\/v2\/users\/1"}],"replies":[{"embeddable":true,"href":"https:\/\/www.santinifuni.com\/fr\/wp-json\/wp\/v2\/comments?post=1649"}],"version-history":[{"count":0,"href":"https:\/\/www.santinifuni.com\/fr\/wp-json\/wp\/v2\/pages\/1649\/revisions"}],"wp:attachment":[{"href":"https:\/\/www.santinifuni.com\/fr\/wp-json\/wp\/v2\/media?parent=1649"}],"curies":[{"name":"wp","href":"https:\/\/api.w.org\/{rel}","templated":true}]}}