{"id":1655,"date":"2014-11-18T12:46:33","date_gmt":"2014-11-18T11:46:33","guid":{"rendered":"http:\/\/www.santinifuni.com\/prodotti\/fune-acciaio-inox-aisi-316-1x19\/"},"modified":"2016-12-19T23:02:24","modified_gmt":"2016-12-19T22:02:24","slug":"cable-acier-inoxydable-aisi-316-1x19","status":"publish","type":"page","link":"https:\/\/www.santinifuni.com\/fr\/cable-acier-inoxydable-aisi-316-1x19\/","title":{"rendered":"C\u00e2ble acier inoxydable AISI-316, 1\u00d719"},"content":{"rendered":"<p>[vc_row][vc_column][vc_column_text]\n<p style=\"text-align: justify;\">C\u00e2ble en acier inoxydable AISI-316, 1\u00d719.<\/p>\n<p style=\"text-align: justify;\"><strong>Caract\u00e9ristiques<br \/>\n<\/strong>C\u00e2ble rigide, qui supporte des charges de rupture \u00e9lev\u00e9es en rapport du diam\u00e8tre nominal. Construction de type standard (tous les fils ont le m\u00eame diam\u00e8tre), en acier inoxydable AISI-316, classe de r\u00e9sistance R.1570 N\/mm\u00b2.<br \/>\nLe toron est form\u00e9 d\u2019un fil central, 6 fils sur la couche interm\u00e9diaire et 12 fils sur la couche externe.<\/p>\n<p style=\"text-align: justify;\"><strong>Utilisations<\/strong><br \/>\nCe c\u00e2ble est adapt\u00e9 \u00e0 une utilisation en pr\u00e9sence d\u2019humidit\u00e9, comme dans le cadre maritime, architectural, dans l\u2019industrie alimentaire, dans l\u2019automatisation.<\/p>\n[\/vc_column_text][\/vc_column][\/vc_row][vc_row css=&nbsp;&raquo;.vc_custom_1416322556311{margin-top: 40px !important;margin-bottom: 40px !important;}&nbsp;&raquo;][vc_column][vc_separator color=&nbsp;&raquo;mulled_wine&nbsp;&raquo; style=&nbsp;&raquo;dotted&nbsp;&raquo;][\/vc_column][\/vc_row][vc_row][vc_column width=&nbsp;&raquo;1\/4&Prime;][vc_gallery type=&nbsp;&raquo;image_grid&nbsp;&raquo; images=&nbsp;&raquo;1047&Prime; img_size=&nbsp;&raquo;150&#215;150&Prime;][\/vc_column][vc_column width=&nbsp;&raquo;3\/4&Prime;][vc_empty_space height=&nbsp;&raquo;50&Prime;][vc_custom_heading text=&nbsp;&raquo;C\u00e2ble 19 fils&nbsp;&raquo; font_container=&nbsp;&raquo;tag:h3|text_align:left&nbsp;&raquo; google_fonts=&nbsp;&raquo;font_family:Open%20Sans%3A300%2C300italic%2Cregular%2Citalic%2C600%2C600italic%2C700%2C700italic%2C800%2C800italic|font_style:400%20regular%3A400%3Anormal&nbsp;&raquo;][\/vc_column][\/vc_row][vc_row][vc_column][vc_column_text]\n<table id=\"tablepress-X019X\" class=\"tablepress tablepress-id-X019X\">\n<thead>\n<tr class=\"row-1\">\n\t<th class=\"column-1\">\u00d8 mm<\/th><th class=\"column-2\">P.S. kg \/ m<\/th><th class=\"column-3\">C.R.M. kN\t<\/th><th class=\"column-4\">C.R.M. kg<\/th>\n<\/tr>\n<\/thead>\n<tbody class=\"row-striping row-hover\">\n<tr class=\"row-2\">\n\t<td class=\"column-1\">1<\/td><td class=\"column-2\">0,0050<\/td><td class=\"column-3\">0,8<\/td><td class=\"column-4\">82<\/td>\n<\/tr>\n<tr class=\"row-3\">\n\t<td class=\"column-1\">1,5<\/td><td class=\"column-2\">0,0111<\/td><td class=\"column-3\">1,9<\/td><td class=\"column-4\">194<\/td>\n<\/tr>\n<tr class=\"row-4\">\n\t<td class=\"column-1\">2<\/td><td class=\"column-2\">0,0198<\/td><td class=\"column-3\">3,3<\/td><td class=\"column-4\">336<\/td>\n<\/tr>\n<tr class=\"row-5\">\n\t<td class=\"column-1\">2,5<\/td><td class=\"column-2\">0,0310<\/td><td class=\"column-3\">5,2<\/td><td class=\"column-4\">530<\/td>\n<\/tr>\n<tr class=\"row-6\">\n\t<td class=\"column-1\">3<\/td><td class=\"column-2\">0,0446<\/td><td class=\"column-3\">7,4<\/td><td class=\"column-4\">754<\/td>\n<\/tr>\n<tr class=\"row-7\">\n\t<td class=\"column-1\">4<\/td><td class=\"column-2\">0,0793<\/td><td class=\"column-3\">13,2<\/td><td class=\"column-4\">1.346<\/td>\n<\/tr>\n<tr class=\"row-8\">\n\t<td class=\"column-1\">5<\/td><td class=\"column-2\">0,1240<\/td><td class=\"column-3\">20,6<\/td><td class=\"column-4\">2.100<\/td>\n<\/tr>\n<tr class=\"row-9\">\n\t<td class=\"column-1\">6<\/td><td class=\"column-2\">0,1780<\/td><td class=\"column-3\">29,7<\/td><td class=\"column-4\">3.028<\/td>\n<\/tr>\n<\/tbody>\n<\/table>\n<!-- #tablepress-X019X from cache -->[\/vc_column_text][\/vc_column][\/vc_row][vc_row][vc_column][vc_cta_button2 h2=&nbsp;&raquo;&nbsp;&raquo; h4=&nbsp;&raquo;Pour plus d&rsquo;informations sur nos produits&nbsp;&raquo; style=&nbsp;&raquo;square&nbsp;&raquo; txt_align=&nbsp;&raquo;center&nbsp;&raquo; title=&nbsp;&raquo;CONTACTEZ NOUS&nbsp;&raquo; color=&nbsp;&raquo;mulled_wine&nbsp;&raquo; position=&nbsp;&raquo;bottom&nbsp;&raquo; link=&nbsp;&raquo;url:%2Ffr%2Fcontact%2F|title:Contact|&nbsp;&raquo; accent_color=&nbsp;&raquo;#fcde49&Prime;][\/vc_cta_button2][\/vc_column][\/vc_row]\n","protected":false},"excerpt":{"rendered":"<p>[vc_row][vc_column][vc_column_text] C\u00e2ble en acier inoxydable AISI-316, 1\u00d719. Caract\u00e9ristiques C\u00e2ble rigide, qui supporte des charges de rupture \u00e9lev\u00e9es en rapport du diam\u00e8tre nominal. Construction de type standard (tous les fils ont le m\u00eame diam\u00e8tre), en acier inoxydable AISI-316, classe de r\u00e9sistance R.1570 N\/mm\u00b2. Le toron est form\u00e9 d\u2019un fil central, 6 fils sur la couche interm\u00e9diaire&#8230;<\/p>\n","protected":false},"author":1,"featured_media":0,"parent":0,"menu_order":0,"comment_status":"closed","ping_status":"closed","template":"","meta":{"footnotes":""},"class_list":["post-1655","page","type-page","status-publish","hentry"],"aioseo_notices":[],"_links":{"self":[{"href":"https:\/\/www.santinifuni.com\/fr\/wp-json\/wp\/v2\/pages\/1655"}],"collection":[{"href":"https:\/\/www.santinifuni.com\/fr\/wp-json\/wp\/v2\/pages"}],"about":[{"href":"https:\/\/www.santinifuni.com\/fr\/wp-json\/wp\/v2\/types\/page"}],"author":[{"embeddable":true,"href":"https:\/\/www.santinifuni.com\/fr\/wp-json\/wp\/v2\/users\/1"}],"replies":[{"embeddable":true,"href":"https:\/\/www.santinifuni.com\/fr\/wp-json\/wp\/v2\/comments?post=1655"}],"version-history":[{"count":0,"href":"https:\/\/www.santinifuni.com\/fr\/wp-json\/wp\/v2\/pages\/1655\/revisions"}],"wp:attachment":[{"href":"https:\/\/www.santinifuni.com\/fr\/wp-json\/wp\/v2\/media?parent=1655"}],"curies":[{"name":"wp","href":"https:\/\/api.w.org\/{rel}","templated":true}]}}