{"id":1664,"date":"2014-11-18T12:45:13","date_gmt":"2014-11-18T11:45:13","guid":{"rendered":"http:\/\/www.santinifuni.com\/prodotti\/fune-acciaio-lucido-6x19-seale\/"},"modified":"2016-12-19T22:59:54","modified_gmt":"2016-12-19T21:59:54","slug":"cable-acier-clair-6x19-seale","status":"publish","type":"page","link":"https:\/\/www.santinifuni.com\/fr\/cable-acier-clair-6x19-seale\/","title":{"rendered":"C\u00e2ble acier clair 6\u00d719 Seale"},"content":{"rendered":"<p>[vc_row][vc_column][vc_column_text]\n<p style=\"text-align: justify;\">C\u00e2ble en acier 6\u00d719 Seale<\/p>\n<p style=\"text-align: justify;\"><strong>Caract\u00e9ristiques<br \/>\n<\/strong>C\u00e2ble 6\u00d719+AT SEALE. Ce c\u00e2ble est form\u00e9 de 6 torons externes de 19 fils chacun, avec \u00e2me en fibre textile. Nous avons aussi bien de c\u00e2ble en acier galvaniz\u00e9 R.1970 N\/mm\u00b2 que de c\u00e2ble en acier clair R.1570 N\/mm\u00b2.<br \/>\nDiam\u00e8tres les plus communs de 6 mm \u00e0 12 mm.<br \/>\nEn g\u00e9n\u00e9ral ils sont fournis par paire, avec sens d\u2019enroulement contraire.<\/p>\n<p style=\"text-align: justify;\"><strong>Utilisations<\/strong><br \/>\nC\u00e2ble sp\u00e9cifique pour la construction d\u2019ascenseurs et d\u2019installations de levage<\/p>\n[\/vc_column_text][\/vc_column][\/vc_row][vc_row css=&nbsp;&raquo;.vc_custom_1416322556311{margin-top: 40px !important;margin-bottom: 40px !important;}&nbsp;&raquo;][vc_column][vc_separator color=&nbsp;&raquo;mulled_wine&nbsp;&raquo; style=&nbsp;&raquo;dotted&nbsp;&raquo;][\/vc_column][\/vc_row][vc_row][vc_column width=&nbsp;&raquo;1\/4&Prime;][vc_gallery type=&nbsp;&raquo;image_grid&nbsp;&raquo; images=&nbsp;&raquo;869&Prime; img_size=&nbsp;&raquo;150&#215;150&Prime;][\/vc_column][vc_column width=&nbsp;&raquo;3\/4&Prime;][vc_empty_space height=&nbsp;&raquo;50&Prime;][vc_custom_heading text=&nbsp;&raquo;\u00c2me textile&nbsp;&raquo; font_container=&nbsp;&raquo;tag:h3|text_align:left&nbsp;&raquo; google_fonts=&nbsp;&raquo;font_family:Open%20Sans%3A300%2C300italic%2Cregular%2Citalic%2C600%2C600italic%2C700%2C700italic%2C800%2C800italic|font_style:400%20regular%3A400%3Anormal&nbsp;&raquo;][\/vc_column][\/vc_row][vc_row][vc_column][vc_column_text]\n<table id=\"tablepress-B114FS\" class=\"tablepress tablepress-id-B114FS\">\n<thead>\n<tr class=\"row-1\">\n\t<th class=\"column-1\">\u00d8 mm<\/th><th class=\"column-2\">P.S. kg \/ m<\/th><th class=\"column-3\">C.R.M. kN\t<\/th><th class=\"column-4\">C.R.M. kg<\/th>\n<\/tr>\n<\/thead>\n<tbody class=\"row-striping row-hover\">\n<tr class=\"row-2\">\n\t<td class=\"column-1\">6<\/td><td class=\"column-2\">0,1340<\/td><td class=\"column-3\">18,7<\/td><td class=\"column-4\">1.906<\/td>\n<\/tr>\n<tr class=\"row-3\">\n\t<td class=\"column-1\">7<\/td><td class=\"column-2\">0,1830<\/td><td class=\"column-3\">25,5<\/td><td class=\"column-4\">2.599<\/td>\n<\/tr>\n<tr class=\"row-4\">\n\t<td class=\"column-1\">8<\/td><td class=\"column-2\">0,2380<\/td><td class=\"column-3\">33,2<\/td><td class=\"column-4\">3.384<\/td>\n<\/tr>\n<tr class=\"row-5\">\n\t<td class=\"column-1\">9<\/td><td class=\"column-2\">0,3020<\/td><td class=\"column-3\">42,1<\/td><td class=\"column-4\">4.292<\/td>\n<\/tr>\n<tr class=\"row-6\">\n\t<td class=\"column-1\">10<\/td><td class=\"column-2\">0,3730<\/td><td class=\"column-3\">52,0<\/td><td class=\"column-4\">5.301<\/td>\n<\/tr>\n<\/tbody>\n<\/table>\n<!-- #tablepress-B114FS from cache --> [\/vc_column_text][\/vc_column][\/vc_row][vc_row][vc_column][vc_cta_button2 h2=&nbsp;&raquo;&nbsp;&raquo; h4=&nbsp;&raquo;Pour plus d&rsquo;informations sur nos produits&nbsp;&raquo; style=&nbsp;&raquo;square&nbsp;&raquo; txt_align=&nbsp;&raquo;center&nbsp;&raquo; title=&nbsp;&raquo;CONTACTEZ NOUS&nbsp;&raquo; color=&nbsp;&raquo;mulled_wine&nbsp;&raquo; position=&nbsp;&raquo;bottom&nbsp;&raquo; link=&nbsp;&raquo;url:%2Ffr%2Fcontact%2F|title:Contact|&nbsp;&raquo; accent_color=&nbsp;&raquo;#fcde49&Prime;][\/vc_cta_button2][\/vc_column][\/vc_row]\n","protected":false},"excerpt":{"rendered":"<p>[vc_row][vc_column][vc_column_text] C\u00e2ble en acier 6\u00d719 Seale Caract\u00e9ristiques C\u00e2ble 6\u00d719+AT SEALE. Ce c\u00e2ble est form\u00e9 de 6 torons externes de 19 fils chacun, avec \u00e2me en fibre textile. Nous avons aussi bien de c\u00e2ble en acier galvaniz\u00e9 R.1970 N\/mm\u00b2 que de c\u00e2ble en acier clair R.1570 N\/mm\u00b2. Diam\u00e8tres les plus communs de 6 mm \u00e0 12&#8230;<\/p>\n","protected":false},"author":1,"featured_media":0,"parent":0,"menu_order":0,"comment_status":"closed","ping_status":"closed","template":"","meta":{"footnotes":""},"class_list":["post-1664","page","type-page","status-publish","hentry"],"aioseo_notices":[],"_links":{"self":[{"href":"https:\/\/www.santinifuni.com\/fr\/wp-json\/wp\/v2\/pages\/1664"}],"collection":[{"href":"https:\/\/www.santinifuni.com\/fr\/wp-json\/wp\/v2\/pages"}],"about":[{"href":"https:\/\/www.santinifuni.com\/fr\/wp-json\/wp\/v2\/types\/page"}],"author":[{"embeddable":true,"href":"https:\/\/www.santinifuni.com\/fr\/wp-json\/wp\/v2\/users\/1"}],"replies":[{"embeddable":true,"href":"https:\/\/www.santinifuni.com\/fr\/wp-json\/wp\/v2\/comments?post=1664"}],"version-history":[{"count":0,"href":"https:\/\/www.santinifuni.com\/fr\/wp-json\/wp\/v2\/pages\/1664\/revisions"}],"wp:attachment":[{"href":"https:\/\/www.santinifuni.com\/fr\/wp-json\/wp\/v2\/media?parent=1664"}],"curies":[{"name":"wp","href":"https:\/\/api.w.org\/{rel}","templated":true}]}}