{"id":1670,"date":"2014-11-18T12:46:05","date_gmt":"2014-11-18T11:46:05","guid":{"rendered":"http:\/\/www.santinifuni.com\/prodotti\/fune-acciaio-zincato-19x7-antigiro\/"},"modified":"2016-12-19T23:01:33","modified_gmt":"2016-12-19T22:01:33","slug":"cable-acier-galvanize-19x7-antigiratoire","status":"publish","type":"page","link":"https:\/\/www.santinifuni.com\/fr\/cable-acier-galvanize-19x7-antigiratoire\/","title":{"rendered":"C\u00e2ble acier galvaniz\u00e9 19\u00d77 Antigiratoire"},"content":{"rendered":"<p>[vc_row][vc_column][vc_column_text]\n<p style=\"text-align: justify;\">C\u00e2ble acier galvaniz\u00e9 19\u00d77 Antigiratoire.<\/p>\n<p style=\"text-align: justify;\"><strong>Caract\u00e9ristiques<br \/>\n<\/strong>C\u00e2ble antigiratoire \u00e0 19 torons x 7 fils. Ce c\u00e2ble est form\u00e9 de 18 torons externes de 7 fils chacun, a une \u00e2me en acier, elle aussi constitu\u00e9e d\u2019un toron de 7 fils. Nous disposons de c\u00e2ble en acier galvaniz\u00e9 R.1970 N\/mm\u00b2. Diam\u00e8tres les plus communs de 4 mm \u00e0 12 mm.<br \/>\nC\u00e2ble en g\u00e9n\u00e9ral non pr\u00e9form\u00e9, qui ne subit pas de torsion quand il est soumis \u00e0 une charge de travail.<\/p>\n<p style=\"text-align: justify;\"><strong>Utilisations<\/strong><br \/>\nAdapt\u00e9 pour le levage et la construction de ponts roulants, puits de perforation, levage de charges avec un tirant unique.<\/p>\n[\/vc_column_text][\/vc_column][\/vc_row][vc_row css=&nbsp;&raquo;.vc_custom_1416322556311{margin-top: 40px !important;margin-bottom: 40px !important;}&nbsp;&raquo;][vc_column][vc_separator color=&nbsp;&raquo;mulled_wine&nbsp;&raquo; style=&nbsp;&raquo;dotted&nbsp;&raquo;][\/vc_column][\/vc_row][vc_row][vc_column width=&nbsp;&raquo;1\/4&Prime;][vc_gallery type=&nbsp;&raquo;image_grid&nbsp;&raquo; images=&nbsp;&raquo;870&Prime; img_size=&nbsp;&raquo;150&#215;150&Prime;][\/vc_column][vc_column width=&nbsp;&raquo;3\/4&Prime;][vc_empty_space height=&nbsp;&raquo;50&Prime;][vc_custom_heading text=&nbsp;&raquo;\u00c2me en acier&nbsp;&raquo; font_container=&nbsp;&raquo;tag:h3|text_align:left&nbsp;&raquo; google_fonts=&nbsp;&raquo;font_family:Open%20Sans%3A300%2C300italic%2Cregular%2Citalic%2C600%2C600italic%2C700%2C700italic%2C800%2C800italic|font_style:400%20regular%3A400%3Anormal&nbsp;&raquo;][\/vc_column][\/vc_row][vc_row][vc_column][vc_column_text]\n<table id=\"tablepress-Z133AG\" class=\"tablepress tablepress-id-Z133AG\">\n<thead>\n<tr class=\"row-1\">\n\t<th class=\"column-1\">\u00d8 mm<\/th><th class=\"column-2\">P.S. kg \/ m<\/th><th class=\"column-3\">C.R.M. kN\t<\/th><th class=\"column-4\">C.R.M. kg<\/th>\n<\/tr>\n<\/thead>\n<tbody class=\"row-striping row-hover\">\n<tr class=\"row-2\">\n\t<td class=\"column-1\">4<\/td><td class=\"column-2\">0,2600<\/td><td class=\"column-3\">12,6<\/td><td class=\"column-4\">1.284<\/td>\n<\/tr>\n<tr class=\"row-3\">\n\t<td class=\"column-1\">5<\/td><td class=\"column-2\">0,1000<\/td><td class=\"column-3\">16,4<\/td><td class=\"column-4\">1.672<\/td>\n<\/tr>\n<tr class=\"row-4\">\n\t<td class=\"column-1\">6<\/td><td class=\"column-2\">0,1500<\/td><td class=\"column-3\">23,6<\/td><td class=\"column-4\">2.406<\/td>\n<\/tr>\n<tr class=\"row-5\">\n\t<td class=\"column-1\">7<\/td><td class=\"column-2\">0,2000<\/td><td class=\"column-3\">32,1<\/td><td class=\"column-4\">3.272<\/td>\n<\/tr>\n<tr class=\"row-6\">\n\t<td class=\"column-1\">8<\/td><td class=\"column-2\">0,2600<\/td><td class=\"column-3\">42<\/td><td class=\"column-4\">4.281<\/td>\n<\/tr>\n<tr class=\"row-7\">\n\t<td class=\"column-1\">9<\/td><td class=\"column-2\">0,3300<\/td><td class=\"column-3\">53,1<\/td><td class=\"column-4\">5.413<\/td>\n<\/tr>\n<tr class=\"row-8\">\n\t<td class=\"column-1\">10<\/td><td class=\"column-2\">0,4100<\/td><td class=\"column-3\">65,6<\/td><td class=\"column-4\">6.687<\/td>\n<\/tr>\n<tr class=\"row-9\">\n\t<td class=\"column-1\">11<\/td><td class=\"column-2\">0,4870<\/td><td class=\"column-3\">75,8<\/td><td class=\"column-4\">7.727<\/td>\n<\/tr>\n<tr class=\"row-10\">\n\t<td class=\"column-1\">12<\/td><td class=\"column-2\">0,5790<\/td><td class=\"column-3\">90,2<\/td><td class=\"column-4\">9.195<\/td>\n<\/tr>\n<\/tbody>\n<\/table>\n<!-- #tablepress-Z133AG from cache --> \u00a0 [\/vc_column_text][\/vc_column][\/vc_row][vc_row][vc_column][vc_cta_button2 h2=&nbsp;&raquo;&nbsp;&raquo; h4=&nbsp;&raquo;Pour plus d&rsquo;informations sur nos produits&nbsp;&raquo; style=&nbsp;&raquo;square&nbsp;&raquo; txt_align=&nbsp;&raquo;center&nbsp;&raquo; title=&nbsp;&raquo;CONTACTEZ NOUS&nbsp;&raquo; color=&nbsp;&raquo;mulled_wine&nbsp;&raquo; position=&nbsp;&raquo;bottom&nbsp;&raquo; link=&nbsp;&raquo;url:%2Ffr%2Fcontact%2F|title:Contact|&nbsp;&raquo; accent_color=&nbsp;&raquo;#fcde49&Prime;][\/vc_cta_button2][\/vc_column][\/vc_row]\n","protected":false},"excerpt":{"rendered":"<p>[vc_row][vc_column][vc_column_text] C\u00e2ble acier galvaniz\u00e9 19\u00d77 Antigiratoire. Caract\u00e9ristiques C\u00e2ble antigiratoire \u00e0 19 torons x 7 fils. Ce c\u00e2ble est form\u00e9 de 18 torons externes de 7 fils chacun, a une \u00e2me en acier, elle aussi constitu\u00e9e d\u2019un toron de 7 fils. Nous disposons de c\u00e2ble en acier galvaniz\u00e9 R.1970 N\/mm\u00b2. Diam\u00e8tres les plus communs de 4&#8230;<\/p>\n","protected":false},"author":1,"featured_media":0,"parent":0,"menu_order":0,"comment_status":"closed","ping_status":"closed","template":"","meta":{"footnotes":""},"class_list":["post-1670","page","type-page","status-publish","hentry"],"aioseo_notices":[],"_links":{"self":[{"href":"https:\/\/www.santinifuni.com\/fr\/wp-json\/wp\/v2\/pages\/1670"}],"collection":[{"href":"https:\/\/www.santinifuni.com\/fr\/wp-json\/wp\/v2\/pages"}],"about":[{"href":"https:\/\/www.santinifuni.com\/fr\/wp-json\/wp\/v2\/types\/page"}],"author":[{"embeddable":true,"href":"https:\/\/www.santinifuni.com\/fr\/wp-json\/wp\/v2\/users\/1"}],"replies":[{"embeddable":true,"href":"https:\/\/www.santinifuni.com\/fr\/wp-json\/wp\/v2\/comments?post=1670"}],"version-history":[{"count":0,"href":"https:\/\/www.santinifuni.com\/fr\/wp-json\/wp\/v2\/pages\/1670\/revisions"}],"wp:attachment":[{"href":"https:\/\/www.santinifuni.com\/fr\/wp-json\/wp\/v2\/media?parent=1670"}],"curies":[{"name":"wp","href":"https:\/\/api.w.org\/{rel}","templated":true}]}}