{"id":1676,"date":"2014-11-18T12:42:56","date_gmt":"2014-11-18T11:42:56","guid":{"rendered":"http:\/\/www.santinifuni.com\/prodotti\/fune-acciaio-zincato-6x19\/"},"modified":"2016-12-19T23:01:53","modified_gmt":"2016-12-19T22:01:53","slug":"cable-acier-galvanize-6x19fcsc","status":"publish","type":"page","link":"https:\/\/www.santinifuni.com\/fr\/cable-acier-galvanize-6x19fcsc\/","title":{"rendered":"C\u00e2ble acier galvaniz\u00e9, 6\u00d719+FC\/SC"},"content":{"rendered":"<p>[vc_row][vc_column][vc_column_text]\n<p style=\"text-align: justify;\">C\u00e2ble acier galvaniz\u00e9, 6\u00d719+FC\/SC.<\/p>\n<p style=\"text-align: justify;\"><strong>Caract\u00e9ristiques<br \/>\n<\/strong>C\u00e2ble standard \u00e0 6 torons x 19 fils. Ce c\u00e2ble est form\u00e9 de 6 torons externes de 19 fils chacun, il peut avoir une \u00e2me en fibre textile ou une \u00e2me en acier, elle aussi constitu\u00e9e d\u2019un toron de 19 fils. Nous disposons de c\u00e2ble en acier zingu\u00e9 R.1770 N\/mm\u00b2 (avec \u00e2me textile ou m\u00e9tallique). Diam\u00e8tres les plus communs de 3 mm \u00e0 22 mm.<br \/>\nC\u00e2ble \u00e0 torons avec une bonne souplesse. Construction type standard (tous les fils ont le m\u00eame diam\u00e8tre). Les torons sont form\u00e9s d\u2019un fil central, 6 fils sur la couche interm\u00e9diaire et 12 sur la couche externe.<\/p>\n<p style=\"text-align: justify;\"><strong>Utilisations<\/strong><br \/>\nAdapt\u00e9 pour des utilisations multiples, de la construction de barri\u00e8res contre les chutes de pierres et avalanches, \u00e0 la r\u00e9alisation de lignes de vie antichute.<\/p>\n[\/vc_column_text][\/vc_column][\/vc_row][vc_row css=&nbsp;&raquo;.vc_custom_1416322556311{margin-top: 40px !important;margin-bottom: 40px !important;}&nbsp;&raquo;][vc_column][vc_separator color=&nbsp;&raquo;mulled_wine&nbsp;&raquo; style=&nbsp;&raquo;dotted&nbsp;&raquo;][\/vc_column][\/vc_row][vc_row][vc_column width=&nbsp;&raquo;1\/4&Prime;][vc_gallery type=&nbsp;&raquo;image_grid&nbsp;&raquo; images=&nbsp;&raquo;868&Prime; img_size=&nbsp;&raquo;150&#215;150&Prime;][\/vc_column][vc_column width=&nbsp;&raquo;3\/4&Prime;][vc_empty_space height=&nbsp;&raquo;50&Prime;][vc_custom_heading text=&nbsp;&raquo;\u00c2me en fibre&nbsp;&raquo; font_container=&nbsp;&raquo;tag:h3|text_align:left&nbsp;&raquo; google_fonts=&nbsp;&raquo;font_family:Open%20Sans%3A300%2C300italic%2Cregular%2Citalic%2C600%2C600italic%2C700%2C700italic%2C800%2C800italic|font_style:400%20regular%3A400%3Anormal&nbsp;&raquo;][\/vc_column][\/vc_row][vc_row][vc_column][vc_column_text]\n<table id=\"tablepress-Z114F\" class=\"tablepress tablepress-id-Z114F\">\n<thead>\n<tr class=\"row-1\">\n\t<th class=\"column-1\">\u00d8 mm<\/th><th class=\"column-2\">P.S. kg \/ m<\/th><th class=\"column-3\">C.R.M. kN\t<\/th><th class=\"column-4\">C.R.M. kg<\/th>\n<\/tr>\n<\/thead>\n<tbody class=\"row-striping row-hover\">\n<tr class=\"row-2\">\n\t<td class=\"column-1\">3<\/td><td class=\"column-2\">0,0311<\/td><td class=\"column-3\">4,9<\/td><td class=\"column-4\">499<\/td>\n<\/tr>\n<tr class=\"row-3\">\n\t<td class=\"column-1\">4<\/td><td class=\"column-2\">0,0554<\/td><td class=\"column-3\">8,7<\/td><td class=\"column-4\">887<\/td>\n<\/tr>\n<tr class=\"row-4\">\n\t<td class=\"column-1\">5<\/td><td class=\"column-2\">0,0865<\/td><td class=\"column-3\">13,6<\/td><td class=\"column-4\">1.386<\/td>\n<\/tr>\n<tr class=\"row-5\">\n\t<td class=\"column-1\">6<\/td><td class=\"column-2\">0,1250<\/td><td class=\"column-3\">19,6<\/td><td class=\"column-4\">1.998<\/td>\n<\/tr>\n<tr class=\"row-6\">\n\t<td class=\"column-1\">7<\/td><td class=\"column-2\">0,1700<\/td><td class=\"column-3\">26,7<\/td><td class=\"column-4\">2.722<\/td>\n<\/tr>\n<tr class=\"row-7\">\n\t<td class=\"column-1\">8<\/td><td class=\"column-2\">0,2210<\/td><td class=\"column-3\">34,8<\/td><td class=\"column-4\">3.547<\/td>\n<\/tr>\n<tr class=\"row-8\">\n\t<td class=\"column-1\">9<\/td><td class=\"column-2\">0,2800<\/td><td class=\"column-3\">44,1<\/td><td class=\"column-4\">4.495<\/td>\n<\/tr>\n<tr class=\"row-9\">\n\t<td class=\"column-1\">10<\/td><td class=\"column-2\">0,3460<\/td><td class=\"column-3\">54,4<\/td><td class=\"column-4\">5.545<\/td>\n<\/tr>\n<tr class=\"row-10\">\n\t<td class=\"column-1\">12<\/td><td class=\"column-2\">0,4980<\/td><td class=\"column-3\">78,3<\/td><td class=\"column-4\">7.982<\/td>\n<\/tr>\n<tr class=\"row-11\">\n\t<td class=\"column-1\">14<\/td><td class=\"column-2\">0,6780<\/td><td class=\"column-3\">107,0<\/td><td class=\"column-4\">10.907<\/td>\n<\/tr>\n<tr class=\"row-12\">\n\t<td class=\"column-1\">16<\/td><td class=\"column-2\">0,8860<\/td><td class=\"column-3\">139,0<\/td><td class=\"column-4\">14.169<\/td>\n<\/tr>\n<tr class=\"row-13\">\n\t<td class=\"column-1\">18<\/td><td class=\"column-2\">1,1200<\/td><td class=\"column-3\">176,0<\/td><td class=\"column-4\">17.941<\/td>\n<\/tr>\n<tr class=\"row-14\">\n\t<td class=\"column-1\">20<\/td><td class=\"column-2\">1,3800<\/td><td class=\"column-3\">218,0<\/td><td class=\"column-4\">22.222<\/td>\n<\/tr>\n<tr class=\"row-15\">\n\t<td class=\"column-1\">22<\/td><td class=\"column-2\">1,6700<\/td><td class=\"column-3\">263,0<\/td><td class=\"column-4\">26.809<\/td>\n<\/tr>\n<\/tbody>\n<\/table>\n<!-- #tablepress-Z114F from cache --> \u00a0 [\/vc_column_text][\/vc_column][\/vc_row][vc_row css=&nbsp;&raquo;.vc_custom_1416322556311{margin-top: 40px !important;margin-bottom: 40px !important;}&nbsp;&raquo;][vc_column][vc_separator color=&nbsp;&raquo;mulled_wine&nbsp;&raquo; style=&nbsp;&raquo;dotted&nbsp;&raquo;][\/vc_column][\/vc_row][vc_row][vc_column width=&nbsp;&raquo;1\/4&Prime;][vc_gallery type=&nbsp;&raquo;image_grid&nbsp;&raquo; images=&nbsp;&raquo;867&Prime; img_size=&nbsp;&raquo;150&#215;150&Prime;][\/vc_column][vc_column width=&nbsp;&raquo;3\/4&Prime;][vc_empty_space height=&nbsp;&raquo;50&Prime;][vc_custom_heading text=&nbsp;&raquo;\u00c2me en acier&nbsp;&raquo; font_container=&nbsp;&raquo;tag:h3|text_align:left&nbsp;&raquo; google_fonts=&nbsp;&raquo;font_family:Open%20Sans%3A300%2C300italic%2Cregular%2Citalic%2C600%2C600italic%2C700%2C700italic%2C800%2C800italic|font_style:400%20regular%3A400%3Anormal&nbsp;&raquo;][\/vc_column][\/vc_row][vc_row][vc_column][vc_column_text]\n<table id=\"tablepress-Z114M\" class=\"tablepress tablepress-id-Z114M\">\n<thead>\n<tr class=\"row-1\">\n\t<th class=\"column-1\">\u00d8 mm<\/th><th class=\"column-2\">P.S. kg \/ m<\/th><th class=\"column-3\">C.R.M. kN\t<\/th><th class=\"column-4\">C.R.M. kg<\/th>\n<\/tr>\n<\/thead>\n<tbody class=\"row-striping row-hover\">\n<tr class=\"row-2\">\n\t<td class=\"column-1\">3<\/td><td class=\"column-2\">0,0342<\/td><td class=\"column-3\">5,3<\/td><td class=\"column-4\">540<\/td>\n<\/tr>\n<tr class=\"row-3\">\n\t<td class=\"column-1\">4<\/td><td class=\"column-2\">0,0609<\/td><td class=\"column-3\">9,4<\/td><td class=\"column-4\">958<\/td>\n<\/tr>\n<tr class=\"row-4\">\n\t<td class=\"column-1\">5<\/td><td class=\"column-2\">0,0952<\/td><td class=\"column-3\">14,7<\/td><td class=\"column-4\">1.498<\/td>\n<\/tr>\n<tr class=\"row-5\">\n\t<td class=\"column-1\">6<\/td><td class=\"column-2\">0,1380<\/td><td class=\"column-3\">21,2<\/td><td class=\"column-4\">2.161<\/td>\n<\/tr>\n<tr class=\"row-6\">\n\t<td class=\"column-1\">7<\/td><td class=\"column-2\">0,1870<\/td><td class=\"column-3\">28,8<\/td><td class=\"column-4\">2.936<\/td>\n<\/tr>\n<tr class=\"row-7\">\n\t<td class=\"column-1\">8<\/td><td class=\"column-2\">0,2430<\/td><td class=\"column-3\">37,6<\/td><td class=\"column-4\">3.833<\/td>\n<\/tr>\n<tr class=\"row-8\">\n\t<td class=\"column-1\">9<\/td><td class=\"column-2\">0,3080<\/td><td class=\"column-3\">47,6<\/td><td class=\"column-4\">4.852<\/td>\n<\/tr>\n<tr class=\"row-9\">\n\t<td class=\"column-1\">10<\/td><td class=\"column-2\">0,3810<\/td><td class=\"column-3\">58,8<\/td><td class=\"column-4\">5.994<\/td>\n<\/tr>\n<tr class=\"row-10\">\n\t<td class=\"column-1\">12<\/td><td class=\"column-2\">0,5480<\/td><td class=\"column-3\">84,6<\/td><td class=\"column-4\">8.624<\/td>\n<\/tr>\n<tr class=\"row-11\">\n\t<td class=\"column-1\">14<\/td><td class=\"column-2\">0,7460<\/td><td class=\"column-3\">115<\/td><td class=\"column-4\">11.723<\/td>\n<\/tr>\n<tr class=\"row-12\">\n\t<td class=\"column-1\">16<\/td><td class=\"column-2\">0,9740<\/td><td class=\"column-3\">150<\/td><td class=\"column-4\">15.291<\/td>\n<\/tr>\n<tr class=\"row-13\">\n\t<td class=\"column-1\">18<\/td><td class=\"column-2\">1,2300<\/td><td class=\"column-3\">190<\/td><td class=\"column-4\">19.368<\/td>\n<\/tr>\n<tr class=\"row-14\">\n\t<td class=\"column-1\">20<\/td><td class=\"column-2\">1,5200<\/td><td class=\"column-3\">235<\/td><td class=\"column-4\">23.955<\/td>\n<\/tr>\n<tr class=\"row-15\">\n\t<td class=\"column-1\">22<\/td><td class=\"column-2\">1,8400<\/td><td class=\"column-3\">284<\/td><td class=\"column-4\">28.950<\/td>\n<\/tr>\n<\/tbody>\n<\/table>\n<!-- #tablepress-Z114M from cache --> \u00a0 [\/vc_column_text][\/vc_column][\/vc_row][vc_row][vc_column][vc_cta_button2 h2=&nbsp;&raquo;&nbsp;&raquo; h4=&nbsp;&raquo;Pour plus d&rsquo;informations sur nos produits&nbsp;&raquo; style=&nbsp;&raquo;square&nbsp;&raquo; txt_align=&nbsp;&raquo;center&nbsp;&raquo; title=&nbsp;&raquo;CONTACTEZ NOUS&nbsp;&raquo; color=&nbsp;&raquo;mulled_wine&nbsp;&raquo; position=&nbsp;&raquo;bottom&nbsp;&raquo; link=&nbsp;&raquo;url:%2Ffr%2Fcontact%2F|title:Contact|&nbsp;&raquo; accent_color=&nbsp;&raquo;#fcde49&Prime;][\/vc_cta_button2][\/vc_column][\/vc_row]\n","protected":false},"excerpt":{"rendered":"<p>[vc_row][vc_column][vc_column_text] C\u00e2ble acier galvaniz\u00e9, 6\u00d719+FC\/SC. Caract\u00e9ristiques C\u00e2ble standard \u00e0 6 torons x 19 fils. Ce c\u00e2ble est form\u00e9 de 6 torons externes de 19 fils chacun, il peut avoir une \u00e2me en fibre textile ou une \u00e2me en acier, elle aussi constitu\u00e9e d\u2019un toron de 19 fils. Nous disposons de c\u00e2ble en acier zingu\u00e9 R.1770&#8230;<\/p>\n","protected":false},"author":1,"featured_media":0,"parent":0,"menu_order":0,"comment_status":"closed","ping_status":"closed","template":"","meta":{"footnotes":""},"class_list":["post-1676","page","type-page","status-publish","hentry"],"aioseo_notices":[],"_links":{"self":[{"href":"https:\/\/www.santinifuni.com\/fr\/wp-json\/wp\/v2\/pages\/1676"}],"collection":[{"href":"https:\/\/www.santinifuni.com\/fr\/wp-json\/wp\/v2\/pages"}],"about":[{"href":"https:\/\/www.santinifuni.com\/fr\/wp-json\/wp\/v2\/types\/page"}],"author":[{"embeddable":true,"href":"https:\/\/www.santinifuni.com\/fr\/wp-json\/wp\/v2\/users\/1"}],"replies":[{"embeddable":true,"href":"https:\/\/www.santinifuni.com\/fr\/wp-json\/wp\/v2\/comments?post=1676"}],"version-history":[{"count":0,"href":"https:\/\/www.santinifuni.com\/fr\/wp-json\/wp\/v2\/pages\/1676\/revisions"}],"wp:attachment":[{"href":"https:\/\/www.santinifuni.com\/fr\/wp-json\/wp\/v2\/media?parent=1676"}],"curies":[{"name":"wp","href":"https:\/\/api.w.org\/{rel}","templated":true}]}}