{"id":1681,"date":"2014-11-18T12:44:06","date_gmt":"2014-11-18T11:44:06","guid":{"rendered":"http:\/\/www.santinifuni.com\/prodotti\/fune-acciaio-zincato-6x36ws\/"},"modified":"2016-12-19T23:00:32","modified_gmt":"2016-12-19T22:00:32","slug":"cable-acier-galvanise-6x36ws-fciwrc","status":"publish","type":"page","link":"https:\/\/www.santinifuni.com\/fr\/cable-acier-galvanise-6x36ws-fciwrc\/","title":{"rendered":"C\u00e2ble acier galvanis\u00e9 6x36WS + FC\/IWRC"},"content":{"rendered":"<p>[vc_row][vc_column][vc_column_text]\n<p style=\"text-align: justify;\">C\u00e2ble en acier clair \/ galvanis\u00e9 6x36WS + FC\/IWRC.<\/p>\n<p style=\"text-align: justify;\"><strong>Caract\u00e9ristiques<\/strong><br \/>\nC\u00e2ble warrington-seale \u00e0 6 torons x 36 fils. Ce c\u00e2ble est form\u00e9 de 6 torons externes de 36 fils chacun, il peut avoir une \u00e2me en fibre textile ou une \u00e2me en acier, constitu\u00e9 d\u2019un c\u00e2ble de 49 fils (6\u00d77+AM). Nous disposons aussi bien de c\u00e2ble en acier galvanis\u00e9 R.1770 N\/mm\u00b2 que de c\u00e2ble en acier clair R.1770 N\/mm\u00b2 ou 1960 N\/mm\u00b2 (avec \u00e2me textile ou m\u00e9tallique). Diam\u00e8tres les plus communs de 8 mm \u00e0 36 mm.<br \/>\nC\u00e2ble \u00e0 torons ayant une souplesse \u00e9lev\u00e9e. Construction type warrington seale (torons avec fils de diam\u00e8tres diff\u00e9rents, espace m\u00e9tallique important). Bonne r\u00e9sistance \u00e0 l\u2019abrasion. L\u2019\u00e2me m\u00e9tallique se compose d\u2019un c\u00e2ble ind\u00e9pendant type 6\u00d77+AM (IWRC: independent wire rope core).<\/p>\n<p style=\"text-align: justify;\"><strong>Utilisations<\/strong><br \/>\nC\u00e2ble g\u00e9n\u00e9ralement utilis\u00e9s pour le levage et la construction de tirants.<\/p>\n[\/vc_column_text][\/vc_column][\/vc_row][vc_row css=&nbsp;&raquo;.vc_custom_1416322556311{margin-top: 40px !important;margin-bottom: 40px !important;}&nbsp;&raquo;][vc_column][vc_separator color=&nbsp;&raquo;mulled_wine&nbsp;&raquo; style=&nbsp;&raquo;dotted&nbsp;&raquo;][\/vc_column][\/vc_row][vc_row][vc_column width=&nbsp;&raquo;1\/4&Prime;][vc_gallery type=&nbsp;&raquo;image_grid&nbsp;&raquo; images=&nbsp;&raquo;412&Prime; img_size=&nbsp;&raquo;150&#215;150&Prime;][\/vc_column][vc_column width=&nbsp;&raquo;3\/4&Prime;][vc_empty_space height=&nbsp;&raquo;50&Prime;][vc_custom_heading text=&nbsp;&raquo;\u00c2me Textile&nbsp;&raquo; font_container=&nbsp;&raquo;tag:h3|text_align:left&nbsp;&raquo; google_fonts=&nbsp;&raquo;font_family:Open%20Sans%3A300%2C300italic%2Cregular%2Citalic%2C600%2C600italic%2C700%2C700italic%2C800%2C800italic|font_style:400%20regular%3A400%3Anormal&nbsp;&raquo;][\/vc_column][\/vc_row][vc_row][vc_column][vc_column_text]\n<table id=\"tablepress-Z216F\" class=\"tablepress tablepress-id-Z216F\">\n<thead>\n<tr class=\"row-1\">\n\t<th class=\"column-1\">\u00d8 mm<\/th><th class=\"column-2\">P.S. kg \/ m<\/th><th class=\"column-3\">C.R.M. kN<\/th><th class=\"column-4\">C.R.M. kg<\/th>\n<\/tr>\n<\/thead>\n<tbody class=\"row-striping row-hover\">\n<tr class=\"row-2\">\n\t<td class=\"column-1\">12<\/td><td class=\"column-2\">0,5470<\/td><td class=\"column-3\">84,1<\/td><td class=\"column-4\">8.573<\/td>\n<\/tr>\n<tr class=\"row-3\">\n\t<td class=\"column-1\">13<\/td><td class=\"column-2\">0,6430<\/td><td class=\"column-3\">98,7<\/td><td class=\"column-4\">10.061<\/td>\n<\/tr>\n<tr class=\"row-4\">\n\t<td class=\"column-1\">14<\/td><td class=\"column-2\">0,7450<\/td><td class=\"column-3\">114,0<\/td><td class=\"column-4\">11.621<\/td>\n<\/tr>\n<tr class=\"row-5\">\n\t<td class=\"column-1\">16<\/td><td class=\"column-2\">0,9730<\/td><td class=\"column-3\">150,0<\/td><td class=\"column-4\">15.291<\/td>\n<\/tr>\n<tr class=\"row-6\">\n\t<td class=\"column-1\">18<\/td><td class=\"column-2\">1,2300<\/td><td class=\"column-3\">189,0<\/td><td class=\"column-4\">19.266<\/td>\n<\/tr>\n<tr class=\"row-7\">\n\t<td class=\"column-1\">20<\/td><td class=\"column-2\">1,5200<\/td><td class=\"column-3\">234,0<\/td><td class=\"column-4\">23.853<\/td>\n<\/tr>\n<tr class=\"row-8\">\n\t<td class=\"column-1\">22<\/td><td class=\"column-2\">1,8400<\/td><td class=\"column-3\">283,0<\/td><td class=\"column-4\">28.848<\/td>\n<\/tr>\n<tr class=\"row-9\">\n\t<td class=\"column-1\">24<\/td><td class=\"column-2\">2,1900<\/td><td class=\"column-3\">336,0<\/td><td class=\"column-4\">34.251<\/td>\n<\/tr>\n<tr class=\"row-10\">\n\t<td class=\"column-1\">26<\/td><td class=\"column-2\">2,5700<\/td><td class=\"column-3\">395,0<\/td><td class=\"column-4\">40.265<\/td>\n<\/tr>\n<tr class=\"row-11\">\n\t<td class=\"column-1\">28<\/td><td class=\"column-2\">2,9800<\/td><td class=\"column-3\">458,0<\/td><td class=\"column-4\">46.687<\/td>\n<\/tr>\n<tr class=\"row-12\">\n\t<td class=\"column-1\">32<\/td><td class=\"column-2\">3,8900<\/td><td class=\"column-3\">598,0<\/td><td class=\"column-4\">60.958<\/td>\n<\/tr>\n<\/tbody>\n<\/table>\n<!-- #tablepress-Z216F from cache -->[\/vc_column_text][\/vc_column][\/vc_row][vc_row css=&nbsp;&raquo;.vc_custom_1416322556311{margin-top: 40px !important;margin-bottom: 40px !important;}&nbsp;&raquo;][vc_column][vc_separator color=&nbsp;&raquo;mulled_wine&nbsp;&raquo; style=&nbsp;&raquo;dotted&nbsp;&raquo;][\/vc_column][\/vc_row][vc_row][vc_column width=&nbsp;&raquo;1\/4&Prime;][vc_gallery type=&nbsp;&raquo;image_grid&nbsp;&raquo; images=&nbsp;&raquo;358&Prime; img_size=&nbsp;&raquo;150&#215;150&Prime;][\/vc_column][vc_column width=&nbsp;&raquo;3\/4&Prime;][vc_empty_space height=&nbsp;&raquo;50&Prime;][vc_custom_heading text=&nbsp;&raquo;Fune in acciao con Anima Metallica&nbsp;&raquo; font_container=&nbsp;&raquo;tag:h3|text_align:left&nbsp;&raquo; google_fonts=&nbsp;&raquo;font_family:Open%20Sans%3A300%2C300italic%2Cregular%2Citalic%2C600%2C600italic%2C700%2C700italic%2C800%2C800italic|font_style:400%20regular%3A400%3Anormal&nbsp;&raquo;][\/vc_column][\/vc_row][vc_row][vc_column][vc_column_text]\n<table id=\"tablepress-Z216M\" class=\"tablepress tablepress-id-Z216M\">\n<thead>\n<tr class=\"row-1\">\n\t<th class=\"column-1\">\u00d8 mm<\/th><th class=\"column-2\">P.S. kg \/ m<\/th><th class=\"column-3\">C.R.M. kN\t<\/th><th class=\"column-4\">C.R.M. kg<\/th>\n<\/tr>\n<\/thead>\n<tbody class=\"row-striping row-hover\">\n<tr class=\"row-2\">\n\t<td class=\"column-1\">12<\/td><td class=\"column-2\">0,6020<\/td><td class=\"column-3\">90,7<\/td><td class=\"column-4\">9.246<\/td>\n<\/tr>\n<tr class=\"row-3\">\n\t<td class=\"column-1\">13<\/td><td class=\"column-2\">0,7070<\/td><td class=\"column-3\">106<\/td><td class=\"column-4\">10.805<\/td>\n<\/tr>\n<tr class=\"row-4\">\n\t<td class=\"column-1\">14<\/td><td class=\"column-2\">0,8200<\/td><td class=\"column-3\">124<\/td><td class=\"column-4\">12.640<\/td>\n<\/tr>\n<tr class=\"row-5\">\n\t<td class=\"column-1\">16<\/td><td class=\"column-2\">1,0700<\/td><td class=\"column-3\">161<\/td><td class=\"column-4\">16.412<\/td>\n<\/tr>\n<tr class=\"row-6\">\n\t<td class=\"column-1\">18<\/td><td class=\"column-2\">1,3500<\/td><td class=\"column-3\">204<\/td><td class=\"column-4\">20.795<\/td>\n<\/tr>\n<tr class=\"row-7\">\n\t<td class=\"column-1\">20<\/td><td class=\"column-2\">1,6700<\/td><td class=\"column-3\">252<\/td><td class=\"column-4\">25.688<\/td>\n<\/tr>\n<tr class=\"row-8\">\n\t<td class=\"column-1\">22<\/td><td class=\"column-2\">2,0200<\/td><td class=\"column-3\">305<\/td><td class=\"column-4\">31.091<\/td>\n<\/tr>\n<tr class=\"row-9\">\n\t<td class=\"column-1\">24<\/td><td class=\"column-2\">2,4100<\/td><td class=\"column-3\">363<\/td><td class=\"column-4\">37.003<\/td>\n<\/tr>\n<tr class=\"row-10\">\n\t<td class=\"column-1\">26<\/td><td class=\"column-2\">2,8300<\/td><td class=\"column-3\">426<\/td><td class=\"column-4\">43.425<\/td>\n<\/tr>\n<tr class=\"row-11\">\n\t<td class=\"column-1\">28<\/td><td class=\"column-2\">3,2800<\/td><td class=\"column-3\">494<\/td><td class=\"column-4\">50.357<\/td>\n<\/tr>\n<tr class=\"row-12\">\n\t<td class=\"column-1\">32<\/td><td class=\"column-2\">4,2800<\/td><td class=\"column-3\">645<\/td><td class=\"column-4\">65.749<\/td>\n<\/tr>\n<\/tbody>\n<\/table>\n<!-- #tablepress-Z216M from cache -->[\/vc_column_text][\/vc_column][\/vc_row][vc_row][vc_column][vc_cta_button2 h2=&nbsp;&raquo;&nbsp;&raquo; h4=&nbsp;&raquo;Pour plus d&rsquo;informations sur nos produits&nbsp;&raquo; style=&nbsp;&raquo;square&nbsp;&raquo; txt_align=&nbsp;&raquo;center&nbsp;&raquo; title=&nbsp;&raquo;CONTACTEZ NOUS&nbsp;&raquo; color=&nbsp;&raquo;mulled_wine&nbsp;&raquo; position=&nbsp;&raquo;bottom&nbsp;&raquo; link=&nbsp;&raquo;url:%2Ffr%2Fcontact%2F|title:Contact|&nbsp;&raquo; accent_color=&nbsp;&raquo;#fcde49&Prime;][\/vc_cta_button2][\/vc_column][\/vc_row]\n","protected":false},"excerpt":{"rendered":"<p>[vc_row][vc_column][vc_column_text] C\u00e2ble en acier clair \/ galvanis\u00e9 6x36WS + FC\/IWRC. Caract\u00e9ristiques C\u00e2ble warrington-seale \u00e0 6 torons x 36 fils. Ce c\u00e2ble est form\u00e9 de 6 torons externes de 36 fils chacun, il peut avoir une \u00e2me en fibre textile ou une \u00e2me en acier, constitu\u00e9 d\u2019un c\u00e2ble de 49 fils (6\u00d77+AM). Nous disposons aussi bien&#8230;<\/p>\n","protected":false},"author":1,"featured_media":0,"parent":0,"menu_order":0,"comment_status":"closed","ping_status":"closed","template":"","meta":{"footnotes":""},"class_list":["post-1681","page","type-page","status-publish","hentry"],"aioseo_notices":[],"_links":{"self":[{"href":"https:\/\/www.santinifuni.com\/fr\/wp-json\/wp\/v2\/pages\/1681"}],"collection":[{"href":"https:\/\/www.santinifuni.com\/fr\/wp-json\/wp\/v2\/pages"}],"about":[{"href":"https:\/\/www.santinifuni.com\/fr\/wp-json\/wp\/v2\/types\/page"}],"author":[{"embeddable":true,"href":"https:\/\/www.santinifuni.com\/fr\/wp-json\/wp\/v2\/users\/1"}],"replies":[{"embeddable":true,"href":"https:\/\/www.santinifuni.com\/fr\/wp-json\/wp\/v2\/comments?post=1681"}],"version-history":[{"count":0,"href":"https:\/\/www.santinifuni.com\/fr\/wp-json\/wp\/v2\/pages\/1681\/revisions"}],"wp:attachment":[{"href":"https:\/\/www.santinifuni.com\/fr\/wp-json\/wp\/v2\/media?parent=1681"}],"curies":[{"name":"wp","href":"https:\/\/api.w.org\/{rel}","templated":true}]}}