{"id":1694,"date":"2014-11-18T12:49:47","date_gmt":"2014-11-18T11:49:47","guid":{"rendered":"http:\/\/www.santinifuni.com\/prodotti\/fune-acciaio-zincato-6x7\/"},"modified":"2017-11-02T09:45:03","modified_gmt":"2017-11-02T08:45:03","slug":"cable-acier-galvanise-6x7fcsc","status":"publish","type":"page","link":"https:\/\/www.santinifuni.com\/fr\/cable-acier-galvanise-6x7fcsc\/","title":{"rendered":"C\u00e2ble acier galvanis\u00e9, 6\u00d77+FC"},"content":{"rendered":"<p>[vc_row][vc_column][vc_column_text]\n<p style=\"text-align: justify;\">C\u00e2ble acier galvanis\u00e9, 6\u00d77+FC<\/p>\n<p style=\"text-align: justify;\"><strong>Caract\u00e9ristiques<br \/>\n<\/strong>C\u00e2ble standard \u00e0 6 torons x 7 fils. Ce c\u00e2ble est form\u00e9 de 6 torons externes de 7 fils chacun, avec \u00e2me en fibre textile. R\u00e9sistance 1770 N\/mm\u00b2. Diam\u00e8tres les plus communs de 1 mm \u00e0 10 mm.<br \/>\nC\u00e2ble \u00e0 torons avec bonne souplesse \/ r\u00e9sistance. Construction type standard (tous les fils ont le m\u00eame diam\u00e8tre). Les torons sont form\u00e9s d\u2019un fil central, 6 fils sur la couche externe.<\/p>\n<p style=\"text-align: justify;\"><strong>Utilisations<\/strong><br \/>\nC\u00e2ble adapt\u00e9 pour des utilisations multiples, de la construction de barri\u00e8res contre les chutes de pierres et avalanches, \u00e0 la r\u00e9alisation de lignes de vie antichute.<\/p>\n[\/vc_column_text][\/vc_column][\/vc_row][vc_row css=&nbsp;&raquo;.vc_custom_1416322556311{margin-top: 40px !important;margin-bottom: 40px !important;}&nbsp;&raquo;][vc_column][vc_separator color=&nbsp;&raquo;mulled_wine&nbsp;&raquo; style=&nbsp;&raquo;dotted&nbsp;&raquo;][\/vc_column][\/vc_row][vc_row][vc_column width=&nbsp;&raquo;1\/4&Prime;][vc_gallery type=&nbsp;&raquo;image_grid&nbsp;&raquo; images=&nbsp;&raquo;866&Prime; img_size=&nbsp;&raquo;150&#215;150&Prime;][\/vc_column][vc_column width=&nbsp;&raquo;3\/4&Prime;][vc_empty_space height=&nbsp;&raquo;50&Prime;][vc_custom_heading text=&nbsp;&raquo;\u00c2me Textile&nbsp;&raquo; font_container=&nbsp;&raquo;tag:h3|text_align:left&nbsp;&raquo; google_fonts=&nbsp;&raquo;font_family:Open%20Sans%3A300%2C300italic%2Cregular%2Citalic%2C600%2C600italic%2C700%2C700italic%2C800%2C800italic|font_style:400%20regular%3A400%3Anormal&nbsp;&raquo;][\/vc_column][\/vc_row][vc_row][vc_column][vc_column_text]\n<table id=\"tablepress-Z042F\" class=\"tablepress tablepress-id-Z042F\">\n<thead>\n<tr class=\"row-1\">\n\t<th class=\"column-1\">\u00d8 mm<\/th><th class=\"column-2\">P.S. kg \/ m<\/th><th class=\"column-3\">C.R.M. kN\t<\/th><th class=\"column-4\">C.R.M. kg<\/th>\n<\/tr>\n<\/thead>\n<tbody class=\"row-striping row-hover\">\n<tr class=\"row-2\">\n\t<td class=\"column-1\">2<\/td><td class=\"column-2\">0,0143<\/td><td class=\"column-3\">2,4<\/td><td class=\"column-4\">245<\/td>\n<\/tr>\n<tr class=\"row-3\">\n\t<td class=\"column-1\">3<\/td><td class=\"column-2\">0,0322<\/td><td class=\"column-3\">5,3<\/td><td class=\"column-4\">540<\/td>\n<\/tr>\n<tr class=\"row-4\">\n\t<td class=\"column-1\">4<\/td><td class=\"column-2\">0,0572<\/td><td class=\"column-3\">9,4<\/td><td class=\"column-4\">958<\/td>\n<\/tr>\n<tr class=\"row-5\">\n\t<td class=\"column-1\">5<\/td><td class=\"column-2\">0,0894<\/td><td class=\"column-3\">14,7<\/td><td class=\"column-4\">1.498<\/td>\n<\/tr>\n<tr class=\"row-6\">\n\t<td class=\"column-1\">6<\/td><td class=\"column-2\">0,1290<\/td><td class=\"column-3\">21,1<\/td><td class=\"column-4\">2.151<\/td>\n<\/tr>\n<tr class=\"row-7\">\n\t<td class=\"column-1\">7<\/td><td class=\"column-2\">0,1750<\/td><td class=\"column-3\">28,8<\/td><td class=\"column-4\">2.936<\/td>\n<\/tr>\n<tr class=\"row-8\">\n\t<td class=\"column-1\">8<\/td><td class=\"column-2\">0,2290<\/td><td class=\"column-3\">37,6<\/td><td class=\"column-4\">3.833<\/td>\n<\/tr>\n<\/tbody>\n<\/table>\n<!-- #tablepress-Z042F from cache --> \u00a0 [\/vc_column_text][\/vc_column][\/vc_row][vc_row][vc_column][vc_cta_button2 h2=&nbsp;&raquo;&nbsp;&raquo; h4=&nbsp;&raquo;Pour plus d&rsquo;informations sur nos produits&nbsp;&raquo; style=&nbsp;&raquo;square&nbsp;&raquo; txt_align=&nbsp;&raquo;center&nbsp;&raquo; title=&nbsp;&raquo;CONTACTEZ NOUS&nbsp;&raquo; color=&nbsp;&raquo;mulled_wine&nbsp;&raquo; position=&nbsp;&raquo;bottom&nbsp;&raquo; link=&nbsp;&raquo;url:%2Ffr%2Fcontact%2F|title:Contact|&nbsp;&raquo; accent_color=&nbsp;&raquo;#fcde49&Prime;][\/vc_cta_button2][\/vc_column][\/vc_row]\n","protected":false},"excerpt":{"rendered":"<p>[vc_row][vc_column][vc_column_text] C\u00e2ble acier galvanis\u00e9, 6\u00d77+FC Caract\u00e9ristiques C\u00e2ble standard \u00e0 6 torons x 7 fils. Ce c\u00e2ble est form\u00e9 de 6 torons externes de 7 fils chacun, avec \u00e2me en fibre textile. R\u00e9sistance 1770 N\/mm\u00b2. Diam\u00e8tres les plus communs de 1 mm \u00e0 10 mm. C\u00e2ble \u00e0 torons avec bonne souplesse \/ r\u00e9sistance. Construction type standard&#8230;<\/p>\n","protected":false},"author":1,"featured_media":0,"parent":0,"menu_order":0,"comment_status":"closed","ping_status":"closed","template":"","meta":{"footnotes":""},"class_list":["post-1694","page","type-page","status-publish","hentry"],"aioseo_notices":[],"_links":{"self":[{"href":"https:\/\/www.santinifuni.com\/fr\/wp-json\/wp\/v2\/pages\/1694"}],"collection":[{"href":"https:\/\/www.santinifuni.com\/fr\/wp-json\/wp\/v2\/pages"}],"about":[{"href":"https:\/\/www.santinifuni.com\/fr\/wp-json\/wp\/v2\/types\/page"}],"author":[{"embeddable":true,"href":"https:\/\/www.santinifuni.com\/fr\/wp-json\/wp\/v2\/users\/1"}],"replies":[{"embeddable":true,"href":"https:\/\/www.santinifuni.com\/fr\/wp-json\/wp\/v2\/comments?post=1694"}],"version-history":[{"count":0,"href":"https:\/\/www.santinifuni.com\/fr\/wp-json\/wp\/v2\/pages\/1694\/revisions"}],"wp:attachment":[{"href":"https:\/\/www.santinifuni.com\/fr\/wp-json\/wp\/v2\/media?parent=1694"}],"curies":[{"name":"wp","href":"https:\/\/api.w.org\/{rel}","templated":true}]}}